{"id":6700,"date":"2024-05-06T14:32:43","date_gmt":"2024-05-06T12:32:43","guid":{"rendered":"https:\/\/laltrefestival.cat\/?page_id=6700"},"modified":"2024-05-07T22:00:38","modified_gmt":"2024-05-07T20:00:38","slug":"prensa-2024","status":"publish","type":"page","link":"https:\/\/laltrefestival.cat\/es\/prensa-2024\/","title":{"rendered":"Prensa 2024"},"content":{"rendered":"<div class=\"bt_rc_container\"><section id=\"bt_section69e730d3efa77\" data-parallax=\"0.1\" data-parallax-offset=\"0\" class=\"boldSection topExtraSpaced bottomSpaced btDarkSkin gutter btBottomVertical btParallax wBackground cover\" style=\"background-image:url('https:\/\/laltrefestival.cat\/wp-content\/uploads\/2024\/04\/portada-2-web-scaled.jpg');\"><div class=\"port\"><div class=\"boldCell\"><div class=\"boldCellInner\"><div class=\"boldRow \" ><div class=\"boldRowInner\"><div class=\"rowItem col-md-12 col-ms-12  btTextLeft inherit\"  data-width=\"12\"><div class=\"rowItemContent\" ><header class=\"header btClear large btDash bottomDash\" ><div class=\"btSuperTitle\">BARCELONA<\/div><div class=\"dash\"><h2><span class=\"headline\">Prensa<\/span><\/h2><\/div><div class=\"btSubTitle\">31\/05 &#8211; 2\/06<\/div><\/header><\/div><\/div><\/div><\/div><\/div><\/div><\/div><\/section><section id=\"bt_section69e730d3eff9b\" data-parallax=\"0.1\" data-parallax-offset=\"0\" class=\"boldSection topSpaced bottomSemiSpaced gutter inherit btParallax\" style=\"background-color:#ffffff;\"><div class=\"port\"><div class=\"boldCell\"><div class=\"boldCellInner\"><div class=\"boldRow \" ><div class=\"boldRowInner\"><div class=\"rowItem col-md-4 col-ms-12 btTextLeft animate animate-fadein inherit btNoPadding\"  data-width=\"4\"><div class=\"rowItemContent\" ><div class=\"bpgPhoto \" > \r\n\t\t\t\t\t<a href=\"https:\/\/laltrefestival.cat\/es\/programacion-2024\/\" target=\"_self\"><\/a>\r\n\t\t\t\t\t<div class=\"boldPhotoBox\"><div class=\"bpbItem\"><div class=\"btImage\"><img decoding=\"async\" src=\"https:\/\/laltrefestival.cat\/wp-content\/uploads\/2024\/05\/Cartell-lAltre-2024-1.jpg\" alt=\"https:\/\/laltrefestival.cat\/wp-content\/uploads\/2024\/05\/Cartell-lAltre-2024-1.jpg\"><\/div><\/div><\/div>\r\n\t\t\t\t\t<div class=\"captionPane btDarkSkin\">\r\n\t\t\t\t\t\t<div class=\"captionTable\">\r\n\t\t\t\t\t\t\t<div class=\"captionCell\">\r\n\t\t\t\t\t\t\t\t<div class=\"captionTxt\"><\/div>\r\n\t\t\t\t\t\t\t<\/div>\r\n\t\t\t\t\t\t<\/div>\r\n\t\t\t\t\t<\/div><\/div><\/div><\/div><div class=\"rowItem col-md-8 col-ms-12 btTextLeft inherit btDoublePadding\"  data-width=\"8\"><div class=\"rowItemContent\" ><header class=\"header btClear extralarge btDash bottomDash\" ><div class=\"btSuperTitle\">Nota de <\/div><div class=\"dash\"><h1><span class=\"headline\">prensa<\/span><\/h1><\/div><div class=\"btSubTitle\">Qui\u00e9n eres, Altre? Eres tu? Soy yo? Es tu gato que te est\u00e1 mirando fijamente ahora mismo? Soc una mica Tu ets una mica Som una mica Altres, no? Qu\u00e9 l\u00edo! En diez a\u00f1os hemos descubierto juntas Altres formatos esc\u00e9nicos y Altres miradas sobre la salud mental. Hemos creado mucha ficci\u00f3n y alguna realidad. Nos hemos puesto la piel de los y las Altres, dentro y fuera del escenario.<\/div><\/header><div class=\"btClear btSeparator topExtraSmallSpaced noBorder\" ><hr><\/div><div class=\"btText\" ><p>Bienvenida a<strong> l\u2019Altre Festival Internacional de Artes Esc\u00e9nicas y Salud Mental.<\/strong> El primer festival de teatro, danza, m\u00fasica, poes\u00eda y nuevos formatos esc\u00e9nicos con espect\u00e1culos que visibilizan propuestas art\u00edsticas creadas y\/o protagonizadas por personas con problemas de salud mental y sin, y las que reflexionan sobre la salud mental.<\/p>\n<p style=\"text-align: center;\"><strong>Porque la salud mental es cosa de todas.\u00a0<\/strong><\/p>\n<p>En sus nueve ediciones, el festival ha visitado diferentes lugares emblem\u00e1ticos de Barcelona, Manresa y Rosario (Argentina), con la participaci\u00f3n de m\u00e1s de 20.000 espectadores, 1.500 artistas y 110 compa\u00f1\u00edas. Algunos nombres que han pasado por l&#8217;Altre Festival son Joan Manuel Serrat, James Rhodes, Toni Mira, Marta Carrasco, Los Galindos, Stalker Teatro, Pallapupas, Accademia della Follia, Teatro do Mar, cabosanroque y Marc Lockyer ATC Company, entre otros.<\/p>\n<p>En su d\u00e9cima edici\u00f3n, el festival vuelve a abrir puertas en el recinto Fabra i Coats del <strong>31 de mayo al 2 de junio de 2024<\/strong> con m\u00e1s de 30 espect\u00e1culos para descubrir lxs Altres.<\/p>\n<\/div><\/div><\/div><\/div><\/div><div class=\"boldRow \" ><div class=\"boldRowInner\"><div class=\"rowItem col-md-12 col-ms-12  btTextLeft\"  data-width=\"12\"><div class=\"rowItemContent\" ><div class=\"btClear btSeparator topSemiSpaced noBorder\" ><hr><\/div><\/div><\/div><\/div><\/div><div class=\"boldRow \" ><div class=\"boldRowInner\"><div class=\"rowItem col-md-4 col-ms-12 btTextLeft animate animate-fadein inherit\"  data-width=\"4\"><div class=\"rowItemContent\" ><div class=\"btClear btSeparator topSemiSpaced noBorder\" ><hr><\/div><header class=\"header btClear medium btDash bottomDash\" ><div class=\"btSuperTitle\">INAUGURACI\u00d3N<\/div><div class=\"dash\"><h3><span class=\"headline\">31 DE MAYO<\/span><\/h3><\/div><\/header><div class=\"btText\" ><p><strong><a href=\"https:\/\/bpo.cat\/\">Balkan Paradise Orchestra<\/a>, <a href=\"https:\/\/www.instagram.com\/gggg.group\/\">GGGG group<\/a><\/strong> y <a href=\"https:\/\/pedrostrukelj.com\/\"><strong>Pedro Strukelj<\/strong><\/a> inauguran <a href=\"https:\/\/laltrefestival.cat\/\"><strong>l&#8217;Altre Festival 2024<\/strong><\/a>, Balkan Paradise Orchestra nace en 2015 en las calles de Barcelona. Sus composiciones mezclan diferentes ritmos y tradiciones del mundo, obteniendo como resultado una m\u00fasica ecl\u00e9ctica y festiva. El GGGG group nace en el mismo a\u00f1o que las Balkan Paradise Orchestra y l&#8217;Altre Festival. Una buena excusa para subir al escenario con su ARTrE, \u00abArt sorgit en temps de recuperaci\u00f3 emocional.\u00bb El dibujante Pedro Strukelj naci\u00f3 un poco antes pero recuerda aquel verano del 2015 como un renacimiento. Una intervenci\u00f3n art\u00edstica con un buen ritmo y muchos colores para celebrar los 10 a\u00f1os de vida.<\/p>\n<\/div><\/div><\/div><div class=\"rowItem col-md-4 col-ms-12 btTextLeft animate animate-fadein inherit\"  data-width=\"4\"><div class=\"rowItemContent\" ><div class=\"btClear btSeparator topSemiSpaced noBorder\" ><hr><\/div><header class=\"header btClear medium btDash bottomDash\" ><div class=\"btSuperTitle\">TEATRO DE LOS INVISIBLES, KOLEKTIV NESLADIM&#8230;<\/div><div class=\"dash\"><h3><span class=\"headline\">1 DE JUNIO<\/span><\/h3><\/div><\/header><div class=\"btText\" ><p><a href=\"https:\/\/teatrodelosinvisibles.wordpress.com\/#:~:text=Teatro%20de%20los%20Invisibles%20es,rechazo%20en%20cercan%C3%ADa%20y%20comprensi%C3%B3n.\"><strong>El Teatro de los Invisibles<\/strong><\/a> de Madrid muestra su espect\u00e1culo <em>Contenci\u00f3n mec\u00e1nica<\/em> para denunciar la violencia psiqui\u00e1trica, poniendo la mirada en una pr\u00e1ctica que contin\u00faa siendo habitual a las plantas de psiquiatr\u00eda: ligar las personas a la cama usando correas. Vuelve el <strong>Temps de dansa<\/strong>. Siete compa\u00f1\u00edas de danza profesional y aficionadas, entre ellas <b><a href=\"https:\/\/www.instagram.com\/manuel.monro\/\">La Tulpa<\/a>, <\/b><a href=\"https:\/\/www.instagram.com\/hanami.danza\/\"><strong>Hanami Danza,<\/strong><\/a> formaran parte de la programaci\u00f3n. Durante la ma\u00f1ana se organiza la <strong>Anticursa de Diversidad<\/strong>, un espacio familiar de juegos sobre la diversidad para ponerse en la piel de las otras personas, en colaboraci\u00f3n con el <strong>Festival FAACCC<\/strong> y el programa de <strong><a href=\"https:\/\/ajuntament.barcelona.cat\/infancia\/es\/canal\/programa-patis-oberts\">Patis Oberts de l&#8217;Ajuntament de Barcelona.<\/a><\/strong><\/p>\n<\/div><\/div><\/div><div class=\"rowItem col-md-4 col-ms-12 btTextLeft animate animate-fadein inherit\"  data-width=\"4\"><div class=\"rowItemContent\" ><div class=\"btClear btSeparator topSemiSpaced noBorder\" ><hr><\/div><header class=\"header btClear medium btDash bottomDash\" ><div class=\"btSuperTitle\">BERTA GIRAUT, SALA LA PLANETA&#8230;<\/div><div class=\"dash\"><h3><span class=\"headline\">2 DE JUNIO<\/span><\/h3><\/div><\/header><div class=\"btText\" ><p>El domingo <a href=\"https:\/\/www.laplaneta.cat\/ca\/programacio\/c\/1377-a-la-deriva.html\"><strong>Marta Montiel, Elies Barber\u00e0 y Lara D\u00edez Quintanilla<\/strong><\/a> presentan su espect\u00e1culo <em>A la deriva<\/em> que parte de entrevistas a personas y a familiares que han vivido ingresos psiqui\u00e1tricos a lo largo de las \u00faltimas d\u00e9cadas en diferentes lugares de nuestro territorio. <a href=\"https:\/\/twitter.com\/berta_giraut?lang=es\"><strong>Berta Giraut<\/strong><\/a> y la compa\u00f1\u00eda<strong> lamevavombra<\/strong> estrenan su espect\u00e1culo <em>Que juguin, que juguin<\/em>, una producci\u00f3n de l&#8217;Altre Festival, donde seis adultos juegan cuando ya no les toca jugar. Vuelve el espacio para <strong>Dones i Salut Mental<\/strong>, con la cantante <strong>Laia Leal<\/strong> y su proyecto musical m\u00e1s personal <a href=\"https:\/\/www.acqustic.com\/strangers\/\"><strong>Strangers<\/strong><\/a>, la compa\u00f1\u00eda de danza de mujeres entre 55 a 85 a\u00f1os <strong>Porque Yo Lo Bailo<\/strong> y el <strong><a href=\"https:\/\/www.theatreofyes.com\/ca\/inici\/\">Teatro del S\u00ed.<\/a><\/strong><\/p>\n<\/div><\/div><\/div><\/div><\/div><div class=\"boldRow \" ><div class=\"boldRowInner\"><div class=\"rowItem col-md-12 col-ms-12  btTextLeft\"  data-width=\"12\"><div class=\"rowItemContent\" ><div class=\"btClear btSeparator topSmallSpaced noBorder\" ><hr><\/div><\/div><\/div><\/div><\/div><\/div><\/div><\/div><\/section><section id=\"bt_section69e730d3f1bf0\" data-parallax=\"0.1\" data-parallax-offset=\"0\" class=\"boldSection topSpaced bottomSemiSpaced gutter inherit btParallax\" style=\"background-color:#ffffff;\"><div class=\"port\"><div class=\"boldCell\"><div class=\"boldCellInner\"><div class=\"boldRow \" ><div class=\"boldRowInner\"><div class=\"rowItem col-md-6 col-sm-12 btTextLeft animate animate-fadein inherit btDoublePadding\"  data-width=\"6\"><div class=\"rowItemContent\" ><div class=\"btClear btSeparator topExtraSmallSpaced noBorder\" ><hr><\/div><div class=\"btText\" ><h3>POR QU\u00c9 L&#8217;ALTRE FESTIVAL?<\/h3>\n<p>Uno de los objetivos principales de l&#8217;Altre Festival es fomentar la accesibilidad y la diversidad en el mundo cultural y art\u00edstico, pero no solo al patio de butacas, sino tambi\u00e9n en los roles de creadores esc\u00e9nicos, int\u00e9rpretes, gestoras, t\u00e9cnicas y m\u00e1s. La cultura necesita nuevos interlocutores y ser m\u00e1s representativa de la sociedad en su conjunto. Para poder conseguirlo, necesita acercarse a la ciudadan\u00eda, explorar nuevos formatos, abrirse a nuevas perspectivas y tomar riesgos.<\/p>\n<p style=\"text-align: center;\"><strong>Porque la cultura es de todas.<\/strong><\/p>\n<\/div><div class=\"btClear btSeparator topSmallSpaced noBorder\" ><hr><\/div><\/div><\/div><div class=\"rowItem col-md-6 col-sm-12 btTextLeft inherit btDoublePadding\"  data-width=\"6\"><div class=\"rowItemContent\" ><div class=\"btText\" ><p><iframe loading=\"lazy\" title=\"L&#039;Altre Festival Internacional d&#039;Arts Esc\u00e8niques i Salut Mental 2024\" width=\"1200\" height=\"675\" src=\"https:\/\/www.youtube.com\/embed\/fqKg7n4zojs?feature=oembed\" frameborder=\"0\" allow=\"accelerometer; autoplay; clipboard-write; encrypted-media; gyroscope; picture-in-picture; web-share\" referrerpolicy=\"strict-origin-when-cross-origin\" allowfullscreen><\/iframe><\/p>\n<\/div><\/div><\/div><\/div><\/div><\/div><\/div><\/div><\/section><section id=\"bt_section69e730d3f21b4\" data-parallax=\"0.1\" data-parallax-offset=\"0\" class=\"boldSection topSpaced bottomSemiSpaced gutter inherit btParallax\" style=\"background-color:#ffffff;\"><div class=\"port\"><div class=\"boldCell\"><div class=\"boldCellInner\"><div class=\"boldRow \" ><div class=\"boldRowInner\"><div class=\"rowItem col-md-12 col-ms-12  btTextLeft animate animate-fadein inherit btDoublePadding\"  data-width=\"12\"><div class=\"rowItemContent\" ><div class=\"tilesWall btGridGallery tiled  btGridGap-2 lightbox\" data-col=\"3\"><div class=\"gridSizer\"><\/div><div class=\"gridItem btGhostSliderThumb bt11\" data-order-num=\"0\"><div class=\"btTileBox\"><div class=\"bpgPhoto \" > \r\n\t\t\t\t\t<a href=\"Creaci\u00f3 col\u00b7lectiva de la campanya de comunicaci\u00f3\" target=\"_blank\"><\/a>\r\n\t\t\t\t\t<div class=\"boldPhotoBox\"><div class=\"bpbItem\"><div class=\"btImage\"><img decoding=\"async\" src=\"https:\/\/laltrefestival.cat\/wp-content\/uploads\/2024\/05\/Cartell-lAltre-2024-xxss-540x540.jpg\" alt=\"https:\/\/laltrefestival.cat\/wp-content\/uploads\/2024\/05\/Cartell-lAltre-2024-xxss-540x540.jpg\"><\/div><\/div><\/div>\r\n\t\t\t\t\t<div class=\"captionPane btDarkSkin\">\r\n\t\t\t\t\t\t<div class=\"captionTable\">\r\n\t\t\t\t\t\t\t<div class=\"captionCell\">\r\n\t\t\t\t\t\t\t\t<div class=\"captionTxt\"><\/div>\r\n\t\t\t\t\t\t\t<\/div>\r\n\t\t\t\t\t\t<\/div>\r\n\t\t\t\t\t<\/div><\/div><\/div><\/div><div class=\"gridItem btGhostSliderThumb bt11\" data-order-num=\"1\"><div class=\"btTileBox\"><div class=\"bpgPhoto \" > \r\n\t\t\t\t\t<a href=\" explorant l'Alteritat: dirigida per Pedro Strukelj\" target=\"_blank\"><\/a>\r\n\t\t\t\t\t<div class=\"boldPhotoBox\"><div class=\"bpbItem\"><div class=\"btImage\"><img decoding=\"async\" src=\"https:\/\/laltrefestival.cat\/wp-content\/uploads\/2024\/04\/Foto-BPO-By-Xevi-Abril-02-Baja-540x540.jpg\" alt=\"https:\/\/laltrefestival.cat\/wp-content\/uploads\/2024\/04\/Foto-BPO-By-Xevi-Abril-02-Baja-540x540.jpg\"><\/div><\/div><\/div>\r\n\t\t\t\t\t<div class=\"captionPane btDarkSkin\">\r\n\t\t\t\t\t\t<div class=\"captionTable\">\r\n\t\t\t\t\t\t\t<div class=\"captionCell\">\r\n\t\t\t\t\t\t\t\t<div class=\"captionTxt\"><\/div>\r\n\t\t\t\t\t\t\t<\/div>\r\n\t\t\t\t\t\t<\/div>\r\n\t\t\t\t\t<\/div><\/div><\/div><\/div><div class=\"gridItem btGhostSliderThumb bt11\" data-order-num=\"2\"><div class=\"btTileBox\"><div class=\"bpgPhoto \" > \r\n\t\t\t\t\t<a href=\" Dami\u00e0 Mathews i GGGG group Balkan Paradise Orchestra Sala La Planeta Teatro de los Invisibles lamevavombra Strangers\" target=\"_blank\"><\/a>\r\n\t\t\t\t\t<div class=\"boldPhotoBox\"><div class=\"bpbItem\"><div class=\"btImage\"><img decoding=\"async\" src=\"https:\/\/laltrefestival.cat\/wp-content\/uploads\/2024\/04\/A-la-deriva-autoria-Silvia-Poch-540x540.jpg\" alt=\"https:\/\/laltrefestival.cat\/wp-content\/uploads\/2024\/04\/A-la-deriva-autoria-Silvia-Poch-540x540.jpg\"><\/div><\/div><\/div>\r\n\t\t\t\t\t<div class=\"captionPane btDarkSkin\">\r\n\t\t\t\t\t\t<div class=\"captionTable\">\r\n\t\t\t\t\t\t\t<div class=\"captionCell\">\r\n\t\t\t\t\t\t\t\t<div class=\"captionTxt\"><\/div>\r\n\t\t\t\t\t\t\t<\/div>\r\n\t\t\t\t\t\t<\/div>\r\n\t\t\t\t\t<\/div><\/div><\/div><\/div><div class=\"gridItem btGhostSliderThumb bt11\" data-order-num=\"3\"><div class=\"btTileBox\"><div class=\"bpgPhoto \" > \r\n\t\t\t\t\t<a href=\"https:\/\/laltrefestival.cat\/wp-content\/uploads\/2024\/04\/CONTENCION-MECANICA_Jessica-Burgos2-1-scaled.jpg\" class=\"lightbox\" data-title=\"\"><\/a>\r\n\t\t\t\t\t<div class=\"boldPhotoBox\"><div class=\"bpbItem\"><div class=\"btImage\"><img decoding=\"async\" src=\"https:\/\/laltrefestival.cat\/wp-content\/uploads\/2024\/04\/CONTENCION-MECANICA_Jessica-Burgos2-1-540x540.jpg\" alt=\"https:\/\/laltrefestival.cat\/wp-content\/uploads\/2024\/04\/CONTENCION-MECANICA_Jessica-Burgos2-1-540x540.jpg\"><\/div><\/div><\/div>\r\n\t\t\t\t\t<div class=\"captionPane btDarkSkin\">\r\n\t\t\t\t\t\t<div class=\"captionTable\">\r\n\t\t\t\t\t\t\t<div class=\"captionCell\">\r\n\t\t\t\t\t\t\t\t<div class=\"captionTxt\"><\/div>\r\n\t\t\t\t\t\t\t<\/div>\r\n\t\t\t\t\t\t<\/div>\r\n\t\t\t\t\t<\/div><\/div><\/div><\/div><div class=\"gridItem btGhostSliderThumb bt11\" data-order-num=\"4\"><div class=\"btTileBox\"><div class=\"bpgPhoto \" > \r\n\t\t\t\t\t<a href=\"https:\/\/laltrefestival.cat\/wp-content\/uploads\/2024\/04\/SesionFotografica_-35-scaled.jpg\" class=\"lightbox\" data-title=\"\"><\/a>\r\n\t\t\t\t\t<div class=\"boldPhotoBox\"><div class=\"bpbItem\"><div class=\"btImage\"><img decoding=\"async\" src=\"https:\/\/laltrefestival.cat\/wp-content\/uploads\/2024\/04\/SesionFotografica_-35-540x540.jpg\" alt=\"https:\/\/laltrefestival.cat\/wp-content\/uploads\/2024\/04\/SesionFotografica_-35-540x540.jpg\"><\/div><\/div><\/div>\r\n\t\t\t\t\t<div class=\"captionPane btDarkSkin\">\r\n\t\t\t\t\t\t<div class=\"captionTable\">\r\n\t\t\t\t\t\t\t<div class=\"captionCell\">\r\n\t\t\t\t\t\t\t\t<div class=\"captionTxt\"><\/div>\r\n\t\t\t\t\t\t\t<\/div>\r\n\t\t\t\t\t\t<\/div>\r\n\t\t\t\t\t<\/div><\/div><\/div><\/div><div class=\"gridItem btGhostSliderThumb bt11\" data-order-num=\"5\"><div class=\"btTileBox\"><div class=\"bpgPhoto \" > \r\n\t\t\t\t\t<a href=\"https:\/\/laltrefestival.cat\/wp-content\/uploads\/2024\/04\/IMG_20240307_231019.jpg\" class=\"lightbox\" data-title=\"\"><\/a>\r\n\t\t\t\t\t<div class=\"boldPhotoBox\"><div class=\"bpbItem\"><div class=\"btImage\"><img decoding=\"async\" src=\"https:\/\/laltrefestival.cat\/wp-content\/uploads\/2024\/04\/IMG_20240307_231019.jpg\" alt=\"https:\/\/laltrefestival.cat\/wp-content\/uploads\/2024\/04\/IMG_20240307_231019.jpg\"><\/div><\/div><\/div>\r\n\t\t\t\t\t<div class=\"captionPane btDarkSkin\">\r\n\t\t\t\t\t\t<div class=\"captionTable\">\r\n\t\t\t\t\t\t\t<div class=\"captionCell\">\r\n\t\t\t\t\t\t\t\t<div class=\"captionTxt\"><\/div>\r\n\t\t\t\t\t\t\t<\/div>\r\n\t\t\t\t\t\t<\/div>\r\n\t\t\t\t\t<\/div><\/div><\/div><\/div><\/div><div class=\"btClear btSeparator topSmallSpaced noBorder\" ><hr><\/div><\/div><\/div><\/div><\/div><\/div><\/div><\/div><\/section><section id=\"bt_section69e730d40290d\" data-parallax=\"0.1\" data-parallax-offset=\"0\" class=\"boldSection topSpaced bottomSemiSpaced gutter inherit btParallax\" style=\"background-color:#ffffff;\"><div class=\"port\"><div class=\"boldCell\"><div class=\"boldCellInner\"><div class=\"boldRow \" ><div class=\"boldRowInner\"><div class=\"rowItem col-md-12 col-ms-12  btTextLeft animate animate-fadein inherit btDoublePadding\"  data-width=\"12\"><div class=\"rowItemContent\" ><header class=\"header btClear medium btDash bottomDash\" ><div class=\"btSuperTitle\">M\u00e1s<\/div><div class=\"dash\"><h3><span class=\"headline\">informaci\u00f3n<\/span><\/h3><\/div><div class=\"btSubTitle\">Martina Cumova 669 91 02 18 comunica@laltrefestival.cat<\/div><\/header><\/div><\/div><\/div><\/div><\/div><\/div><\/div><\/section><\/div>","protected":false},"excerpt":{"rendered":"","protected":false},"author":1,"featured_media":0,"parent":0,"menu_order":0,"comment_status":"closed","ping_status":"closed","template":"","meta":{"footnotes":""},"class_list":["post-6700","page","type-page","status-publish","hentry"],"aioseo_notices":[],"_links":{"self":[{"href":"https:\/\/laltrefestival.cat\/es\/wp-json\/wp\/v2\/pages\/6700","targetHints":{"allow":["GET"]}}],"collection":[{"href":"https:\/\/laltrefestival.cat\/es\/wp-json\/wp\/v2\/pages"}],"about":[{"href":"https:\/\/laltrefestival.cat\/es\/wp-json\/wp\/v2\/types\/page"}],"author":[{"embeddable":true,"href":"https:\/\/laltrefestival.cat\/es\/wp-json\/wp\/v2\/users\/1"}],"replies":[{"embeddable":true,"href":"https:\/\/laltrefestival.cat\/es\/wp-json\/wp\/v2\/comments?post=6700"}],"version-history":[{"count":12,"href":"https:\/\/laltrefestival.cat\/es\/wp-json\/wp\/v2\/pages\/6700\/revisions"}],"predecessor-version":[{"id":6784,"href":"https:\/\/laltrefestival.cat\/es\/wp-json\/wp\/v2\/pages\/6700\/revisions\/6784"}],"wp:attachment":[{"href":"https:\/\/laltrefestival.cat\/es\/wp-json\/wp\/v2\/media?parent=6700"}],"curies":[{"name":"wp","href":"https:\/\/api.w.org\/{rel}","templated":true}]}}