{"id":4997,"date":"2023-11-29T13:03:41","date_gmt":"2023-11-29T11:03:41","guid":{"rendered":"https:\/\/laltrefestival.cat\/?page_id=4997"},"modified":"2023-11-29T13:03:41","modified_gmt":"2023-11-29T11:03:41","slug":"laltre-2024","status":"publish","type":"page","link":"https:\/\/laltrefestival.cat\/es\/laltre-2024\/","title":{"rendered":"L&#8217;Altre 2024"},"content":{"rendered":"<div class=\"bt_rc_container\"><section id=\"bt_section69d77ccf52ff2\"  class=\"boldSection topExtraSpaced bottomSpaced btDarkSkin gutter fullScreenHeight btBottomVertical wBackground cover\" style=\"background-image:url('https:\/\/laltrefestival.cat\/wp-content\/uploads\/2023\/10\/BEMEN-3-2-scaled-e1698402842816.jpg');\" data-animation=\"31\" data-animation-back=\"30\"><div class=\"port\"><div class=\"boldCell\"><div class=\"boldCellInner\"><div class=\"boldRow \" ><div class=\"boldRowInner\"><div class=\"rowItem col-md-12 col-ms-12  btTextLeft animate animate-fadein inherit\"  data-width=\"12\"><div class=\"rowItemContent\" ><header class=\"header btClear large btDash bottomDash\" ><div class=\"btSuperTitle\">RECINTO FABRA I COATS, BARCELONA<\/div><div class=\"dash\"><h2><span class=\"headline\">10\u00aa edici\u00f3n<\/span><\/h2><\/div><div class=\"btSubTitle\">Del 31 de mayo al 2 de junio de 2024 <\/div><\/header><\/div><\/div><\/div><\/div><\/div><\/div><\/div><\/section><section id=\"bt_section69d77ccf5331c\"  class=\"boldSection topExtraSpaced bottomSpaced btDarkSkin gutter btBottomVertical bt_yt_video\"  data-property=\"{videoURL:'https:\/\/www.youtube.com\/watch?v=tn_nWsjjXIg',containment:'self',showControls:false,showYTLogo:false,mute:true,stopMovieOnBlur:false,opacity:1}\"><div class=\"port\"><div class=\"boldCell\"><div class=\"boldCellInner\"><div class=\"boldRow \" ><div class=\"boldRowInner\"><div class=\"rowItem col-md-6 col-sm-12 btTextLeft animate animate-fadein inherit\"  data-width=\"6\"><div class=\"rowItemContent\" ><header class=\"header btClear extralarge btDash bottomDash\" ><div class=\"btSuperTitle\">Participa en<\/div><div class=\"dash\"><h1><span class=\"headline\">L&#8217;Altre Festival 2024<\/span><\/h1><\/div><div class=\"btSubTitle\">Un festival internacional de artes esc\u00e9nicas y salud mental en Barcelona. M\u00e1s de 35 propuestas de teatro, circo, danza, m\u00fasica y nuevos formatos esc\u00e9nicos relacionados con la salud mental. <\/div><\/header><div class=\"btClear btSeparator topSemiSpaced noBorder visible-xs visible-ms\" ><hr><\/div><\/div><\/div><div class=\"rowItem col-md-6 col-sm-12 btTextLeft\"  data-width=\"6\"><div class=\"rowItemContent\" ><\/div><\/div><\/div><\/div><\/div><\/div><\/div><\/section><\/div>","protected":false},"excerpt":{"rendered":"","protected":false},"author":1,"featured_media":0,"parent":0,"menu_order":0,"comment_status":"closed","ping_status":"closed","template":"","meta":{"footnotes":""},"class_list":["post-4997","page","type-page","status-publish","hentry"],"aioseo_notices":[],"_links":{"self":[{"href":"https:\/\/laltrefestival.cat\/es\/wp-json\/wp\/v2\/pages\/4997","targetHints":{"allow":["GET"]}}],"collection":[{"href":"https:\/\/laltrefestival.cat\/es\/wp-json\/wp\/v2\/pages"}],"about":[{"href":"https:\/\/laltrefestival.cat\/es\/wp-json\/wp\/v2\/types\/page"}],"author":[{"embeddable":true,"href":"https:\/\/laltrefestival.cat\/es\/wp-json\/wp\/v2\/users\/1"}],"replies":[{"embeddable":true,"href":"https:\/\/laltrefestival.cat\/es\/wp-json\/wp\/v2\/comments?post=4997"}],"version-history":[{"count":1,"href":"https:\/\/laltrefestival.cat\/es\/wp-json\/wp\/v2\/pages\/4997\/revisions"}],"predecessor-version":[{"id":5007,"href":"https:\/\/laltrefestival.cat\/es\/wp-json\/wp\/v2\/pages\/4997\/revisions\/5007"}],"wp:attachment":[{"href":"https:\/\/laltrefestival.cat\/es\/wp-json\/wp\/v2\/media?parent=4997"}],"curies":[{"name":"wp","href":"https:\/\/api.w.org\/{rel}","templated":true}]}}