{"id":4694,"date":"2023-06-05T11:30:52","date_gmt":"2023-06-05T09:30:52","guid":{"rendered":"https:\/\/laltrefestival.cat\/?page_id=4694"},"modified":"2023-12-17T17:46:29","modified_gmt":"2023-12-17T15:46:29","slug":"premio-josep-clusa-2023","status":"publish","type":"page","link":"https:\/\/laltrefestival.cat\/es\/premio-josep-clusa-2023\/","title":{"rendered":"Premio Josep Clusa 2023"},"content":{"rendered":"<div class=\"bt_rc_container\"><section id=\"bt_section69d8b755c249d\" data-parallax=\"0.1\" data-parallax-offset=\"0\" class=\"boldSection topExtraSpaced bottomSpaced btDarkSkin gutter btBottomVertical btParallax wBackground cover\" style=\"background-image:url('https:\/\/laltrefestival.cat\/wp-content\/uploads\/2023\/04\/Laltre-Festival-73-min-scaled.jpg');\"><div class=\"port\"><div class=\"boldCell\"><div class=\"boldCellInner\"><div class=\"boldRow \" ><div class=\"boldRowInner\"><div class=\"rowItem col-md-12 col-ms-12  btTextLeft inherit\"  data-width=\"12\"><div class=\"rowItemContent\" ><header class=\"header btClear large btDash bottomDash\" ><div class=\"dash\"><h2><span class=\"headline\">Premio<\/span><\/h2><\/div><div class=\"btSubTitle\">Josep Clusa 2023<\/div><\/header><\/div><\/div><\/div><\/div><\/div><\/div><\/div><\/section><section id=\"bt_section69d8b755c2768\"  class=\"boldSection topSemiSpaced bottomSmallSpaced gutter inherit\" ><div class=\"port\"><div class=\"boldCell\"><div class=\"boldCellInner\"><div class=\"boldRow \" ><div class=\"boldRowInner\"><div class=\"rowItem col-md-6 col-sm-12 btTextLeft animate animate-fadein inherit\"  data-width=\"6\"><div class=\"rowItemContent\" ><header class=\"header btClear extralarge btDash bottomDash\" ><div class=\"btSuperTitle\">Premio<\/div><div class=\"dash\"><h1><span class=\"headline\">Josep Clusa 2023<\/span><\/h1><\/div><\/header><header class=\"header btClear extralarge btDash bottomDash\" ><div class=\"btSubTitle\">Desde su primera edici\u00f3n l\u2019Altre Festival otorga el Premio Josep Clusa para reconocer aquellos espect\u00e1culos, proyectos o compa\u00f1\u00edas que destacan en el \u00e1mbito de las Artes Esc\u00e9nicas y la Salud Mental. El premio Josep Clusa est\u00e1 dotado con 1.000 \u20ac, impuestos incluidos, para un \u00fanico proyecto o compa\u00f1\u00eda ganadora. Quiere reconocer a una compa\u00f1\u00eda o proyecto de artes esc\u00e9nicas que promueva alguno de los objetivos que conforman el alma de l\u2019Altre Festival:<\/div><\/header><\/div><\/div><div class=\"rowItem col-md-6 col-sm-12 btTextLeft animate animate-fadein animate-moveup inherit\"  data-width=\"6\"><div class=\"rowItemContent\" ><div class=\"bpgPhoto \" ><div class=\"btImage\"><img decoding=\"async\" src=\"https:\/\/laltrefestival.cat\/wp-content\/uploads\/2023\/05\/Laltre-Festival-38-scaled.jpg\" alt=\"https:\/\/laltrefestival.cat\/wp-content\/uploads\/2023\/05\/Laltre-Festival-38-scaled.jpg\"><\/div><\/div><\/div><\/div><\/div><\/div><\/div><\/div><\/div><\/section><section id=\"bt_section69d8b755c2ff3\"  class=\"boldSection topSmallSpaced bottomSmallSpaced gutter inherit\" ><div class=\"port\"><div class=\"boldCell\"><div class=\"boldCellInner\"><div class=\"boldRow \" ><div class=\"boldRowInner\"><div class=\"rowItem col-md-6 col-sm-12 btTextLeft animate animate-fadein inherit\"  data-width=\"6\"><div class=\"rowItemContent\" ><div class=\"btText\" ><p>1. Conseguir el <strong>bienvivir<\/strong> y la <strong>inclusi\u00f3n<\/strong> de las personas con y sin problemas de salud mental\u00a0 a trav\u00e9s de las artes esc\u00e9nicas.<\/p>\n<p>2. Dar a conocer la <strong>realidad<\/strong> de la salud mental, de manera positiva, constructiva y enriquecedora.<\/p>\n<p>3. Promover la <strong>diversidad<\/strong> y la\u00a0<b>accesibilidad<\/b> a la cultura y las artes. La participaci\u00f3n de personas con y sin problemas de salud mental\u00a0 en las compa\u00f1\u00edas abre nuevas maneras de hacer y crear lenguajes y formatos esc\u00e9nicos.<\/p>\n<\/div><div class=\"btClear btSeparator bottomSmallSpaced noBorder\" ><hr><\/div><div class=\"btClear btSeparator bottomSmallSpaced noBorder\" ><hr><\/div><div class=\"bpgPhoto \" ><div class=\"btImage\"><img decoding=\"async\" src=\"https:\/\/laltrefestival.cat\/wp-content\/uploads\/2023\/06\/Laltre-Festival-21-min-scaled.jpg\" alt=\"https:\/\/laltrefestival.cat\/wp-content\/uploads\/2023\/06\/Laltre-Festival-21-min-scaled.jpg\"><\/div><\/div><\/div><\/div><div class=\"rowItem col-md-6 col-sm-12 btTextLeft animate animate-fadein animate-moveup inherit\"  data-width=\"6\"><div class=\"rowItemContent\" ><header class=\"header btClear extralarge btDash bottomDash\" ><div class=\"btSubTitle\">Las candidaturas se pueden presentar desde el 9 de junio hasta el 29 de septiembre de 2023 hasta las 14 h. <\/div><\/header><div class=\"btClear btSeparator bottomSmallSpaced noBorder\" ><hr><\/div><a href=\"https:\/\/laltrefestival.cat\/wp-content\/uploads\/2023\/08\/bases-premio-Clusa-2023-CAST-3.pdf\" class=\"btBtn btBtn btnFilledStyle btnAccentColor btnSmall btnNormalWidth btnRightPosition btnNoIcon\" ><span class=\"btnInnerText\">BASES<\/span><\/a><div class=\"btText\" ><p>La compa\u00f1\u00eda ganadora del premio Josep Clusa 2023 es <a href=\"https:\/\/www.facebook.com\/redradamesteatroinclusivo\/?locale=es_ES\"><strong>RADAM\u00c9S &#8211; teatro inclusivo<\/strong><\/a>. Un proyecto que lleva m\u00e1s de 20 a\u00f1os en Rosario (Argentina). RADAM\u00c9S promueve, a trav\u00e9s de talleres de teatro, la creaci\u00f3n de piezas art\u00edsticas colectivas, poniendo el acento en humor, acci\u00f3n y sentido.<\/p>\n<\/div><\/div><\/div><\/div><\/div><\/div><\/div><\/div><\/section><\/div>","protected":false},"excerpt":{"rendered":"","protected":false},"author":1,"featured_media":0,"parent":0,"menu_order":0,"comment_status":"closed","ping_status":"closed","template":"","meta":{"footnotes":""},"class_list":["post-4694","page","type-page","status-publish","hentry"],"aioseo_notices":[],"_links":{"self":[{"href":"https:\/\/laltrefestival.cat\/es\/wp-json\/wp\/v2\/pages\/4694","targetHints":{"allow":["GET"]}}],"collection":[{"href":"https:\/\/laltrefestival.cat\/es\/wp-json\/wp\/v2\/pages"}],"about":[{"href":"https:\/\/laltrefestival.cat\/es\/wp-json\/wp\/v2\/types\/page"}],"author":[{"embeddable":true,"href":"https:\/\/laltrefestival.cat\/es\/wp-json\/wp\/v2\/users\/1"}],"replies":[{"embeddable":true,"href":"https:\/\/laltrefestival.cat\/es\/wp-json\/wp\/v2\/comments?post=4694"}],"version-history":[{"count":29,"href":"https:\/\/laltrefestival.cat\/es\/wp-json\/wp\/v2\/pages\/4694\/revisions"}],"predecessor-version":[{"id":5200,"href":"https:\/\/laltrefestival.cat\/es\/wp-json\/wp\/v2\/pages\/4694\/revisions\/5200"}],"wp:attachment":[{"href":"https:\/\/laltrefestival.cat\/es\/wp-json\/wp\/v2\/media?parent=4694"}],"curies":[{"name":"wp","href":"https:\/\/api.w.org\/{rel}","templated":true}]}}