{"id":3667,"date":"2023-05-04T10:08:31","date_gmt":"2023-05-04T08:08:31","guid":{"rendered":"https:\/\/laltrefestival.cat\/?page_id=3667"},"modified":"2023-05-04T10:11:41","modified_gmt":"2023-05-04T08:11:41","slug":"goteo-2023","status":"publish","type":"page","link":"https:\/\/laltrefestival.cat\/es\/goteo-2023\/","title":{"rendered":"Goteo 2023"},"content":{"rendered":"<div class=\"bt_rc_container\"><section id=\"bt_section69db95334e7e9\" data-parallax=\"0.1\" data-parallax-offset=\"0\" class=\"boldSection topExtraSpaced bottomSpaced btDarkSkin gutter btBottomVertical btParallax wBackground cover\" style=\"background-image:url('https:\/\/laltrefestival.cat\/wp-content\/uploads\/2022\/01\/10BR.jpg');\"><div class=\"port\"><div class=\"boldCell\"><div class=\"boldCellInner\"><div class=\"boldRow \" ><div class=\"boldRowInner\"><div class=\"rowItem col-md-12 col-ms-12  btTextLeft inherit\"  data-width=\"12\"><div class=\"rowItemContent\" ><header class=\"header btClear large btDash bottomDash\" ><div class=\"btSuperTitle\">Goteo<\/div><div class=\"dash\"><h2><span class=\"headline\">2023<\/span><\/h2><\/div><\/header><\/div><\/div><\/div><\/div><\/div><\/div><\/div><\/section><section id=\"bt_section69db95334ebed\"  class=\"boldSection topSemiSpaced bottomSpaced gutter inherit\" ><div class=\"port\"><div class=\"boldCell\"><div class=\"boldCellInner\"><div class=\"boldRow \" ><div class=\"boldRowInner\"><div class=\"rowItem col-md-6 col-sm-12 btTextLeft animate animate-fadein inherit\"  data-width=\"6\"><div class=\"rowItemContent\" ><header class=\"header btClear extralarge btDash bottomDash\" ><div class=\"btSuperTitle\">Campa\u00f1a de <\/div><div class=\"dash\"><h1><span class=\"headline\">GOTEO<\/span><\/h1><\/div><div class=\"btSubTitle\">A veces todas perdemos el hilo en la vida. En l&#8217;Altre Festival puedes perder el hilo y disfrutar de las artes esc\u00e9nicas y la salud mental. Del 9 al 11 de Junio volvemos a abrir puertas en el recinto Fabra i Coats, una antigua f\u00e1brica de hilos, donde transformaremos naves y plazas, creando 7 espacios esc\u00e9nicos. Participa en la campa\u00f1a de Goteo y hazlo posible! <\/div><\/header><a href=\"https:\/\/www.goteo.org\/project\/l-altre-festival-2023\" class=\"btBtn btBtn btnFilledStyle btnAccentColor btnSmall btnNormalWidth btnRightPosition btnNoIcon\" ><span class=\"btnInnerText\">GOTEO 2023<\/span><\/a><\/div><\/div><div class=\"rowItem col-md-6 col-sm-12 btTextLeft\"  data-width=\"6\"><div class=\"rowItemContent\" ><div class=\"btClear btSeparator bottomSemiSpaced noBorder\" ><hr><\/div><div class=\"btText\" ><p><iframe loading=\"lazy\" title=\"L&#039;Altre Festival 2023\" width=\"1200\" height=\"675\" src=\"https:\/\/www.youtube.com\/embed\/kberEWjTtiM?start=4&#038;feature=oembed\" frameborder=\"0\" allow=\"accelerometer; autoplay; clipboard-write; encrypted-media; gyroscope; picture-in-picture; web-share\" allowfullscreen><\/iframe><\/p>\n<\/div><\/div><\/div><\/div><\/div><\/div><\/div><\/div><\/section><\/div>","protected":false},"excerpt":{"rendered":"","protected":false},"author":1,"featured_media":0,"parent":0,"menu_order":0,"comment_status":"closed","ping_status":"closed","template":"","meta":{"footnotes":""},"class_list":["post-3667","page","type-page","status-publish","hentry"],"aioseo_notices":[],"_links":{"self":[{"href":"https:\/\/laltrefestival.cat\/es\/wp-json\/wp\/v2\/pages\/3667","targetHints":{"allow":["GET"]}}],"collection":[{"href":"https:\/\/laltrefestival.cat\/es\/wp-json\/wp\/v2\/pages"}],"about":[{"href":"https:\/\/laltrefestival.cat\/es\/wp-json\/wp\/v2\/types\/page"}],"author":[{"embeddable":true,"href":"https:\/\/laltrefestival.cat\/es\/wp-json\/wp\/v2\/users\/1"}],"replies":[{"embeddable":true,"href":"https:\/\/laltrefestival.cat\/es\/wp-json\/wp\/v2\/comments?post=3667"}],"version-history":[{"count":8,"href":"https:\/\/laltrefestival.cat\/es\/wp-json\/wp\/v2\/pages\/3667\/revisions"}],"predecessor-version":[{"id":4459,"href":"https:\/\/laltrefestival.cat\/es\/wp-json\/wp\/v2\/pages\/3667\/revisions\/4459"}],"wp:attachment":[{"href":"https:\/\/laltrefestival.cat\/es\/wp-json\/wp\/v2\/media?parent=3667"}],"curies":[{"name":"wp","href":"https:\/\/api.w.org\/{rel}","templated":true}]}}