{"id":3638,"date":"2022-12-11T16:51:25","date_gmt":"2022-12-11T14:51:25","guid":{"rendered":"https:\/\/laltrefestival.cat\/?page_id=3638"},"modified":"2022-12-11T16:51:25","modified_gmt":"2022-12-11T14:51:25","slug":"laltre-2023","status":"publish","type":"page","link":"https:\/\/laltrefestival.cat\/es\/laltre-2023\/","title":{"rendered":"L&#8217;Altre 2023"},"content":{"rendered":"<div class=\"bt_rc_container\"><section id=\"bt_section69d3ad279515b\"  class=\"boldSection topExtraSpaced bottomSpaced btDarkSkin gutter fullScreenHeight btBottomVertical wBackground cover\" style=\"background-image:url('https:\/\/laltrefestival.cat\/wp-content\/uploads\/2022\/09\/Reiko-Yamada_LaTrifulga-dels-Fu\u0301tils_sosoveuveu.jpg');\" data-animation=\"31\" data-animation-back=\"30\"><div class=\"port\"><div class=\"boldCell\"><div class=\"boldCellInner\"><div class=\"boldRow \" ><div class=\"boldRowInner\"><div class=\"rowItem col-md-12 col-ms-12  btTextLeft animate animate-fadein inherit\"  data-width=\"12\"><div class=\"rowItemContent\" ><header class=\"header btClear large btDash bottomDash\" ><div class=\"btSuperTitle\">RECINTO FABRA I COATS, BARCELONA<\/div><div class=\"dash\"><h2><span class=\"headline\">9\u00aa edici\u00f3n<\/span><\/h2><\/div><div class=\"btSubTitle\">Del 9 al 11 de junio de 2023<\/div><\/header><\/div><\/div><\/div><\/div><\/div><\/div><\/div><\/section><section id=\"bt_section69d3ad2795f92\"  class=\"boldSection topExtraSpaced bottomSpaced btDarkSkin gutter btBottomVertical bt_yt_video\"  data-property=\"{videoURL:'https:\/\/www.youtube.com\/watch?v=vuv5vmXmW2A',containment:'self',showControls:false,showYTLogo:false,mute:true,stopMovieOnBlur:false,opacity:1}\"><div class=\"port\"><div class=\"boldCell\"><div class=\"boldCellInner\"><div class=\"boldRow \" ><div class=\"boldRowInner\"><div class=\"rowItem col-md-6 col-sm-12 btTextLeft animate animate-fadein inherit\"  data-width=\"6\"><div class=\"rowItemContent\" ><header class=\"header btClear extralarge btDash bottomDash\" ><div class=\"btSuperTitle\">Participa en<\/div><div class=\"dash\"><h1><span class=\"headline\">L&#8217;Altre Festival 2023<\/span><\/h1><\/div><div class=\"btSubTitle\">Un festival internacional de artes esc\u00e9nicas y salud mental en Barcelona. M\u00e1s de 35 propuestas de teatro, circo, danza, m\u00fasica y nuevos formatos esc\u00e9nicos relacionados con la salud mental. <\/div><\/header><div class=\"btClear btSeparator topSemiSpaced noBorder visible-xs visible-ms\" ><hr><\/div><\/div><\/div><div class=\"rowItem col-md-6 col-sm-12 btTextLeft\"  data-width=\"6\"><div class=\"rowItemContent\" ><\/div><\/div><\/div><\/div><\/div><\/div><\/div><\/section><\/div>","protected":false},"excerpt":{"rendered":"","protected":false},"author":1,"featured_media":0,"parent":0,"menu_order":0,"comment_status":"closed","ping_status":"closed","template":"","meta":{"footnotes":""},"class_list":["post-3638","page","type-page","status-publish","hentry"],"aioseo_notices":[],"_links":{"self":[{"href":"https:\/\/laltrefestival.cat\/es\/wp-json\/wp\/v2\/pages\/3638","targetHints":{"allow":["GET"]}}],"collection":[{"href":"https:\/\/laltrefestival.cat\/es\/wp-json\/wp\/v2\/pages"}],"about":[{"href":"https:\/\/laltrefestival.cat\/es\/wp-json\/wp\/v2\/types\/page"}],"author":[{"embeddable":true,"href":"https:\/\/laltrefestival.cat\/es\/wp-json\/wp\/v2\/users\/1"}],"replies":[{"embeddable":true,"href":"https:\/\/laltrefestival.cat\/es\/wp-json\/wp\/v2\/comments?post=3638"}],"version-history":[{"count":2,"href":"https:\/\/laltrefestival.cat\/es\/wp-json\/wp\/v2\/pages\/3638\/revisions"}],"predecessor-version":[{"id":3643,"href":"https:\/\/laltrefestival.cat\/es\/wp-json\/wp\/v2\/pages\/3638\/revisions\/3643"}],"wp:attachment":[{"href":"https:\/\/laltrefestival.cat\/es\/wp-json\/wp\/v2\/media?parent=3638"}],"curies":[{"name":"wp","href":"https:\/\/api.w.org\/{rel}","templated":true}]}}