{"id":3465,"date":"2022-12-10T17:08:40","date_gmt":"2022-12-10T15:08:40","guid":{"rendered":"https:\/\/laltrefestival.cat\/?page_id=3465"},"modified":"2023-01-28T10:24:52","modified_gmt":"2023-01-28T08:24:52","slug":"convocatoria-2023","status":"publish","type":"page","link":"https:\/\/laltrefestival.cat\/es\/convocatoria-2023\/","title":{"rendered":"Convocatoria 2023"},"content":{"rendered":"<div class=\"bt_rc_container\"><section id=\"bt_section69d6a66e4249b\" data-parallax=\"0.1\" data-parallax-offset=\"0\" class=\"boldSection topExtraSpaced bottomSpaced btDarkSkin gutter btBottomVertical btParallax bt_yt_video\"  data-property=\"{videoURL:'https:\/\/youtu.be\/vuv5vmXmW2A',containment:'self',showControls:false,showYTLogo:false,mute:true,stopMovieOnBlur:false,opacity:1}\"><div class=\"port\"><div class=\"boldCell\"><div class=\"boldCellInner\"><div class=\"boldRow \" ><div class=\"boldRowInner\"><div class=\"rowItem col-md-12 col-ms-12  btTextLeft inherit\"  data-width=\"12\"><div class=\"rowItemContent\" ><header class=\"header btClear large\" ><div class=\"btSuperTitle\">BARCELONA<\/div><div class=\"dash\"><h2><span class=\"headline\">L&#8217;Altre Festival 2023<\/span><\/h2><\/div><div class=\"btSubTitle\">9 &#8211; 11 de junio de 2023<\/div><\/header><\/div><\/div><\/div><\/div><\/div><\/div><\/div><\/section><section id=\"bt_section69d6a66e42992\" data-parallax=\"0.1\" data-parallax-offset=\"0\" class=\"boldSection topSpaced bottomSemiSpaced gutter inherit btParallax\" style=\"background-color:#eeeeee;\"><div class=\"port\"><div class=\"boldCell\"><div class=\"boldCellInner\"><div class=\"boldRow \" ><div class=\"boldRowInner\"><div class=\"rowItem col-md-6 col-sm-12 btTextLeft inherit\"  data-width=\"6\"><div class=\"rowItemContent\" ><header class=\"header btClear extralarge btDash bottomDash\" ><div class=\"btSuperTitle\">Convocatoria <\/div><div class=\"dash\"><h1><span class=\"headline\">2023<\/span><\/h1><\/div><div class=\"btSubTitle\">Os damos la bienvenida a l&#8217;Altre Festival Internacional de Artes Esc\u00e9nicas y Salud Mental, que tendr\u00e1 lugar del 9 al 11 de junio de 2023 a la ciudad de Barcelona.<\/div><\/header><div class=\"btClear btSeparator bottomSmallSpaced noBorder\" ><hr><\/div><a href=\"https:\/\/laltrefestival.cat\/wp-content\/uploads\/2022\/12\/BASES-DE-LA-CONVOCATORIA-afic-ES-2022-DEF.pdf\" class=\"btBtn btBtn btnOutlineStyle btnNormalColor btnSmall btnNormalWidth btnRightPosition btnNoIcon\" ><span class=\"btnInnerText\">Bases aficionadas<\/span><\/a><a href=\"https:\/\/laltrefestival.cat\/wp-content\/uploads\/2022\/12\/BASES-DE-LA-CONVOCATORIA-PROF-cast-2022-DEF.pdf\" class=\"btBtn btBtn btnOutlineStyle btnNormalColor btnSmall btnNormalWidth btnRightPosition btnNoIcon\" ><span class=\"btnInnerText\">Bases profesionales<\/span><\/a><a href=\"https:\/\/laltrefestival.cat\/wp-content\/uploads\/2022\/12\/BASES-DE-LA-CONVOCATORIA-no-binaria-ES-2022-DEF.pdf\" class=\"btBtn btBtn btnOutlineStyle btnNormalColor btnSmall btnNormalWidth btnRightPosition btnNoIcon\" ><span class=\"btnInnerText\">Bases no binarias<\/span><\/a><\/div><\/div><div class=\"rowItem col-md-6 col-sm-12 btTextLeft inherit\"  data-width=\"6\"><div class=\"rowItemContent\" ><div class=\"btClear btSeparator bottomSemiSpaced noBorder\" ><hr><\/div><div class=\"btClear btSeparator bottomSmallSpaced noBorder\" ><hr><\/div><header class=\"header btClear medium btDash bottomDash\" ><div class=\"btSuperTitle\">L&#8217;Altra<\/div><div class=\"dash\"><h3><span class=\"headline\">Convocatoria<\/span><\/h3><\/div><div class=\"btSubTitle\">En estos momentos la convocatoria est\u00e1 cerrada. <\/div><\/header><\/div><\/div><\/div><\/div><\/div><\/div><\/div><\/section><section id=\"bt_section69d6a66e43509\" data-parallax=\"0.1\" data-parallax-offset=\"0\" class=\"boldSection topSpaced bottomSemiSpaced btDarkSkin gutter inherit btParallax\" style=\"background-color:#000000;\"><div class=\"port\"><div class=\"boldCell\"><div class=\"boldCellInner\"><div class=\"boldRow \" ><div class=\"boldRowInner\"><div class=\"rowItem col-md-8 col-ms-12 btTextLeft inherit\"  data-width=\"8\"><div class=\"rowItemContent\" ><header class=\"header btClear medium btDash bottomDash\" ><div class=\"btSuperTitle\">Como funciona la<\/div><div class=\"dash\"><h3><span class=\"headline\">convocatoria <\/span><\/h3><\/div><\/header><div class=\"btClear btSeparator bottomSpaced noBorder\" ><hr><\/div><\/div><\/div><div class=\"rowItem col-md-4 col-ms-12 btTextLeft inherit\"  data-width=\"4\"><div class=\"rowItemContent\" ><\/div><\/div><\/div><\/div><div class=\"boldRow \" ><div class=\"boldRowInner\"><div class=\"rowItem col-md-4 col-ms-12 btTextLeft inherit\"  data-width=\"4\"><div class=\"rowItemContent\" ><div class=\"servicesItem  btIcoAccentColorIcon btIcoBigSizeIcon \"><div class=\"sIcon\"><span class=\"btIco btIcoBigSize btIcoDefaultType btIcoAccentColor\"><span  data-ico-s7=\"&#xe643;\" class=\"btIcoHolder\"><\/span><\/span><\/div><div class=\"sTxt\"><header class=\"header btClear small\" ><div class=\"dash\"><h4><span class=\"headline\">01. Calendario<\/span><\/h4><\/div><\/header><p>La convocatoria estar\u00e1 abierta hasta el 27 de enero de 2023. <\/p><\/div><\/div><div class=\"btClear btSeparator bottomSemiSpaced noBorder\" ><hr><\/div><\/div><\/div><div class=\"rowItem col-md-4 col-ms-12 btTextLeft inherit\"  data-width=\"4\"><div class=\"rowItemContent\" ><div class=\"servicesItem  btIcoAccentColorIcon btIcoBigSizeIcon \"><div class=\"sIcon\"><span class=\"btIco btIcoBigSize btIcoDefaultType btIcoAccentColor\"><span  data-ico-s7=\"&#xe660;\" class=\"btIcoHolder\"><\/span><\/span><\/div><div class=\"sTxt\"><header class=\"header btClear small\" ><div class=\"dash\"><h4><span class=\"headline\">02. Presentaci\u00f3n de propuestas<\/span><\/h4><\/div><\/header><p>Tanto las compa\u00f1\u00edas aficionadas, las no binarias como las profesionales, tienen que rellenar su ficha de inscripci\u00f3n publicada en esta p\u00e1gina web, seg\u00fan la modalidad a la que se quieren presentar, durante el tiempo que la convocatoria est\u00e9 abierta.<\/p><\/div><\/div><div class=\"btClear btSeparator bottomSemiSpaced noBorder\" ><hr><\/div><\/div><\/div><div class=\"rowItem col-md-4 col-ms-12 btTextLeft inherit\"  data-width=\"4\"><div class=\"rowItemContent\" ><div class=\"servicesItem  btIcoAccentColorIcon btIcoBigSizeIcon \"><div class=\"sIcon\"><span class=\"btIco btIcoBigSize btIcoDefaultType btIcoAccentColor\"><span  data-ico-s7=\"&#xe692;\" class=\"btIcoHolder\"><\/span><\/span><\/div><div class=\"sTxt\"><header class=\"header btClear small\" ><div class=\"dash\"><h4><span class=\"headline\">03. Resoluci\u00f3n<\/span><\/h4><\/div><\/header><p>La comunicaci\u00f3n de los espect\u00e1culos seleccionados se comunicar\u00e1 a partir del 20 de febrero de 2023.<\/p><\/div><\/div><div class=\"btClear btSeparator bottomSemiSpaced noBorder\" ><hr><\/div><\/div><\/div><\/div><\/div><\/div><\/div><\/div><\/section><section id=\"bt_section69d6a66e4421d\"  class=\"boldSection topSpaced bottomSpaced gutter inherit\" ><div class=\"port\"><div class=\"boldCell\"><div class=\"boldCellInner\"><div class=\"boldRow \" ><div class=\"boldRowInner\"><div class=\"rowItem col-md-6 col-sm-12 btTextLeft inherit\"  data-width=\"6\"><div class=\"rowItemContent\" ><header class=\"header btClear extralarge btDash bottomDash\" ><div class=\"btSuperTitle\">L&#8217;Altre<\/div><div class=\"dash\"><h1><span class=\"headline\">FAQ<\/span><\/h1><\/div><div class=\"btSubTitle\">Aqu\u00ed te dejamos las respuestas a las preguntas m\u00e1s frecuentes. <\/div><\/header><div class=\"btClear btSeparator bottomSmallSpaced noBorder\" ><hr><\/div><\/div><\/div><div class=\"rowItem col-md-6 col-sm-12 btTextLeft animate animate-fadein animate-moveup inherit\"  data-width=\"6\"><div class=\"rowItemContent\" ><\/div><\/div><\/div><\/div><div class=\"boldRow \" ><div class=\"boldRowInner\"><div class=\"rowItem col-md-6 col-sm-12 btTextLeft animate animate-fadein animate-moveup inherit\"  data-width=\"6\"><div class=\"rowItemContent\" ><div class=\"btTabs tabsVertical\" data-open-first=\"\"  data-open-one=\"\"><ul class=\"tabsHeader\"><li><span>A qui\u00e9n va dirigida l&#8217;Altra convocatoria?<\/span><\/li><li><span>Me puedo presentar a las tres modalidades?<\/span><\/li><li><span>Cu\u00e1ndo se abre la convocatoria?<\/span><\/li><li><span>C\u00f3mo puedo presentar mi propuesta?<\/span><\/li><\/ul><div class=\"tabPanes accordionPanes\"><div class=\"tabPane\">\r\n\t\t\t<div class=\"tabAccordionTitle\"><span>A qui\u00e9n va dirigida l&#8217;Altra convocatoria?<\/span><\/div>\r\n\t\t\t<div class=\"tabAccordionContent\">\r\n<p class=\"p1\">L&#8217;Altra convocatoria para compa\u00f1\u00edas <strong>aficionadas<\/strong> va dirigida a programar espect\u00e1culos de teatro, danza, poes\u00eda esc\u00e9nica, circo o cualquier otra disciplina esc\u00e9nica, pensados, creados, interpretados o producidos por personas con problemas de salud mental y sin, o compa\u00f1\u00edas vinculadas al mundo de la salud mental.<\/p>\r\n<p class=\"p1\">La convocatoria para compa\u00f1\u00edas <strong>profesionales<\/strong> va dirigida a escoger espect\u00e1culos de teatro, danza, poes\u00eda esc\u00e9nica, cabaret, circo, performance o cualquier otra disciplina esc\u00e9nica, que tenga la salud mental como la tem\u00e1tica principal.<\/p>\r\nLa convocatoria <strong>no binaria<\/strong> va dirigida a escollir projectes de creaci\u00f3 esc\u00e8nica comunit\u00e0ria, espectacles de teatre, dansa, poesia, cabaret, circ, performance o qualsevol altra disciplina esc\u00e8nica, pensats, creats, interpretats o produ\u00efts per persones amb problemes de salut mental o companyies o grups vinculats a la salut mental, en col\u00b7laboraci\u00f3 amb artistes professionals.<\/div>\r\n\t\t<\/div><div class=\"tabPane\">\r\n\t\t\t<div class=\"tabAccordionTitle\"><span>Me puedo presentar a las tres modalidades?<\/span><\/div>\r\n\t\t\t<div class=\"tabAccordionContent\">\r\n<p class=\"p1\">S\u00ed. La presentaci\u00f3n de una propuesta no es excluyente de ser presentada, al mismo tiempo, a la convocatoria de compa\u00f1\u00edas aficionadas, profesionales y no binarias, seg\u00fan el criterio de las compa\u00f1\u00edas.<\/p>\r\n<\/div>\r\n\t\t<\/div><div class=\"tabPane\">\r\n\t\t\t<div class=\"tabAccordionTitle\"><span>Cu\u00e1ndo se abre la convocatoria?<\/span><\/div>\r\n\t\t\t<div class=\"tabAccordionContent\">La convocatoria de l&#8217;Altre Festival est\u00e1 abierta habitualmente durante el mes de diciembre y enero. La comuncaci\u00f3n de las compa\u00f1\u00edas seleccionadas se publica en el mes de febrero.<\/div>\r\n\t\t<\/div><div class=\"tabPane\">\r\n\t\t\t<div class=\"tabAccordionTitle\"><span>C\u00f3mo puedo presentar mi propuesta?<\/span><\/div>\r\n\t\t\t<div class=\"tabAccordionContent\">\r\n<p class=\"p1\">Para optar a participar en l&#8217;Altre Festival, hay que rellenar la ficha correspondiente publicada durante las fechas de la convocatoria.<\/p>\r\n<p class=\"p1\">En caso de compa\u00f1\u00edas profesionales, hay que rellenar la ficha de inscripci\u00f3n y adjuntar un m\u00e1ximo de tres documentos con informaci\u00f3n sobre el espect\u00e1culo (sinopsis, curr\u00edculum de la compa\u00f1\u00eda, ficha t\u00e9cnica, etc.). Es obligatorio facilitar un enlace para ver el espect\u00e1culo entero en l\u00ednea.<\/p>\r\nEn caso de compa\u00f1\u00edas aficionadas hay que rellenar la ficha de inscripci\u00f3n correspondiente.\r\n\r\nEn caso de compa\u00f1\u00edas no binarias hay que rellenar la ficha de inscripci\u00f3n y enviar un enlace para ver el video de presentaci\u00f3n del proyecto con duraci\u00f3n m\u00e1xima de tres minutos (consulta las bases para el contenido del video).<\/div>\r\n\t\t<\/div><\/div><\/div><\/div><\/div><div class=\"rowItem col-md-6 col-sm-12 btTextLeft animate animate-fadein animate-moveup inherit\"  data-width=\"6\"><div class=\"rowItemContent\" ><div class=\"btTabs tabsVertical\" data-open-first=\"\"  data-open-one=\"\"><ul class=\"tabsHeader\"><li><span>Formo parte de una compa\u00f1\u00eda aficionada, que deber\u00eda tener presente en la inscripci\u00f3n?<\/span><\/li><li><span>Formo parte de una compa\u00f1\u00eda profesional, que deber\u00eda tener en cuenta durante la inscripci\u00f3n?<\/span><\/li><li><span>Formo parte de un proyecto no binario, que deber\u00eda tener en cuenta?<\/span><\/li><\/ul><div class=\"tabPanes accordionPanes\"><div class=\"tabPane\">\r\n\t\t\t<div class=\"tabAccordionTitle\"><span>Formo parte de una compa\u00f1\u00eda aficionada, que deber\u00eda tener presente en la inscripci\u00f3n?<\/span><\/div>\r\n\t\t\t<div class=\"tabAccordionContent\">La duraci\u00f3n de los espect\u00e1culos ser\u00e1 de m\u00e1ximo 1 hora y deber\u00e1n adecuarse a las caracter\u00edsticas t\u00e9cnicas de la sede de l\u2019Altre Festival. No habr\u00e1 otras restricciones en cuanto a n\u00famero de int\u00e9rpretes, idioma, g\u00e9nero dram\u00e1tico u otros aspectos.\r\n\r\nLas compa\u00f1\u00edas selecionadas para participar en l\u2019Altre Festival 2023, que tienen sede en Barcelona o cercan\u00edas, se comprometen a assistir a l\u2019Altre Espai el d\u00eda <strong>29 o 30 de marzo<\/strong> durante la ma\u00f1ana de forma presencial. Un espacio de intercambio y aprendizaje que incluye una sesi\u00f3n fotogr\u00e0fica, entre otras actividades, con el objectivo de mejorar la comunicaci\u00f3n y la visibilizaci\u00f3n de los espct\u00e1culos programados.<\/div>\r\n\t\t<\/div><div class=\"tabPane\">\r\n\t\t\t<div class=\"tabAccordionTitle\"><span>Formo parte de una compa\u00f1\u00eda profesional, que deber\u00eda tener en cuenta durante la inscripci\u00f3n?<\/span><\/div>\r\n\t\t\t<div class=\"tabAccordionContent\">L\u2019Altre Festival no pone ninguna restricci\u00f3n a las caracter\u00edsticas de los espect\u00e1culos (duraci\u00f3n, g\u00e9nero dram\u00e1tico, idioma, etc.), excepto que se adec\u00faen a las caracter\u00edsticas t\u00e9cnicas de la sede del festival.<\/div>\r\n\t\t<\/div><div class=\"tabPane\">\r\n\t\t\t<div class=\"tabAccordionTitle\"><span>Formo parte de un proyecto no binario, que deber\u00eda tener en cuenta?<\/span><\/div>\r\n\t\t\t<div class=\"tabAccordionContent\">La duraci\u00f3n de los espect\u00e1culos ser\u00e1 de m\u00e1ximo 1 hora y deber\u00e1n adecuarse a las caracter\u00edsticas t\u00e9cnicas de la sede de l\u2019Altre Festival. No habr\u00e1 otras restricciones en cuanto a n\u00famero de int\u00e9rpretes, idioma, g\u00e9nero dram\u00e1tico u otros aspectos.\r\n\r\nLas compa\u00f1\u00edas selecionadas para participar en l\u2019Altre Festival 2023, que tienen sede en Barcelona o cercan\u00edas, se comprometen a assistir a l\u2019Altre Espai el d\u00eda <strong>29 o 30 de marzo<\/strong> durante la ma\u00f1ana de forma presencial. Un espacio de intercambio y aprendizaje que incluye una sesi\u00f3n fotogr\u00e0fica, entre otras actividades, con el objectivo de mejorar la comunicaci\u00f3n y la visibilizaci\u00f3n de los espct\u00e1culos programados.<\/div>\r\n\t\t<\/div><\/div><\/div><\/div><\/div><\/div><\/div><\/div><\/div><\/div><\/section><\/div>","protected":false},"excerpt":{"rendered":"","protected":false},"author":1,"featured_media":0,"parent":0,"menu_order":0,"comment_status":"closed","ping_status":"closed","template":"","meta":{"footnotes":""},"class_list":["post-3465","page","type-page","status-publish","hentry"],"aioseo_notices":[],"_links":{"self":[{"href":"https:\/\/laltrefestival.cat\/es\/wp-json\/wp\/v2\/pages\/3465","targetHints":{"allow":["GET"]}}],"collection":[{"href":"https:\/\/laltrefestival.cat\/es\/wp-json\/wp\/v2\/pages"}],"about":[{"href":"https:\/\/laltrefestival.cat\/es\/wp-json\/wp\/v2\/types\/page"}],"author":[{"embeddable":true,"href":"https:\/\/laltrefestival.cat\/es\/wp-json\/wp\/v2\/users\/1"}],"replies":[{"embeddable":true,"href":"https:\/\/laltrefestival.cat\/es\/wp-json\/wp\/v2\/comments?post=3465"}],"version-history":[{"count":22,"href":"https:\/\/laltrefestival.cat\/es\/wp-json\/wp\/v2\/pages\/3465\/revisions"}],"predecessor-version":[{"id":4127,"href":"https:\/\/laltrefestival.cat\/es\/wp-json\/wp\/v2\/pages\/3465\/revisions\/4127"}],"wp:attachment":[{"href":"https:\/\/laltrefestival.cat\/es\/wp-json\/wp\/v2\/media?parent=3465"}],"curies":[{"name":"wp","href":"https:\/\/api.w.org\/{rel}","templated":true}]}}