{"id":3107,"date":"2022-06-17T10:41:03","date_gmt":"2022-06-17T08:41:03","guid":{"rendered":"https:\/\/laltrefestival.cat\/?page_id=3107"},"modified":"2022-10-01T08:42:26","modified_gmt":"2022-10-01T06:42:26","slug":"premio-josep-clusa-2022","status":"publish","type":"page","link":"https:\/\/laltrefestival.cat\/es\/premio-josep-clusa-2022\/","title":{"rendered":"Premio Josep Clusa 2022"},"content":{"rendered":"<div class=\"bt_rc_container\"><section id=\"bt_section69d632d6241bc\" data-parallax=\"0.1\" data-parallax-offset=\"0\" class=\"boldSection topExtraSpaced bottomSpaced btDarkSkin gutter btBottomVertical btParallax wBackground cover\" style=\"background-image:url('https:\/\/laltrefestival.cat\/wp-content\/uploads\/2022\/06\/10jun202235.jpg');\"><div class=\"port\"><div class=\"boldCell\"><div class=\"boldCellInner\"><div class=\"boldRow \" ><div class=\"boldRowInner\"><div class=\"rowItem col-md-12 col-ms-12  btTextLeft inherit\"  data-width=\"12\"><div class=\"rowItemContent\" ><header class=\"header btClear large btDash bottomDash\" ><div class=\"dash\"><h2><span class=\"headline\">Premio Josep Clusa<\/span><\/h2><\/div><div class=\"btSubTitle\">2022<\/div><\/header><\/div><\/div><\/div><\/div><\/div><\/div><\/div><\/section><section id=\"bt_section69d632d624641\"  class=\"boldSection topSemiSpaced bottomSmallSpaced gutter inherit\" ><div class=\"port\"><div class=\"boldCell\"><div class=\"boldCellInner\"><div class=\"boldRow \" ><div class=\"boldRowInner\"><div class=\"rowItem col-md-6 col-sm-12 btTextLeft animate animate-fadein inherit\"  data-width=\"6\"><div class=\"rowItemContent\" ><header class=\"header btClear extralarge btDash bottomDash\" ><div class=\"btSuperTitle\">Premio<\/div><div class=\"dash\"><h1><span class=\"headline\">Josep Clusa 2022<\/span><\/h1><\/div><div class=\"btSubTitle\">Desde la primera edici\u00f3n, l&#8217;Altre Festival entrega el premio Josep Clusa con el objetivo de reconocer aquellos espect\u00e1culos, proyectos o compa\u00f1\u00edas que destacana en las artes esc\u00e9nicas y la salud mental. Este a\u00f1o queremos reconocer a una compa\u00f1\u00eda de artes esc\u00e9nicas que promueva algunos de los objetivos que conforman el alma de l&#8217;Altre Festival: <\/div><\/header><\/div><\/div><div class=\"rowItem col-md-6 col-sm-12 btTextLeft animate animate-fadein animate-moveup inherit\"  data-width=\"6\"><div class=\"rowItemContent\" ><div class=\"btClear btSeparator noBorder\" ><hr><\/div><div class=\"bpgPhoto \" ><div class=\"btImage\"><img decoding=\"async\" src=\"https:\/\/laltrefestival.cat\/wp-content\/uploads\/2022\/06\/Teatre_ClubResRes_0105.jpg\" alt=\"https:\/\/laltrefestival.cat\/wp-content\/uploads\/2022\/06\/Teatre_ClubResRes_0105.jpg\"><\/div><\/div><\/div><\/div><\/div><\/div><\/div><\/div><\/div><\/section><section id=\"bt_section69d632d625171\"  class=\"boldSection topSmallSpaced bottomSmallSpaced gutter inherit\" ><div class=\"port\"><div class=\"boldCell\"><div class=\"boldCellInner\"><div class=\"boldRow \" ><div class=\"boldRowInner\"><div class=\"rowItem col-md-6 col-sm-12 btTextLeft animate animate-fadein inherit\"  data-width=\"6\"><div class=\"rowItemContent\" ><div class=\"btText\" ><p>1. Conseguir el <strong>bienvivir<\/strong> y la <strong>inclusi\u00f3n<\/strong> de las personas con problemas de salud mental y sin a trav\u00e9s de las artes esc\u00e9nicas.<\/p>\n<p>2. Dar a conocer la realidad de la salud mental, de manera positiva, constructiva y enriquecedora.<\/p>\n<p>3. Promover la diversidad y la accesibilidad a la cultura y las artes. La mezcla de personas con problemas de salud mental y sin en las compa\u00f1\u00edas abre maneras nuevas de hacer y crea lenguajes y nuevos formatos.<\/p>\n<\/div><\/div><\/div><div class=\"rowItem col-md-6 col-sm-12 btTextLeft animate animate-fadein animate-moveup inherit\"  data-width=\"6\"><div class=\"rowItemContent\" ><header class=\"header btClear extralarge btDash bottomDash\" ><div class=\"btSubTitle\">En estos momentos el premio Josep Clusa est\u00e1 cerrado. <\/div><\/header><\/div><\/div><\/div><\/div><\/div><\/div><\/div><\/section><\/div>","protected":false},"excerpt":{"rendered":"","protected":false},"author":1,"featured_media":0,"parent":0,"menu_order":0,"comment_status":"closed","ping_status":"closed","template":"","meta":{"footnotes":""},"class_list":["post-3107","page","type-page","status-publish","hentry"],"aioseo_notices":[],"_links":{"self":[{"href":"https:\/\/laltrefestival.cat\/es\/wp-json\/wp\/v2\/pages\/3107","targetHints":{"allow":["GET"]}}],"collection":[{"href":"https:\/\/laltrefestival.cat\/es\/wp-json\/wp\/v2\/pages"}],"about":[{"href":"https:\/\/laltrefestival.cat\/es\/wp-json\/wp\/v2\/types\/page"}],"author":[{"embeddable":true,"href":"https:\/\/laltrefestival.cat\/es\/wp-json\/wp\/v2\/users\/1"}],"replies":[{"embeddable":true,"href":"https:\/\/laltrefestival.cat\/es\/wp-json\/wp\/v2\/comments?post=3107"}],"version-history":[{"count":3,"href":"https:\/\/laltrefestival.cat\/es\/wp-json\/wp\/v2\/pages\/3107\/revisions"}],"predecessor-version":[{"id":3424,"href":"https:\/\/laltrefestival.cat\/es\/wp-json\/wp\/v2\/pages\/3107\/revisions\/3424"}],"wp:attachment":[{"href":"https:\/\/laltrefestival.cat\/es\/wp-json\/wp\/v2\/media?parent=3107"}],"curies":[{"name":"wp","href":"https:\/\/api.w.org\/{rel}","templated":true}]}}