{"id":2324,"date":"2022-03-21T15:23:43","date_gmt":"2022-03-21T13:23:43","guid":{"rendered":"https:\/\/laltrefestival.cat\/?page_id=2324"},"modified":"2022-03-21T15:23:43","modified_gmt":"2022-03-21T13:23:43","slug":"laltra-historia","status":"publish","type":"page","link":"https:\/\/laltrefestival.cat\/es\/laltra-historia\/","title":{"rendered":"L&#8217;Altra historia"},"content":{"rendered":"<div class=\"bt_rc_container\"><section id=\"bt_section69d77b4ab2e5e\" data-parallax=\"0.1\" data-parallax-offset=\"0\" class=\"boldSection topExtraSpaced bottomSpaced btDarkSkin gutter btBottomVertical btParallax wBackground cover\" style=\"background-image:url('https:\/\/laltrefestival.cat\/wp-content\/uploads\/2022\/01\/portada_web-3-scaled.jpg');\"><div class=\"port\"><div class=\"boldCell\"><div class=\"boldCellInner\"><div class=\"boldRow \" ><div class=\"boldRowInner\"><div class=\"rowItem col-md-12 col-ms-12  btTextLeft inherit\"  data-width=\"12\"><div class=\"rowItemContent\" ><header class=\"header btClear large\" ><div class=\"dash\"><h2><span class=\"headline\">L&#8217;Altra historia <\/span><\/h2><\/div><\/header><\/div><\/div><\/div><\/div><\/div><\/div><\/div><\/section><section id=\"bt_section69d77b4ab332f\" data-parallax=\"0.1\" data-parallax-offset=\"0\" class=\"boldSection topSpaced bottomSpaced gutter inherit btParallax\" style=\"background-color:#ffffff;\"><div class=\"port\"><div class=\"boldCell\"><div class=\"boldCellInner\"><div class=\"boldRow \" ><div class=\"boldRowInner\"><div class=\"rowItem col-md-6 col-sm-12 btTextLeft inherit\"  data-width=\"6\"><div class=\"rowItemContent\" ><header class=\"header btClear extralarge btDash bottomDash\" ><div class=\"btSuperTitle\">L&#8217;Altra<\/div><div class=\"dash\"><h1><span class=\"headline\">historia<\/span><\/h1><\/div><div class=\"btSubTitle\">L\u2019Altre Festival es la culminaci\u00f3n de un proyecto social y cultural nacido hace veintid\u00f3s a\u00f1os con la creaci\u00f3n de la compa\u00f1\u00eda estable La Trifulga dels F\u00fatils, vinculada en sus or\u00edgenes al Centro de Dia Pi i Molist y que a\u00f1os m\u00e1s tarde acontenci\u00f3 una entidad independiente y autogestionada.\r<br>\r<br>La idea del festival naci\u00f3 en el a\u00f1o 2015 en Barcelona y tres a\u00f1os m\u00e1s tarde se extendi\u00f3 a Manresa. En 2018, un grupo de personas en Argentina decidi\u00f3 organizar El Otro Festival_Rosario y, conjuntamente, empezamos a trabajar en The Other Festivals, un festival de festivales, una comunidad de comunidades.<\/div><\/header><\/div><\/div><div class=\"rowItem col-md-6 col-sm-12 btTextLeft inherit\"  data-width=\"6\"><div class=\"rowItemContent\" ><div class=\"btClear btSeparator topExtraSpaced noBorder\" ><hr><\/div><div class=\"bpgPhoto \" ><div class=\"btImage\"><img decoding=\"async\" src=\"https:\/\/laltrefestival.cat\/wp-content\/uploads\/2022\/01\/Frida_Praga.jpg\" alt=\"https:\/\/laltrefestival.cat\/wp-content\/uploads\/2022\/01\/Frida_Praga.jpg\"><\/div><\/div><\/div><\/div><\/div><\/div><\/div><\/div><\/div><\/section><\/div>","protected":false},"excerpt":{"rendered":"","protected":false},"author":1,"featured_media":0,"parent":0,"menu_order":0,"comment_status":"closed","ping_status":"closed","template":"","meta":{"footnotes":""},"class_list":["post-2324","page","type-page","status-publish","hentry"],"aioseo_notices":[],"_links":{"self":[{"href":"https:\/\/laltrefestival.cat\/es\/wp-json\/wp\/v2\/pages\/2324","targetHints":{"allow":["GET"]}}],"collection":[{"href":"https:\/\/laltrefestival.cat\/es\/wp-json\/wp\/v2\/pages"}],"about":[{"href":"https:\/\/laltrefestival.cat\/es\/wp-json\/wp\/v2\/types\/page"}],"author":[{"embeddable":true,"href":"https:\/\/laltrefestival.cat\/es\/wp-json\/wp\/v2\/users\/1"}],"replies":[{"embeddable":true,"href":"https:\/\/laltrefestival.cat\/es\/wp-json\/wp\/v2\/comments?post=2324"}],"version-history":[{"count":3,"href":"https:\/\/laltrefestival.cat\/es\/wp-json\/wp\/v2\/pages\/2324\/revisions"}],"predecessor-version":[{"id":2337,"href":"https:\/\/laltrefestival.cat\/es\/wp-json\/wp\/v2\/pages\/2324\/revisions\/2337"}],"wp:attachment":[{"href":"https:\/\/laltrefestival.cat\/es\/wp-json\/wp\/v2\/media?parent=2324"}],"curies":[{"name":"wp","href":"https:\/\/api.w.org\/{rel}","templated":true}]}}