{"id":2270,"date":"2022-03-18T11:59:43","date_gmt":"2022-03-18T09:59:43","guid":{"rendered":"https:\/\/laltrefestival.cat\/laltre-2022\/"},"modified":"2022-04-27T12:55:37","modified_gmt":"2022-04-27T10:55:37","slug":"laltre-2022","status":"publish","type":"page","link":"https:\/\/laltrefestival.cat\/es\/laltre-2022\/","title":{"rendered":"L&#8217;Altre 2022"},"content":{"rendered":"<div class=\"bt_rc_container\"><section id=\"bt_section69d37904814ae\"  class=\"boldSection topExtraSpaced bottomSpaced btDarkSkin gutter fullScreenHeight btBottomVertical wBackground cover\" style=\"background-image:url('https:\/\/laltrefestival.cat\/wp-content\/uploads\/2022\/03\/img-slider-laltre-peque2.jpg');\" data-animation=\"31\" data-animation-back=\"30\"><div class=\"port\"><div class=\"boldCell\"><div class=\"boldCellInner\"><div class=\"boldRow \" ><div class=\"boldRowInner\"><div class=\"rowItem col-md-12 col-ms-12  btTextLeft animate animate-fadein inherit\"  data-width=\"12\"><div class=\"rowItemContent\" ><header class=\"header btClear large btDash bottomDash\" ><div class=\"btSuperTitle\">RECINTE FABRA I COATS, BARCELONA<\/div><div class=\"dash\"><h2><span class=\"headline\">8\u00aa edici\u00f3n<\/span><\/h2><\/div><div class=\"btSubTitle\">Del 10 al 12 de junio<\/div><\/header><\/div><\/div><\/div><\/div><\/div><\/div><\/div><\/section><section id=\"bt_section69d3790481c73\"  class=\"boldSection topExtraSpaced bottomSpaced btDarkSkin gutter btBottomVertical wBackground cover\" style=\"background-image:url('https:\/\/laltrefestival.cat\/wp-content\/uploads\/2022\/01\/MG_5795.jpg');\"><div class=\"port\"><div class=\"boldCell\"><div class=\"boldCellInner\"><div class=\"boldRow \" ><div class=\"boldRowInner\"><div class=\"rowItem col-md-6 col-sm-12 btTextLeft animate animate-fadein inherit\"  data-width=\"6\"><div class=\"rowItemContent\" ><header class=\"header btClear extralarge btDash bottomDash\" ><div class=\"btSuperTitle\">Participa a <\/div><div class=\"dash\"><h1><span class=\"headline\">L&#8217;Altre Festival 2022<\/span><\/h1><\/div><div class=\"btSubTitle\">Un festival internacional de artes esc\u00e9nicas y salud mental en Barcelona con m\u00e1s de 25 propuestas de teatro, circo, danza, m\u00fasica y otros formatos esc\u00e9nicos relacionados con salud mental.<\/div><\/header><div class=\"btClear btSeparator topSemiSpaced noBorder visible-xs visible-ms\" ><hr><\/div><\/div><\/div><div class=\"rowItem col-md-6 col-sm-12 btTextLeft\"  data-width=\"6\"><div class=\"rowItemContent\" ><\/div><\/div><\/div><\/div><\/div><\/div><\/div><\/section><section id=\"bt_section69d37904825a7\"  class=\"boldSection topExtraSpaced bottomSpaced btDarkSkin gutter btBottomVertical wBackground cover\" style=\"background-color:#f1f1f1;background-image:url('https:\/\/laltrefestival.cat\/wp-content\/uploads\/2022\/01\/MG_6122.jpg');\"><div class=\"port\"><div class=\"boldCell\"><div class=\"boldCellInner\"><div class=\"boldRow \" ><div class=\"boldRowInner\"><div class=\"rowItem col-md-6 col-sm-12 btTextLeft inherit\"  data-width=\"6\"><div class=\"rowItemContent\" ><header class=\"header btClear extralarge btDash bottomDash\" ><div class=\"btSuperTitle\">Conoce a las <\/div><div class=\"dash\"><h1><span class=\"headline\">artistas<\/span><\/h1><\/div><div class=\"btSubTitle\">M\u00e1s de 30 espect\u00e1culos de artes esc\u00e9nicas te esperan del 10 al 12 de junio en el recinto Fabra i Coats! <\/div><\/header><div class=\"btClear btSeparator topSemiSpaced noBorder visible-xs visible-ms\" ><hr><\/div><\/div><\/div><div class=\"rowItem col-md-3 col-sm-6 col-ms-12 btTextLeft animate animate-fadein animate-moveup inherit hidden-xs hidden-ms\" style=\"background-color: rgba(0, 0, 0, 0.4);\" data-width=\"3\"><div class=\"rowItemContent\" ><div class=\"btClear btSeparator topSmallSpaced noBorder\" ><hr><\/div><header class=\"header btClear medium btDash bottomDash\" ><div class=\"btSuperTitle\">Reiko<\/div><div class=\"dash\"><h3><span class=\"headline\">Yamada<\/span><\/h3><\/div><div class=\"btSubTitle\">Compositora y artista sonora japonesa que dirige el espect\u00e1culo inaugural &quot;Sosoveuveu&quot; de l&#8217;Altre Festival 2022 con la compa\u00f1\u00eda La Trifulga dels F\u00fatils. Una coproducci\u00f3n del Festival Mixtur y l&#8217;Altre Festival. <\/div><\/header><div class=\"btClear btSeparator topExtraSmallSpaced noBorder\" ><hr><\/div><a href=\"https:\/\/www.reikoyamada.com\/\" class=\"btBtn btBtn btnOutlineStyle btnAccentColor btnSmall btnNormalWidth hidden-xs hidden-ms btnRightPosition btnNoIcon\" ><span class=\"btnInnerText\">Reiko<\/span><\/a><div class=\"btClear btSeparator topExtraSmallSpaced noBorder hidden-xs hidden-ms\" ><hr><\/div><\/div><\/div><div class=\"rowItem col-md-3 col-sm-6 col-ms-12 btTextLeft animate animate-fadein animate-moveup inherit hidden-xs hidden-ms\" style=\"background-color: rgba(0, 0, 0, 0.4);\" data-width=\"3\"><div class=\"rowItemContent\" ><div class=\"btClear btSeparator topSmallSpaced noBorder\" ><hr><\/div><header class=\"header btClear medium btDash bottomDash\" ><div class=\"btSuperTitle\">Berta<\/div><div class=\"dash\"><h3><span class=\"headline\">Giraut<\/span><\/h3><\/div><div class=\"btSubTitle\">Poeta y actriz que prepara el espect\u00e1culo po\u00e9tico con la Cia. Teatro de Pacotilla. Una coproducci\u00f3n de Festival Barcelona Poes\u00eda, CCCB y l&#8217;Altre Festival. <\/div><\/header><div class=\"btClear btSeparator topExtraSmallSpaced noBorder\" ><hr><\/div><a href=\"https:\/\/laltrefestival.cat\/es\/programacion-2022\/\" class=\"btBtn btBtn btnOutlineStyle btnAccentColor btnSmall btnNormalWidth hidden-xs hidden-ms btnRightPosition btnNoIcon\" ><span class=\"btnInnerText\">ENTRADAS<\/span><\/a><div class=\"btClear btSeparator topExtraSmallSpaced noBorder hidden-xs hidden-ms\" ><hr><\/div><\/div><\/div><\/div><\/div><\/div><\/div><\/div><\/section><\/div>","protected":false},"excerpt":{"rendered":"","protected":false},"author":1,"featured_media":0,"parent":0,"menu_order":0,"comment_status":"closed","ping_status":"closed","template":"","meta":{"footnotes":""},"class_list":["post-2270","page","type-page","status-publish","hentry"],"aioseo_notices":[],"_links":{"self":[{"href":"https:\/\/laltrefestival.cat\/es\/wp-json\/wp\/v2\/pages\/2270","targetHints":{"allow":["GET"]}}],"collection":[{"href":"https:\/\/laltrefestival.cat\/es\/wp-json\/wp\/v2\/pages"}],"about":[{"href":"https:\/\/laltrefestival.cat\/es\/wp-json\/wp\/v2\/types\/page"}],"author":[{"embeddable":true,"href":"https:\/\/laltrefestival.cat\/es\/wp-json\/wp\/v2\/users\/1"}],"replies":[{"embeddable":true,"href":"https:\/\/laltrefestival.cat\/es\/wp-json\/wp\/v2\/comments?post=2270"}],"version-history":[{"count":8,"href":"https:\/\/laltrefestival.cat\/es\/wp-json\/wp\/v2\/pages\/2270\/revisions"}],"predecessor-version":[{"id":2646,"href":"https:\/\/laltrefestival.cat\/es\/wp-json\/wp\/v2\/pages\/2270\/revisions\/2646"}],"wp:attachment":[{"href":"https:\/\/laltrefestival.cat\/es\/wp-json\/wp\/v2\/media?parent=2270"}],"curies":[{"name":"wp","href":"https:\/\/api.w.org\/{rel}","templated":true}]}}