{"id":2095,"date":"2022-02-18T21:31:15","date_gmt":"2022-02-18T19:31:15","guid":{"rendered":"https:\/\/laltrefestival.cat\/2021-2\/"},"modified":"2022-02-18T21:33:12","modified_gmt":"2022-02-18T19:33:12","slug":"2021-2","status":"publish","type":"page","link":"https:\/\/laltrefestival.cat\/es\/2021-2\/","title":{"rendered":"2021"},"content":{"rendered":"<div class=\"bt_rc_container\"><section id=\"bt_section69d78c37b0863\" data-parallax=\"0.1\" data-parallax-offset=\"0\" class=\"boldSection topExtraSpaced bottomSpaced btDarkSkin gutter btBottomVertical btParallax wBackground cover\" style=\"background-image:url('https:\/\/laltrefestival.cat\/wp-content\/uploads\/2022\/02\/MG_2326-scaled.jpg');\"><div class=\"port\"><div class=\"boldCell\"><div class=\"boldCellInner\"><div class=\"boldRow \" ><div class=\"boldRowInner\"><div class=\"rowItem col-md-12 col-ms-12  btTextLeft inherit\"  data-width=\"12\"><div class=\"rowItemContent\" ><header class=\"header btClear large btDash bottomDash\" ><div class=\"btSuperTitle\">BARCELONA<\/div><div class=\"dash\"><h2><span class=\"headline\">7\u00aa edici\u00f3n\r<br><\/span><\/h2><\/div><div class=\"btSubTitle\">Del 25 al 27 de junio<\/div><\/header><\/div><\/div><\/div><\/div><\/div><\/div><\/div><\/section><section id=\"bt_section69d78c37b0c37\" data-parallax=\"0.1\" data-parallax-offset=\"0\" class=\"boldSection topSpaced bottomSemiSpaced gutter inherit btParallax\" style=\"background-color:#ffffff;\"><div class=\"port\"><div class=\"boldCell\"><div class=\"boldCellInner\"><div class=\"boldRow \" ><div class=\"boldRowInner\"><div class=\"rowItem col-md-6 col-sm-12 btTextLeft animate animate-fadein inherit btNoPadding\"  data-width=\"6\"><div class=\"rowItemContent\" ><div class=\"bpgPhoto \" > \r\n\t\t\t\t\t<a href=\"https:\/\/laltrefestival.cat\/wp-content\/uploads\/2022\/02\/L_Altre_programa_2021.pdf\" target=\"_self\"><\/a>\r\n\t\t\t\t\t<div class=\"boldPhotoBox\"><div class=\"bpbItem\"><div class=\"btImage\"><img decoding=\"async\" src=\"https:\/\/laltrefestival.cat\/wp-content\/uploads\/2022\/02\/LAltreFestival2021_poster2.jpg\" alt=\"https:\/\/laltrefestival.cat\/wp-content\/uploads\/2022\/02\/LAltreFestival2021_poster2.jpg\"><\/div><\/div><\/div>\r\n\t\t\t\t\t<div class=\"captionPane btDarkSkin\">\r\n\t\t\t\t\t\t<div class=\"captionTable\">\r\n\t\t\t\t\t\t\t<div class=\"captionCell\">\r\n\t\t\t\t\t\t\t\t<div class=\"captionTxt\"><\/div>\r\n\t\t\t\t\t\t\t<\/div>\r\n\t\t\t\t\t\t<\/div>\r\n\t\t\t\t\t<\/div><\/div><\/div><\/div><div class=\"rowItem col-md-6 col-sm-12 btTextLeft animate animate-fadein inherit btDoublePadding\"  data-width=\"6\"><div class=\"rowItemContent\" ><div class=\"btClear btSeparator bottomSmallSpaced noBorder\" ><hr><\/div><header class=\"header btClear medium btDash bottomDash\" ><div class=\"btSuperTitle\">Programa<\/div><div class=\"dash\"><h3><span class=\"headline\">2021<\/span><\/h3><\/div><div class=\"btSubTitle\">En esta sexta edici\u00f3n programamos m\u00e1s de treinta espect\u00e1culos para olvidarnos de bichos y pandemias durante un rato. <\/div><\/header><div class=\"btClear btSeparator bottomSmallSpaced noBorder\" ><hr><\/div><a href=\"https:\/\/laltrefestival.cat\/wp-content\/uploads\/2022\/02\/L_Altre_programa_2021.pdf\" class=\"btBtn btBtn btnOutlineStyle btnAccentColor btnSmall btnNormalWidth btnRightPosition btnNoIcon\" ><span class=\"btnInnerText\">Programa<\/span><\/a><div class=\"btClear btSeparator bottomSmallSpaced noBorder\" ><hr><\/div><\/div><\/div><\/div><\/div><\/div><\/div><\/div><\/section><section id=\"bt_section69d78c37b16ca\" data-parallax=\"0.1\" data-parallax-offset=\"0\" class=\"boldSection topSpaced bottomSemiSpaced gutter inherit btParallax\" style=\"background-color:#ffffff;\"><div class=\"port\"><div class=\"boldCell\"><div class=\"boldCellInner\"><div class=\"boldRow \" ><div class=\"boldRowInner\"><div class=\"rowItem col-md-6 col-sm-12 btTextLeft animate animate-fadein inherit btDoublePadding\"  data-width=\"6\"><div class=\"rowItemContent\" ><header class=\"header btClear medium btDash bottomDash\" ><div class=\"btSuperTitle\">Premio Josep Clusa<\/div><div class=\"dash\"><h3><span class=\"headline\">2021<\/span><\/h3><\/div><div class=\"btSubTitle\">Ese a\u00f1o quisimos reconocer a una compa\u00f1\u00eda de artes esc\u00e9nicas que promoviera alguno de los objetivos que conforman el alma de l\u2019Altre Festival: conseguir el bienvivir y la inclusi\u00f3n de las personas con y sin problemas de salud mental a trav\u00e9s de las artes esc\u00e9nicas, dar a conocer la realidad de la salud mental, de manera positiva, constructiva y enriquecedora, y promover la diversidad y la accesibilidad a la cultura y las artes. <\/div><\/header><div class=\"btClear btSeparator bottomSmallSpaced noBorder\" ><hr><\/div><div class=\"btClear btSeparator bottomSmallSpaced noBorder\" ><hr><\/div><\/div><\/div><div class=\"rowItem col-md-6 col-sm-12 btTextLeft animate animate-fadein inherit btNoPadding\"  data-width=\"6\"><div class=\"rowItemContent\" ><div class=\"bpgPhoto \" ><div class=\"btImage\"><img decoding=\"async\" src=\"https:\/\/laltrefestival.cat\/wp-content\/uploads\/2022\/02\/MG_3324-1.jpg\" alt=\"https:\/\/laltrefestival.cat\/wp-content\/uploads\/2022\/02\/MG_3324-1.jpg\"><\/div><\/div><\/div><\/div><\/div><\/div><\/div><\/div><\/div><\/section><section id=\"bt_section69d78c37b1fbc\"  class=\"boldSection gutter\" ><div class=\"port\"><div class=\"boldCell\"><div class=\"boldCellInner\"><div class=\"boldRow \" ><div class=\"boldRowInner\"><div class=\"rowItem col-md-6 col-sm-12 btTextLeft animate animate-fadein inherit btNoPadding\"  data-width=\"6\"><div class=\"rowItemContent\" ><div class=\"btText\" ><p><iframe loading=\"lazy\" title=\"L&#039;Altre Festival Internacional d&#039;Arts Esc\u00e8niques i Salut Mental\" width=\"1200\" height=\"675\" src=\"https:\/\/www.youtube.com\/embed\/Z0iKisjxhiA?start=4&#038;feature=oembed\" frameborder=\"0\" allow=\"accelerometer; autoplay; clipboard-write; encrypted-media; gyroscope; picture-in-picture\" allowfullscreen><\/iframe><\/p>\n<\/div><\/div><\/div><div class=\"rowItem col-md-6 col-sm-12 btTextLeft animate animate-fadein inherit btDoublePadding\"  data-width=\"6\"><div class=\"rowItemContent\" ><header class=\"header btClear medium btDash bottomDash\" ><div class=\"btSuperTitle\">Video<\/div><div class=\"dash\"><h3><span class=\"headline\">2021<\/span><\/h3><\/div><div class=\"btSubTitle\">\u00a1La cabra siempre tira a la cultura! Y la cultura es salud. Aqu\u00ed ten\u00e9is el resumen de la sexta edici\u00f3n. <\/div><\/header><div class=\"btClear btSeparator bottomSmallSpaced noBorder\" ><hr><\/div><a href=\"https:\/\/www.youtube.com\/watch?v=Z0iKisjxhiA&amp;t=4s\" class=\"btBtn btBtn btnOutlineStyle btnAccentColor btnSmall btnNormalWidth btnRightPosition btnNoIcon\" ><span class=\"btnInnerText\">Video<\/span><\/a><div class=\"btClear btSeparator bottomSmallSpaced noBorder\" ><hr><\/div><\/div><\/div><\/div><\/div><\/div><\/div><\/div><\/section><\/div>","protected":false},"excerpt":{"rendered":"","protected":false},"author":1,"featured_media":0,"parent":0,"menu_order":0,"comment_status":"closed","ping_status":"closed","template":"","meta":{"footnotes":""},"class_list":["post-2095","page","type-page","status-publish","hentry"],"aioseo_notices":[],"_links":{"self":[{"href":"https:\/\/laltrefestival.cat\/es\/wp-json\/wp\/v2\/pages\/2095","targetHints":{"allow":["GET"]}}],"collection":[{"href":"https:\/\/laltrefestival.cat\/es\/wp-json\/wp\/v2\/pages"}],"about":[{"href":"https:\/\/laltrefestival.cat\/es\/wp-json\/wp\/v2\/types\/page"}],"author":[{"embeddable":true,"href":"https:\/\/laltrefestival.cat\/es\/wp-json\/wp\/v2\/users\/1"}],"replies":[{"embeddable":true,"href":"https:\/\/laltrefestival.cat\/es\/wp-json\/wp\/v2\/comments?post=2095"}],"version-history":[{"count":1,"href":"https:\/\/laltrefestival.cat\/es\/wp-json\/wp\/v2\/pages\/2095\/revisions"}],"predecessor-version":[{"id":2096,"href":"https:\/\/laltrefestival.cat\/es\/wp-json\/wp\/v2\/pages\/2095\/revisions\/2096"}],"wp:attachment":[{"href":"https:\/\/laltrefestival.cat\/es\/wp-json\/wp\/v2\/media?parent=2095"}],"curies":[{"name":"wp","href":"https:\/\/api.w.org\/{rel}","templated":true}]}}