{"id":2092,"date":"2022-02-18T21:27:14","date_gmt":"2022-02-18T19:27:14","guid":{"rendered":"https:\/\/laltrefestival.cat\/2020-2\/"},"modified":"2022-03-31T12:37:43","modified_gmt":"2022-03-31T10:37:43","slug":"2020-2","status":"publish","type":"page","link":"https:\/\/laltrefestival.cat\/es\/2020-2\/","title":{"rendered":"2020"},"content":{"rendered":"<div class=\"bt_rc_container\"><section id=\"bt_section69d2a649318f6\" data-parallax=\"0.1\" data-parallax-offset=\"0\" class=\"boldSection topExtraSpaced bottomSpaced btDarkSkin gutter btBottomVertical btParallax wBackground cover\" style=\"background-image:url('https:\/\/laltrefestival.cat\/wp-content\/uploads\/2021\/10\/LAltre_Itinerant_Jul20_35-scaled-e1633094407849.jpg');\"><div class=\"port\"><div class=\"boldCell\"><div class=\"boldCellInner\"><div class=\"boldRow \" ><div class=\"boldRowInner\"><div class=\"rowItem col-md-12 col-ms-12  btTextLeft inherit\"  data-width=\"12\"><div class=\"rowItemContent\" ><header class=\"header btClear large btDash bottomDash\" ><div class=\"btSuperTitle\">BARCELONA<\/div><div class=\"dash\"><h2><span class=\"headline\">6\u00aa edici\u00f3n\r<br><\/span><\/h2><\/div><div class=\"btSubTitle\">Julio y octubre<\/div><\/header><\/div><\/div><\/div><\/div><\/div><\/div><\/div><\/section><section id=\"bt_section69d2a64931e22\" data-parallax=\"0.1\" data-parallax-offset=\"0\" class=\"boldSection topSpaced bottomSemiSpaced gutter inherit btParallax\" style=\"background-color:#ffffff;\"><div class=\"port\"><div class=\"boldCell\"><div class=\"boldCellInner\"><div class=\"boldRow \" ><div class=\"boldRowInner\"><div class=\"rowItem col-md-6 col-sm-12 btTextLeft animate animate-fadein inherit btNoPadding\"  data-width=\"6\"><div class=\"rowItemContent\" ><div class=\"bpgPhoto \" ><div class=\"btImage\"><img decoding=\"async\" src=\"https:\/\/laltrefestival.cat\/wp-content\/uploads\/2022\/01\/poster-def_baixa.jpg\" alt=\"https:\/\/laltrefestival.cat\/wp-content\/uploads\/2022\/01\/poster-def_baixa.jpg\"><\/div><\/div><\/div><\/div><div class=\"rowItem col-md-6 col-sm-12 btTextLeft animate animate-fadein inherit btDoublePadding\"  data-width=\"6\"><div class=\"rowItemContent\" ><div class=\"btClear btSeparator bottomSmallSpaced noBorder\" ><hr><\/div><header class=\"header btClear medium btDash bottomDash\" ><div class=\"btSuperTitle\">Una edici\u00f3n diferente<\/div><div class=\"dash\"><h3><span class=\"headline\">2020<\/span><\/h3><\/div><div class=\"btSubTitle\">La 6\u00aa edici\u00f3n fue especial, diferente y estuvo m\u00e1s cerca de ti que nunca. \u201c\u00a1Si los peces pueden volar, la cultura puede llegar adonde haga falta!\u201d Por este motivo, l\u2019Altre Festival no se detuvo y acerc\u00f3 la cultura adonde hizo falta. En momentos de pandemia, hay que cuidar la salud mental m\u00e1s que nunca, especialmente la de las personas m\u00e1s vulnerables, que en aquel momento todav\u00eda no pod\u00edan salir a la calle.\r<br>\r<br>Transformamos nuestros escenarios y los hicimos itinerantes, encima del techo de un autob\u00fas que llev\u00f3 el teatro, la danza, el circo y otras maravillas esc\u00e9nicas frente a balcones, terrazas, hospitales y residencias para las personas que m\u00e1s lo necesitaban.<\/div><\/header><div class=\"btClear btSeparator bottomSmallSpaced noBorder\" ><hr><\/div><div class=\"btClear btSeparator bottomSmallSpaced noBorder\" ><hr><\/div><\/div><\/div><\/div><\/div><\/div><\/div><\/div><\/section><section id=\"bt_section69d2a64932ebd\"  class=\"boldSection gutter\" ><div class=\"port\"><div class=\"boldCell\"><div class=\"boldCellInner\"><div class=\"boldRow \" ><div class=\"boldRowInner\"><div class=\"rowItem col-md-6 col-sm-12 btTextLeft animate animate-fadein inherit btDoublePadding\"  data-width=\"6\"><div class=\"rowItemContent\" ><header class=\"header btClear medium btDash bottomDash\" ><div class=\"btSuperTitle\">Video<\/div><div class=\"dash\"><h3><span class=\"headline\">2020<\/span><\/h3><\/div><div class=\"btSubTitle\">\u201cSi los peces pueden volar, \u00a1la cultura puede acercarse adonde haga falta!\u201d<\/div><\/header><div class=\"btClear btSeparator bottomSmallSpaced noBorder\" ><hr><\/div><a href=\"https:\/\/www.youtube.com\/watch?v=Q8MOORajF18\" class=\"btBtn btBtn btnOutlineStyle btnAccentColor btnSmall btnNormalWidth btnRightPosition btnNoIcon\" ><span class=\"btnInnerText\">Video<\/span><\/a><div class=\"btClear btSeparator bottomSmallSpaced noBorder\" ><hr><\/div><\/div><\/div><div class=\"rowItem col-md-6 col-sm-12 btTextLeft animate animate-fadein inherit btNoPadding\"  data-width=\"6\"><div class=\"rowItemContent\" ><div class=\"btText\" ><p><iframe loading=\"lazy\" title=\"L&#039;Altre Festival 2020\" width=\"1200\" height=\"675\" src=\"https:\/\/www.youtube.com\/embed\/Q8MOORajF18?feature=oembed\" frameborder=\"0\" allow=\"accelerometer; autoplay; clipboard-write; encrypted-media; gyroscope; picture-in-picture\" allowfullscreen><\/iframe><\/p>\n<\/div><\/div><\/div><\/div><\/div><\/div><\/div><\/div><\/section><section id=\"bt_section69d2a649338c7\" data-parallax=\"0.1\" data-parallax-offset=\"0\" class=\"boldSection topSpaced bottomSemiSpaced gutter inherit btParallax\" style=\"background-color:#ffffff;\"><div class=\"port\"><div class=\"boldCell\"><div class=\"boldCellInner\"><div class=\"boldRow \" ><div class=\"boldRowInner\"><div class=\"rowItem col-md-6 col-sm-12 btTextLeft animate animate-fadein inherit btNoPadding\"  data-width=\"6\"><div class=\"rowItemContent\" ><div class=\"bpgPhoto \" ><div class=\"btImage\"><img decoding=\"async\" src=\"https:\/\/laltrefestival.cat\/wp-content\/uploads\/2022\/02\/LAltre_RFT_28oct2020_73.jpg\" alt=\"https:\/\/laltrefestival.cat\/wp-content\/uploads\/2022\/02\/LAltre_RFT_28oct2020_73.jpg\"><\/div><\/div><\/div><\/div><div class=\"rowItem col-md-6 col-sm-12 btTextLeft animate animate-fadein inherit btDoublePadding\"  data-width=\"6\"><div class=\"rowItemContent\" ><header class=\"header btClear medium btDash bottomDash\" ><div class=\"btSuperTitle\">Festival en l\u00ednea<\/div><div class=\"dash\"><h3><span class=\"headline\">2020<\/span><\/h3><\/div><div class=\"btSubTitle\">\u00a1Las compa\u00f1\u00edas de artes esc\u00e9nicas y salud mental aficionadas presentaron su trabajo en l\u00ednea! <\/div><\/header><div class=\"btClear btSeparator bottomSmallSpaced noBorder\" ><hr><\/div><div class=\"btClear btSeparator bottomSmallSpaced noBorder\" ><hr><\/div><\/div><\/div><\/div><\/div><\/div><\/div><\/div><\/section><\/div>","protected":false},"excerpt":{"rendered":"","protected":false},"author":1,"featured_media":0,"parent":0,"menu_order":0,"comment_status":"closed","ping_status":"closed","template":"","meta":{"footnotes":""},"class_list":["post-2092","page","type-page","status-publish","hentry"],"aioseo_notices":[],"_links":{"self":[{"href":"https:\/\/laltrefestival.cat\/es\/wp-json\/wp\/v2\/pages\/2092","targetHints":{"allow":["GET"]}}],"collection":[{"href":"https:\/\/laltrefestival.cat\/es\/wp-json\/wp\/v2\/pages"}],"about":[{"href":"https:\/\/laltrefestival.cat\/es\/wp-json\/wp\/v2\/types\/page"}],"author":[{"embeddable":true,"href":"https:\/\/laltrefestival.cat\/es\/wp-json\/wp\/v2\/users\/1"}],"replies":[{"embeddable":true,"href":"https:\/\/laltrefestival.cat\/es\/wp-json\/wp\/v2\/comments?post=2092"}],"version-history":[{"count":2,"href":"https:\/\/laltrefestival.cat\/es\/wp-json\/wp\/v2\/pages\/2092\/revisions"}],"predecessor-version":[{"id":2453,"href":"https:\/\/laltrefestival.cat\/es\/wp-json\/wp\/v2\/pages\/2092\/revisions\/2453"}],"wp:attachment":[{"href":"https:\/\/laltrefestival.cat\/es\/wp-json\/wp\/v2\/media?parent=2092"}],"curies":[{"name":"wp","href":"https:\/\/api.w.org\/{rel}","templated":true}]}}