{"id":2089,"date":"2022-02-18T21:24:39","date_gmt":"2022-02-18T19:24:39","guid":{"rendered":"https:\/\/laltrefestival.cat\/2019-2\/"},"modified":"2022-02-18T21:26:43","modified_gmt":"2022-02-18T19:26:43","slug":"2019-2","status":"publish","type":"page","link":"https:\/\/laltrefestival.cat\/es\/2019-2\/","title":{"rendered":"2019"},"content":{"rendered":"<div class=\"bt_rc_container\"><section id=\"bt_section69d8b74974f37\" data-parallax=\"0.1\" data-parallax-offset=\"0\" class=\"boldSection topExtraSpaced bottomSpaced btDarkSkin gutter btBottomVertical btParallax wBackground cover\" style=\"background-image:url('https:\/\/laltrefestival.cat\/wp-content\/uploads\/2022\/01\/10BR.jpg');\"><div class=\"port\"><div class=\"boldCell\"><div class=\"boldCellInner\"><div class=\"boldRow \" ><div class=\"boldRowInner\"><div class=\"rowItem col-md-12 col-ms-12  btTextLeft inherit\"  data-width=\"12\"><div class=\"rowItemContent\" ><header class=\"header btClear large btDash bottomDash\" ><div class=\"btSuperTitle\">ROSARIO \/ BARCELONA<\/div><div class=\"dash\"><h2><span class=\"headline\">5\u00aa edici\u00f3n\r<br><\/span><\/h2><\/div><div class=\"btSubTitle\">Abril y junio<\/div><\/header><\/div><\/div><\/div><\/div><\/div><\/div><\/div><\/section><section id=\"bt_section69d8b74975432\" data-parallax=\"0.1\" data-parallax-offset=\"0\" class=\"boldSection topSpaced bottomSemiSpaced gutter inherit btParallax\" style=\"background-color:#ffffff;\"><div class=\"port\"><div class=\"boldCell\"><div class=\"boldCellInner\"><div class=\"boldRow \" ><div class=\"boldRowInner\"><div class=\"rowItem col-md-6 col-sm-12 btTextLeft animate animate-fadein inherit btNoPadding\"  data-width=\"6\"><div class=\"rowItemContent\" ><div class=\"bpgPhoto \" > \r\n\t\t\t\t\t<a href=\"https:\/\/laltrefestival.cat\/wp-content\/uploads\/2022\/02\/agenda-def_baixa.pdf\" target=\"_self\"><\/a>\r\n\t\t\t\t\t<div class=\"boldPhotoBox\"><div class=\"bpbItem\"><div class=\"btImage\"><img decoding=\"async\" src=\"https:\/\/laltrefestival.cat\/wp-content\/uploads\/2022\/01\/POSTER-LALTRE-2019_A3_baixa.jpg\" alt=\"https:\/\/laltrefestival.cat\/wp-content\/uploads\/2022\/01\/POSTER-LALTRE-2019_A3_baixa.jpg\"><\/div><\/div><\/div>\r\n\t\t\t\t\t<div class=\"captionPane btDarkSkin\">\r\n\t\t\t\t\t\t<div class=\"captionTable\">\r\n\t\t\t\t\t\t\t<div class=\"captionCell\">\r\n\t\t\t\t\t\t\t\t<div class=\"captionTxt\"><\/div>\r\n\t\t\t\t\t\t\t<\/div>\r\n\t\t\t\t\t\t<\/div>\r\n\t\t\t\t\t<\/div><\/div><\/div><\/div><div class=\"rowItem col-md-6 col-sm-12 btTextLeft animate animate-fadein inherit btDoublePadding\"  data-width=\"6\"><div class=\"rowItemContent\" ><div class=\"btClear btSeparator bottomSmallSpaced noBorder\" ><hr><\/div><header class=\"header btClear medium btDash bottomDash\" ><div class=\"btSuperTitle\">Programa<\/div><div class=\"dash\"><h3><span class=\"headline\">2019<\/span><\/h3><\/div><div class=\"btSubTitle\">El a\u00f1o en que celebramos el quinto aniversario, decidimos cruzar el mar y empezar en la ciudad argentina de Rosario. El mes de abril de 2019, durante cinco d\u00edas, El Otro Festival visti\u00f3 la orilla del r\u00edo Paran\u00e1 de danza, teatro y m\u00fasica. Y de nuevo, del 6 al 9 de junio, aterrizamos a la Fabra i Coats con un mont\u00f3n de propuestas de todo el mundo. <\/div><\/header><div class=\"btClear btSeparator bottomSmallSpaced noBorder\" ><hr><\/div><a href=\"https:\/\/laltrefestival.cat\/wp-content\/uploads\/2022\/02\/agenda-def_baixa.pdf\" class=\"btBtn btBtn btnOutlineStyle btnAccentColor btnSmall btnNormalWidth btnRightPosition btnNoIcon\" ><span class=\"btnInnerText\">Programa<\/span><\/a><div class=\"btClear btSeparator bottomSmallSpaced noBorder\" ><hr><\/div><\/div><\/div><\/div><\/div><\/div><\/div><\/div><\/section><section id=\"bt_section69d8b74976488\" data-parallax=\"0.1\" data-parallax-offset=\"0\" class=\"boldSection topSpaced bottomSemiSpaced gutter inherit btParallax\" style=\"background-color:#ffffff;\"><div class=\"port\"><div class=\"boldCell\"><div class=\"boldCellInner\"><div class=\"boldRow \" ><div class=\"boldRowInner\"><div class=\"rowItem col-md-6 col-sm-12 btTextLeft animate animate-fadein inherit btDoublePadding\"  data-width=\"6\"><div class=\"rowItemContent\" ><div class=\"btClear btSeparator bottomSmallSpaced noBorder\" ><hr><\/div><header class=\"header btClear medium btDash bottomDash\" ><div class=\"btSuperTitle\">Radios<\/div><div class=\"dash\"><h3><span class=\"headline\">2019<\/span><\/h3><\/div><div class=\"btSubTitle\">\u00a1El 8 de junio de 10 a 22 h fue un d\u00eda sonoro en el recinto de la Fabra i Coats! Las radios de diferentes rincones del mundo informaron y transmitieron lo que estaba pasando en l\u2019Altre Festival. <\/div><\/header><div class=\"btClear btSeparator bottomSmallSpaced noBorder\" ><hr><\/div><div class=\"btClear btSeparator bottomSmallSpaced noBorder\" ><hr><\/div><\/div><\/div><div class=\"rowItem col-md-6 col-sm-12 btTextLeft animate animate-fadein inherit btNoPadding\"  data-width=\"6\"><div class=\"rowItemContent\" ><div class=\"bpgPhoto \" ><div class=\"btImage\"><img decoding=\"async\" src=\"https:\/\/laltrefestival.cat\/wp-content\/uploads\/2022\/02\/MG_5479.jpg\" alt=\"https:\/\/laltrefestival.cat\/wp-content\/uploads\/2022\/02\/MG_5479.jpg\"><\/div><\/div><\/div><\/div><\/div><\/div><\/div><\/div><\/div><\/section><section id=\"bt_section69d8b74976eb3\" data-parallax=\"0.1\" data-parallax-offset=\"0\" class=\"boldSection topSpaced bottomSemiSpaced gutter inherit btParallax\" style=\"background-color:#ffffff;\"><div class=\"port\"><div class=\"boldCell\"><div class=\"boldCellInner\"><div class=\"boldRow \" ><div class=\"boldRowInner\"><div class=\"rowItem col-md-6 col-sm-12 btTextLeft animate animate-fadein inherit btNoPadding\"  data-width=\"6\"><div class=\"rowItemContent\" ><div class=\"bpgPhoto \" ><div class=\"btImage\"><img decoding=\"async\" src=\"https:\/\/laltrefestival.cat\/wp-content\/uploads\/2022\/01\/MG_6674.jpg\" alt=\"https:\/\/laltrefestival.cat\/wp-content\/uploads\/2022\/01\/MG_6674.jpg\"><\/div><\/div><\/div><\/div><div class=\"rowItem col-md-6 col-sm-12 btTextLeft animate animate-fadein inherit btDoublePadding\"  data-width=\"6\"><div class=\"rowItemContent\" ><header class=\"header btClear medium btDash bottomDash\" ><div class=\"btSuperTitle\">Premio Josep Clusa<\/div><div class=\"dash\"><h3><span class=\"headline\">2019<\/span><\/h3><\/div><div class=\"btSubTitle\">En su quinta edici\u00f3n, l\u2019Altre Festival entreg\u00f3 el Premio de Artes Esc\u00e9nicas y Salud Mental al mejor espect\u00e1culo de aquel a\u00f1o. Este es un galard\u00f3n de \u00e1mbito internacional otorgado a compa\u00f1\u00edas art\u00edsticas, colectivos o entidades que presenten un espect\u00e1culo en el marco de l\u2019Altre Festival. <\/div><\/header><div class=\"btClear btSeparator bottomSmallSpaced noBorder\" ><hr><\/div><div class=\"btClear btSeparator bottomSmallSpaced noBorder\" ><hr><\/div><\/div><\/div><\/div><\/div><\/div><\/div><\/div><\/section><section id=\"bt_section69d8b74977688\"  class=\"boldSection gutter\" ><div class=\"port\"><div class=\"boldCell\"><div class=\"boldCellInner\"><div class=\"boldRow \" ><div class=\"boldRowInner\"><div class=\"rowItem col-md-6 col-sm-12 btTextLeft animate animate-fadein inherit btDoublePadding\"  data-width=\"6\"><div class=\"rowItemContent\" ><header class=\"header btClear medium btDash bottomDash\" ><div class=\"btSuperTitle\">Video<\/div><div class=\"dash\"><h3><span class=\"headline\">2019<\/span><\/h3><\/div><div class=\"btSubTitle\">Compartimos los mejores momentos de la 5.\u00aa edici\u00f3n del festival, cuatro d\u00edas de artes esc\u00e9nicas: \u00a1teatro, danza, m\u00fasica, radio y salud mental en Barcelona! <\/div><\/header><div class=\"btClear btSeparator bottomSmallSpaced noBorder\" ><hr><\/div><a href=\"https:\/\/www.youtube.com\/watch?v=WEyWosRXt7s\" class=\"btBtn btBtn btnOutlineStyle btnAccentColor btnSmall btnNormalWidth btnRightPosition btnNoIcon\" ><span class=\"btnInnerText\">Video<\/span><\/a><div class=\"btClear btSeparator bottomSmallSpaced noBorder\" ><hr><\/div><\/div><\/div><div class=\"rowItem col-md-6 col-sm-12 btTextLeft animate animate-fadein inherit btNoPadding\"  data-width=\"6\"><div class=\"rowItemContent\" ><div class=\"btText\" ><p><iframe loading=\"lazy\" title=\"La cr\u00e8me de la cr\u00e8me de L&#039;Altre Festival 2019\" width=\"1200\" height=\"675\" src=\"https:\/\/www.youtube.com\/embed\/WEyWosRXt7s?feature=oembed\" frameborder=\"0\" allow=\"accelerometer; autoplay; clipboard-write; encrypted-media; gyroscope; picture-in-picture\" allowfullscreen><\/iframe><\/p>\n<\/div><\/div><\/div><\/div><\/div><\/div><\/div><\/div><\/section><\/div>","protected":false},"excerpt":{"rendered":"","protected":false},"author":1,"featured_media":0,"parent":0,"menu_order":0,"comment_status":"closed","ping_status":"closed","template":"","meta":{"footnotes":""},"class_list":["post-2089","page","type-page","status-publish","hentry"],"aioseo_notices":[],"_links":{"self":[{"href":"https:\/\/laltrefestival.cat\/es\/wp-json\/wp\/v2\/pages\/2089","targetHints":{"allow":["GET"]}}],"collection":[{"href":"https:\/\/laltrefestival.cat\/es\/wp-json\/wp\/v2\/pages"}],"about":[{"href":"https:\/\/laltrefestival.cat\/es\/wp-json\/wp\/v2\/types\/page"}],"author":[{"embeddable":true,"href":"https:\/\/laltrefestival.cat\/es\/wp-json\/wp\/v2\/users\/1"}],"replies":[{"embeddable":true,"href":"https:\/\/laltrefestival.cat\/es\/wp-json\/wp\/v2\/comments?post=2089"}],"version-history":[{"count":1,"href":"https:\/\/laltrefestival.cat\/es\/wp-json\/wp\/v2\/pages\/2089\/revisions"}],"predecessor-version":[{"id":2090,"href":"https:\/\/laltrefestival.cat\/es\/wp-json\/wp\/v2\/pages\/2089\/revisions\/2090"}],"wp:attachment":[{"href":"https:\/\/laltrefestival.cat\/es\/wp-json\/wp\/v2\/media?parent=2089"}],"curies":[{"name":"wp","href":"https:\/\/api.w.org\/{rel}","templated":true}]}}