{"id":2071,"date":"2022-02-18T15:37:59","date_gmt":"2022-02-18T13:37:59","guid":{"rendered":"https:\/\/laltrefestival.cat\/altres-ediciones\/"},"modified":"2023-12-03T18:38:53","modified_gmt":"2023-12-03T16:38:53","slug":"altres-ediciones","status":"publish","type":"page","link":"https:\/\/laltrefestival.cat\/es\/altres-ediciones\/","title":{"rendered":"Altres ediciones"},"content":{"rendered":"<div class=\"bt_rc_container\"><section id=\"bt_section69de2388f095b\" data-parallax=\"0.1\" data-parallax-offset=\"0\" class=\"boldSection topExtraSpaced bottomSpaced btDarkSkin gutter btBottomVertical btParallax wBackground cover\" style=\"background-image:url('https:\/\/laltrefestival.cat\/wp-content\/uploads\/2022\/01\/10BR.jpg');\"><div class=\"port\"><div class=\"boldCell\"><div class=\"boldCellInner\"><div class=\"boldRow \" ><div class=\"boldRowInner\"><div class=\"rowItem col-md-12 col-ms-12  btTextLeft inherit\"  data-width=\"12\"><div class=\"rowItemContent\" ><header class=\"header btClear large btDash bottomDash\" ><\/header><\/div><\/div><\/div><\/div><\/div><\/div><\/div><\/section><section id=\"bt_section69de2388f0eb1\"  class=\"boldSection topSpaced bottomSpaced gutter inherit\" style=\"background-color:#ffffff;\"><div class=\"port\"><div class=\"boldCell\"><div class=\"boldCellInner\"><div class=\"boldRow \" ><div class=\"boldRowInner\"><div class=\"rowItem col-md-6 col-sm-12 btTextLeft inherit\"  data-width=\"6\"><div class=\"rowItemContent\" ><header class=\"header btClear extralarge btDash bottomDash\" ><div class=\"btSuperTitle\">Las Altres<\/div><div class=\"dash\"><h1><span class=\"headline\">ediciones<\/span><\/h1><\/div><div class=\"btSubTitle\">\u00a1Bienvenida a l\u2019Altre Festival\r<br>Internacional de Artes Esc\u00e9nicas y Salud Mental!<\/div><\/header><\/div><\/div><div class=\"rowItem col-md-3 col-sm-6 col-ms-12 btTextLeft animate animate-fadein animate-moveup btTextIndent inherit\"  data-width=\"3\"><div class=\"rowItemContent\" background-color: rgba(255, 255, 255, 1); ><div class=\"bpgPhoto btTextCenter\" > \r\n\t\t\t\t\t<a href=\"https:\/\/laltrefestival.cat\/2015-2\/\" target=\"_self\"><\/a>\r\n\t\t\t\t\t<div class=\"boldPhotoBox\"><div class=\"bpbItem\"><div class=\"btImage\"><img decoding=\"async\" src=\"https:\/\/laltrefestival.cat\/wp-content\/uploads\/2022\/01\/2015.jpg\" alt=\"https:\/\/laltrefestival.cat\/wp-content\/uploads\/2022\/01\/2015.jpg\"><\/div><\/div><\/div>\r\n\t\t\t\t\t<div class=\"captionPane btDarkSkin\">\r\n\t\t\t\t\t\t<div class=\"captionTable\">\r\n\t\t\t\t\t\t\t<div class=\"captionCell\">\r\n\t\t\t\t\t\t\t\t<div class=\"captionTxt\"><\/div>\r\n\t\t\t\t\t\t\t<\/div>\r\n\t\t\t\t\t\t<\/div>\r\n\t\t\t\t\t<\/div><\/div><div class=\"btClear btSeparator topSmallSpaced noBorder\" ><hr><\/div><header class=\"header btClear medium btDash bottomDash\" ><div class=\"btSuperTitle\">2015<\/div><div class=\"dash\"><h3><span class=\"headline\">1\u00aa edici\u00f3n<\/span><\/h3><\/div><div class=\"btSubTitle\">Cuatro d\u00edas de teatro, danza, m\u00fasica y circo para averiguar qui\u00e9n es l\u2019Altre.<\/div><\/header><div class=\"btClear btSeparator topSmallSpaced noBorder\" ><hr><\/div><\/div><\/div><div class=\"rowItem col-md-3 col-sm-6 col-ms-12 btTextLeft animate animate-fadein animate-moveup btTextIndent inherit\"  data-width=\"3\"><div class=\"rowItemContent\" background-color: rgba(255, 255, 255, 1); ><div class=\"bpgPhoto btTextCenter\" > \r\n\t\t\t\t\t<a href=\"https:\/\/laltrefestival.cat\/2016-2\/\" target=\"_self\"><\/a>\r\n\t\t\t\t\t<div class=\"boldPhotoBox\"><div class=\"bpbItem\"><div class=\"btImage\"><img decoding=\"async\" src=\"https:\/\/laltrefestival.cat\/wp-content\/uploads\/2022\/01\/TapaPrograma2016.jpg\" alt=\"https:\/\/laltrefestival.cat\/wp-content\/uploads\/2022\/01\/TapaPrograma2016.jpg\"><\/div><\/div><\/div>\r\n\t\t\t\t\t<div class=\"captionPane btDarkSkin\">\r\n\t\t\t\t\t\t<div class=\"captionTable\">\r\n\t\t\t\t\t\t\t<div class=\"captionCell\">\r\n\t\t\t\t\t\t\t\t<div class=\"captionTxt\"><\/div>\r\n\t\t\t\t\t\t\t<\/div>\r\n\t\t\t\t\t\t<\/div>\r\n\t\t\t\t\t<\/div><\/div><div class=\"btClear btSeparator topSmallSpaced noBorder\" ><hr><\/div><header class=\"header btClear medium btDash bottomDash\" ><div class=\"btSuperTitle\">2016<\/div><div class=\"dash\"><h3><span class=\"headline\">2\u00aa edici\u00f3n<\/span><\/h3><\/div><div class=\"btSubTitle\">Ese a\u00f1o aterrizamos en el Mercat de les Flors para hacerte vivir nuestra experiencia \u00fanica y fabulosa.<\/div><\/header><div class=\"btClear btSeparator topSmallSpaced noBorder\" ><hr><\/div><\/div><\/div><\/div><\/div><div class=\"boldRow \" ><div class=\"boldRowInner\"><div class=\"rowItem col-md-12 col-ms-12  btTextLeft animate animate-fadein animate-moveup inherit\"  data-width=\"12\"><div class=\"rowItemContent\" ><div class=\"btClear btSeparator topSmallSpaced noBorder\" ><hr><\/div><\/div><\/div><\/div><\/div><div class=\"boldRow \" ><div class=\"boldRowInner\"><div class=\"rowItem col-md-3 col-sm-6 col-ms-12 btTextLeft animate animate-fadein animate-moveup btTextIndent inherit\"  data-width=\"3\"><div class=\"rowItemContent\" background-color: rgba(255, 255, 255, 1); ><div class=\"bpgPhoto btTextCenter\" > \r\n\t\t\t\t\t<a href=\"https:\/\/laltrefestival.cat\/2017-2\/\" target=\"_self\"><\/a>\r\n\t\t\t\t\t<div class=\"boldPhotoBox\"><div class=\"bpbItem\"><div class=\"btImage\"><img decoding=\"async\" src=\"https:\/\/laltrefestival.cat\/wp-content\/uploads\/2022\/02\/edicions_anterios2-2-scaled.jpg\" alt=\"https:\/\/laltrefestival.cat\/wp-content\/uploads\/2022\/02\/edicions_anterios2-2-scaled.jpg\"><\/div><\/div><\/div>\r\n\t\t\t\t\t<div class=\"captionPane btDarkSkin\">\r\n\t\t\t\t\t\t<div class=\"captionTable\">\r\n\t\t\t\t\t\t\t<div class=\"captionCell\">\r\n\t\t\t\t\t\t\t\t<div class=\"captionTxt\"><\/div>\r\n\t\t\t\t\t\t\t<\/div>\r\n\t\t\t\t\t\t<\/div>\r\n\t\t\t\t\t<\/div><\/div><div class=\"btClear btSeparator topSmallSpaced noBorder\" ><hr><\/div><header class=\"header btClear medium btDash bottomDash\" ><div class=\"btSuperTitle\">2017<\/div><div class=\"dash\"><h3><span class=\"headline\">3\u00aa edici\u00f3n<\/span><\/h3><\/div><div class=\"btSubTitle\">Del 8 al 11 de junio, la Fabra i Coats se llen\u00f3 de teatro, danza, m\u00fasica, circo y regaderas venidas de los cuatro confines del mundo mundial para ofrecerte m\u00e1s de veinticinco espect\u00e1culos.<\/div><\/header><div class=\"btClear btSeparator topSmallSpaced noBorder\" ><hr><\/div><\/div><\/div><div class=\"rowItem col-md-3 col-sm-6 col-ms-12 btTextLeft animate animate-fadein animate-moveup btTextIndent inherit\"  data-width=\"3\"><div class=\"rowItemContent\" background-color: rgba(255, 255, 255, 1); ><div class=\"bpgPhoto btTextCenter\" > \r\n\t\t\t\t\t<a href=\"https:\/\/laltrefestival.cat\/2018-2\/\" target=\"_self\"><\/a>\r\n\t\t\t\t\t<div class=\"boldPhotoBox\"><div class=\"bpbItem\"><div class=\"btImage\"><img decoding=\"async\" src=\"https:\/\/laltrefestival.cat\/wp-content\/uploads\/2022\/01\/PROGRAMA-LALTRE2018.jpg\" alt=\"https:\/\/laltrefestival.cat\/wp-content\/uploads\/2022\/01\/PROGRAMA-LALTRE2018.jpg\"><\/div><\/div><\/div>\r\n\t\t\t\t\t<div class=\"captionPane btDarkSkin\">\r\n\t\t\t\t\t\t<div class=\"captionTable\">\r\n\t\t\t\t\t\t\t<div class=\"captionCell\">\r\n\t\t\t\t\t\t\t\t<div class=\"captionTxt\"><\/div>\r\n\t\t\t\t\t\t\t<\/div>\r\n\t\t\t\t\t\t<\/div>\r\n\t\t\t\t\t<\/div><\/div><div class=\"btClear btSeparator topSmallSpaced noBorder\" ><hr><\/div><header class=\"header btClear medium btDash bottomDash\" ><div class=\"btSuperTitle\">2018<\/div><div class=\"dash\"><h3><span class=\"headline\">4\u00aa edici\u00f3n<\/span><\/h3><\/div><div class=\"btSubTitle\">Manresa y Barcelona fueron las dos sedes de esta edici\u00f3n m\u00e1s internacional que nunca.<\/div><\/header><div class=\"btClear btSeparator topSmallSpaced noBorder\" ><hr><\/div><\/div><\/div><div class=\"rowItem col-md-3 col-sm-6 col-ms-12 btTextLeft animate animate-fadein animate-moveup btTextIndent inherit\"  data-width=\"3\"><div class=\"rowItemContent\" background-color: rgba(255, 255, 255, 1); ><div class=\"bpgPhoto btTextCenter\" > \r\n\t\t\t\t\t<a href=\"https:\/\/laltrefestival.cat\/2019-2\/\" target=\"_self\"><\/a>\r\n\t\t\t\t\t<div class=\"boldPhotoBox\"><div class=\"bpbItem\"><div class=\"btImage\"><img decoding=\"async\" src=\"https:\/\/laltrefestival.cat\/wp-content\/uploads\/2022\/01\/POSTER-LALTRE-2019_A3_baixa.jpg\" alt=\"https:\/\/laltrefestival.cat\/wp-content\/uploads\/2022\/01\/POSTER-LALTRE-2019_A3_baixa.jpg\"><\/div><\/div><\/div>\r\n\t\t\t\t\t<div class=\"captionPane btDarkSkin\">\r\n\t\t\t\t\t\t<div class=\"captionTable\">\r\n\t\t\t\t\t\t\t<div class=\"captionCell\">\r\n\t\t\t\t\t\t\t\t<div class=\"captionTxt\"><\/div>\r\n\t\t\t\t\t\t\t<\/div>\r\n\t\t\t\t\t\t<\/div>\r\n\t\t\t\t\t<\/div><\/div><div class=\"btClear btSeparator topSmallSpaced noBorder\" ><hr><\/div><header class=\"header btClear medium btDash bottomDash\" ><div class=\"btSuperTitle\">2019<\/div><div class=\"dash\"><h3><span class=\"headline\">5\u00aa edici\u00f3n<\/span><\/h3><\/div><div class=\"btSubTitle\">Celebramos el quinto aniversario y decidimos cruzar el mar. Empezamos en la ciudad argentina de Rosario y acabamos en Barcelona.<\/div><\/header><div class=\"btClear btSeparator topSmallSpaced noBorder\" ><hr><\/div><\/div><\/div><div class=\"rowItem col-md-3 col-sm-6 col-ms-12 btTextLeft animate animate-fadein animate-moveup btTextIndent inherit\"  data-width=\"3\"><div class=\"rowItemContent\" background-color: rgba(255, 255, 255, 1); ><div class=\"bpgPhoto btTextCenter\" > \r\n\t\t\t\t\t<a href=\"https:\/\/laltrefestival.cat\/2020-2\/\" target=\"_self\"><\/a>\r\n\t\t\t\t\t<div class=\"boldPhotoBox\"><div class=\"bpbItem\"><div class=\"btImage\"><img decoding=\"async\" src=\"https:\/\/laltrefestival.cat\/wp-content\/uploads\/2022\/01\/poster-def_baixa.jpg\" alt=\"https:\/\/laltrefestival.cat\/wp-content\/uploads\/2022\/01\/poster-def_baixa.jpg\"><\/div><\/div><\/div>\r\n\t\t\t\t\t<div class=\"captionPane btDarkSkin\">\r\n\t\t\t\t\t\t<div class=\"captionTable\">\r\n\t\t\t\t\t\t\t<div class=\"captionCell\">\r\n\t\t\t\t\t\t\t\t<div class=\"captionTxt\"><\/div>\r\n\t\t\t\t\t\t\t<\/div>\r\n\t\t\t\t\t\t<\/div>\r\n\t\t\t\t\t<\/div><\/div><div class=\"btClear btSeparator topSmallSpaced noBorder\" ><hr><\/div><header class=\"header btClear medium btDash bottomDash\" ><div class=\"btSuperTitle\">2020<\/div><div class=\"dash\"><h3><span class=\"headline\">6\u00aa edici\u00f3n<\/span><\/h3><\/div><div class=\"btSubTitle\">\u201cSi los peces pueden volar, \u00a1la cultura puede acercarse adonde haga falta!\u201d Transformamos los escenarios y nos aproximamos adonde m\u00e1s nos necesitaban en aquella nueva realidad.<\/div><\/header><div class=\"btClear btSeparator topSmallSpaced noBorder\" ><hr><\/div><\/div><\/div><\/div><\/div><div class=\"boldRow \" ><div class=\"boldRowInner\"><div class=\"rowItem col-md-3 col-sm-6 col-ms-12 btTextLeft animate animate-fadein animate-moveup btTextIndent inherit\"  data-width=\"3\"><div class=\"rowItemContent\" background-color: rgba(255, 255, 255, 1); ><div class=\"bpgPhoto btTextCenter\" > \r\n\t\t\t\t\t<a href=\"https:\/\/laltrefestival.cat\/2021-2\/\" target=\"_self\"><\/a>\r\n\t\t\t\t\t<div class=\"boldPhotoBox\"><div class=\"bpbItem\"><div class=\"btImage\"><img decoding=\"async\" src=\"https:\/\/laltrefestival.cat\/wp-content\/uploads\/2022\/02\/LAltreFestival2021_poster2.jpg\" alt=\"https:\/\/laltrefestival.cat\/wp-content\/uploads\/2022\/02\/LAltreFestival2021_poster2.jpg\"><\/div><\/div><\/div>\r\n\t\t\t\t\t<div class=\"captionPane btDarkSkin\">\r\n\t\t\t\t\t\t<div class=\"captionTable\">\r\n\t\t\t\t\t\t\t<div class=\"captionCell\">\r\n\t\t\t\t\t\t\t\t<div class=\"captionTxt\"><\/div>\r\n\t\t\t\t\t\t\t<\/div>\r\n\t\t\t\t\t\t<\/div>\r\n\t\t\t\t\t<\/div><\/div><div class=\"btClear btSeparator topSmallSpaced noBorder\" ><hr><\/div><header class=\"header btClear medium btDash bottomDash\" ><div class=\"btSuperTitle\">2021<\/div><div class=\"dash\"><h3><span class=\"headline\">7\u00aa edici\u00f3n<\/span><\/h3><\/div><div class=\"btSubTitle\">En esta s\u00e9ptima edici\u00f3n programamos m\u00e1s de treinta espect\u00e1culos para olvidarnos de bichos y pandemias durante un rato.<\/div><\/header><div class=\"btClear btSeparator topSmallSpaced noBorder\" ><hr><\/div><\/div><\/div><div class=\"rowItem col-md-3 col-sm-6 col-ms-12 btTextLeft animate animate-fadein animate-moveup btTextIndent inherit\"  data-width=\"3\"><div class=\"rowItemContent\" background-color: rgba(255, 255, 255, 1); ><div class=\"bpgPhoto btTextCenter\" > \r\n\t\t\t\t\t<a href=\"https:\/\/laltrefestival.cat\/es\/laltre-2022\/\" target=\"_self\"><\/a>\r\n\t\t\t\t\t<div class=\"boldPhotoBox\"><div class=\"bpbItem\"><div class=\"btImage\"><img decoding=\"async\" src=\"https:\/\/laltrefestival.cat\/wp-content\/uploads\/2022\/12\/CARTELL_LALTRE_2022_CAST-scaled.jpg\" alt=\"https:\/\/laltrefestival.cat\/wp-content\/uploads\/2022\/12\/CARTELL_LALTRE_2022_CAST-scaled.jpg\"><\/div><\/div><\/div>\r\n\t\t\t\t\t<div class=\"captionPane btDarkSkin\">\r\n\t\t\t\t\t\t<div class=\"captionTable\">\r\n\t\t\t\t\t\t\t<div class=\"captionCell\">\r\n\t\t\t\t\t\t\t\t<div class=\"captionTxt\"><\/div>\r\n\t\t\t\t\t\t\t<\/div>\r\n\t\t\t\t\t\t<\/div>\r\n\t\t\t\t\t<\/div><\/div><div class=\"btClear btSeparator topSmallSpaced noBorder\" ><hr><\/div><header class=\"header btClear medium btDash bottomDash\" ><div class=\"btSuperTitle\">2022<\/div><div class=\"dash\"><h3><span class=\"headline\">8\u00aa edici\u00f3n<\/span><\/h3><\/div><div class=\"btSubTitle\">En esta octava edici\u00f3n participaron m\u00e1s de 35 compa\u00f1\u00edas de teatro, danza, circo, m\u00fasica y otros formatos esc\u00e9nicos. <\/div><\/header><div class=\"btClear btSeparator topSmallSpaced noBorder\" ><hr><\/div><\/div><\/div><div class=\"rowItem col-md-3 col-sm-6 col-ms-12 btTextLeft animate animate-fadein animate-moveup btTextIndent inherit\"  data-width=\"3\"><div class=\"rowItemContent\" background-color: rgba(255, 255, 255, 1); ><div class=\"bpgPhoto btTextCenter\" > \r\n\t\t\t\t\t<a href=\"https:\/\/laltrefestival.cat\/es\/laltre-2023\/\" target=\"_self\"><\/a>\r\n\t\t\t\t\t<div class=\"boldPhotoBox\"><div class=\"bpbItem\"><div class=\"btImage\"><img decoding=\"async\" src=\"https:\/\/laltrefestival.cat\/wp-content\/uploads\/2023\/12\/CARTELL-LALTRE-FESTIVAL-2023.jpg\" alt=\"https:\/\/laltrefestival.cat\/wp-content\/uploads\/2023\/12\/CARTELL-LALTRE-FESTIVAL-2023.jpg\"><\/div><\/div><\/div>\r\n\t\t\t\t\t<div class=\"captionPane btDarkSkin\">\r\n\t\t\t\t\t\t<div class=\"captionTable\">\r\n\t\t\t\t\t\t\t<div class=\"captionCell\">\r\n\t\t\t\t\t\t\t\t<div class=\"captionTxt\"><\/div>\r\n\t\t\t\t\t\t\t<\/div>\r\n\t\t\t\t\t\t<\/div>\r\n\t\t\t\t\t<\/div><\/div><div class=\"btClear btSeparator topSmallSpaced noBorder\" ><hr><\/div><header class=\"header btClear medium btDash bottomDash\" ><div class=\"btSuperTitle\">2023<\/div><div class=\"dash\"><h3><span class=\"headline\">9\u00aa edici\u00f3n<\/span><\/h3><\/div><div class=\"btSubTitle\">Ya van nueve ediciones y volvemos con m\u00e1s de 35 espect\u00e1culos de teatro, danza, m\u00fasica, poes\u00eda y otros formatos en 6 espacios diferentes. <\/div><\/header><div class=\"btClear btSeparator topSmallSpaced noBorder\" ><hr><\/div><\/div><\/div><div class=\"rowItem col-md-3 col-sm-6 col-ms-12 btTextLeft animate animate-fadein animate-moveup btTextIndent inherit\"  data-width=\"3\"><div class=\"rowItemContent\" background-color: rgba(255, 255, 255, 1); ><\/div><\/div><\/div><\/div><div class=\"boldRow \" ><div class=\"boldRowInner\"><\/div><\/div><div class=\"boldRow \" ><div class=\"boldRowInner\"><\/div><\/div><\/div><\/div><\/div><\/section><\/div>","protected":false},"excerpt":{"rendered":"","protected":false},"author":1,"featured_media":0,"parent":0,"menu_order":0,"comment_status":"closed","ping_status":"closed","template":"","meta":{"footnotes":""},"class_list":["post-2071","page","type-page","status-publish","hentry"],"aioseo_notices":[],"_links":{"self":[{"href":"https:\/\/laltrefestival.cat\/es\/wp-json\/wp\/v2\/pages\/2071","targetHints":{"allow":["GET"]}}],"collection":[{"href":"https:\/\/laltrefestival.cat\/es\/wp-json\/wp\/v2\/pages"}],"about":[{"href":"https:\/\/laltrefestival.cat\/es\/wp-json\/wp\/v2\/types\/page"}],"author":[{"embeddable":true,"href":"https:\/\/laltrefestival.cat\/es\/wp-json\/wp\/v2\/users\/1"}],"replies":[{"embeddable":true,"href":"https:\/\/laltrefestival.cat\/es\/wp-json\/wp\/v2\/comments?post=2071"}],"version-history":[{"count":10,"href":"https:\/\/laltrefestival.cat\/es\/wp-json\/wp\/v2\/pages\/2071\/revisions"}],"predecessor-version":[{"id":5017,"href":"https:\/\/laltrefestival.cat\/es\/wp-json\/wp\/v2\/pages\/2071\/revisions\/5017"}],"wp:attachment":[{"href":"https:\/\/laltrefestival.cat\/es\/wp-json\/wp\/v2\/media?parent=2071"}],"curies":[{"name":"wp","href":"https:\/\/api.w.org\/{rel}","templated":true}]}}