{"id":2044,"date":"2022-02-18T14:40:44","date_gmt":"2022-02-18T12:40:44","guid":{"rendered":"https:\/\/laltrefestival.cat\/altres-producciones\/"},"modified":"2023-07-20T13:32:39","modified_gmt":"2023-07-20T11:32:39","slug":"altres-producciones","status":"publish","type":"page","link":"https:\/\/laltrefestival.cat\/es\/altres-producciones\/","title":{"rendered":"Producciones"},"content":{"rendered":"<div class=\"bt_rc_container\"><section id=\"bt_section69de25da8f981\"  class=\"boldSection btDarkSkin inherit\" ><div class=\"port\"><div class=\"boldCell\"><div class=\"boldCellInner\"><div class=\"boldRow \" ><div class=\"boldRowInner\"><div class=\"rowItem col-md-12 col-ms-12  btTextLeft inherit\"  data-width=\"12\"><div class=\"rowItemContent\" ><div class=\"slided mediumSliderHeight\"  data-slick='{\"autoplay\":true,\"autoplaySpeed\":3000,\"pauseOnHover\":false,\"pauseOnDotsHover\":true}' data-simple_arrows=\"no\"><div class=\"slidedItem firstItem\"  data-thumb=\"https:\/\/laltrefestival.cat\/wp-content\/uploads\/2022\/06\/10jun202211-320x213.jpg\"><div class=\"btSliderPort wBackground cover\" style=\"background-image: url('https:\/\/laltrefestival.cat\/wp-content\/uploads\/2022\/06\/10jun202211.jpg')\"><div class=\"btSliderCell\" data-slick=\"yes\"><div class=\"btSlideGutter\"><div class=\"btSlidePane\"><div class=\"btClear btSeparator topExtraSpaced noBorder\" ><hr><\/div><div class=\"btClear btSeparator topSemiSpaced noBorder\" ><hr><\/div><header class=\"header btClear large\" ><\/header><\/div><\/div><\/div><\/div><\/div><div class=\"slidedItem firstItem\"  data-thumb=\"https:\/\/laltrefestival.cat\/wp-content\/uploads\/2022\/01\/Lu\u0301ltim-sopar04-320x213.jpg\"><div class=\"btSliderPort wBackground cover\" style=\"background-image: url('https:\/\/laltrefestival.cat\/wp-content\/uploads\/2022\/01\/Lu\u0301ltim-sopar04-scaled.jpg')\"><div class=\"btSliderCell\" data-slick=\"yes\"><div class=\"btSlideGutter\"><div class=\"btSlidePane\"><div class=\"btClear btSeparator topExtraSpaced noBorder\" ><hr><\/div><div class=\"btClear btSeparator topSemiSpaced noBorder\" ><hr><\/div><header class=\"header btClear large\" ><\/header><\/div><\/div><\/div><\/div><\/div><div class=\"slidedItem firstItem\"  data-thumb=\"https:\/\/laltrefestival.cat\/wp-content\/uploads\/2022\/01\/MG_6122-320x213.jpg\"><div class=\"btSliderPort wBackground cover\" style=\"background-image: url('https:\/\/laltrefestival.cat\/wp-content\/uploads\/2022\/01\/MG_6122.jpg')\"><div class=\"btSliderCell\" data-slick=\"yes\"><div class=\"btSlideGutter\"><div class=\"btSlidePane\"><div class=\"btClear btSeparator topExtraSpaced noBorder\" ><hr><\/div><div class=\"btClear btSeparator topSemiSpaced noBorder\" ><hr><\/div><header class=\"header btClear large\" ><\/header><\/div><\/div><\/div><\/div><\/div><\/div><\/div><\/div><\/div><\/div><\/div><\/div><\/div><\/section><section id=\"bt_section69de25da91a9e\"  class=\"boldSection topSpaced bottomSpaced gutter inherit\" style=\"background-color:#ffffff;\"><div class=\"port\"><div class=\"boldCell\"><div class=\"boldCellInner\"><div class=\"boldRow \" ><div class=\"boldRowInner\"><div class=\"rowItem col-md-6 col-sm-12 btTextLeft inherit\"  data-width=\"6\"><div class=\"rowItemContent\" ><header class=\"header btClear extralarge btDash bottomDash\" ><div class=\"btSuperTitle\">Las Altres<\/div><div class=\"dash\"><h1><span class=\"headline\">producciones<\/span><\/h1><\/div><div class=\"btSubTitle\">Uno de los principales objetivos de l&#8217;Altre Festival es estimular la creaci\u00f3n de nuevos lenguajes esc\u00e9nicos y crear cultura con valores, accesible a todas las personas desde una mirada inclusiva y acogedora.\r<br>\r<br>Cada a\u00f1o, el Festival produce un espect\u00e1culo en el cual articula la colaboraci\u00f3n entre reconocidas profesionales de las artes esc\u00e9nicas y personas con y sin problemas de salud.<\/div><\/header><\/div><\/div><div class=\"rowItem col-md-3 col-sm-6 col-ms-12 btTextLeft animate animate-fadein animate-moveup btTextIndent inherit\"  data-width=\"3\"><div class=\"rowItemContent\" background-color: rgba(255, 255, 255, 1); ><div class=\"bpgPhoto \" ><div class=\"btImage\"><img decoding=\"async\" src=\"https:\/\/laltrefestival.cat\/wp-content\/uploads\/2023\/07\/CQ6A8410-scaled.jpg\" alt=\"https:\/\/laltrefestival.cat\/wp-content\/uploads\/2023\/07\/CQ6A8410-scaled.jpg\"><\/div><\/div><div class=\"btClear btSeparator topSmallSpaced noBorder\" ><hr><\/div><header class=\"header btClear medium btDash bottomDash\" ><div class=\"btSuperTitle\">2023<\/div><div class=\"dash\"><h3><span class=\"headline\">Lo\r<br>Cerebro!<\/span><\/h3><\/div><div class=\"btSubTitle\">Teatro de Pacotilla, Fito Conesa, Col.lectiu Estampa, Pensativos en equilibrio, SomSonors (Laura Llaneli + Efectos Secundarios), es decir, m\u00fasica, danza, creaci\u00f3n audiovisual, teatro musical, inteligencia artificial\u2026 un tr\u00edptico esc\u00e9nico ecl\u00e9ctico.<\/div><\/header><div class=\"btClear btSeparator topSmallSpaced noBorder\" ><hr><\/div><\/div><\/div><div class=\"rowItem col-md-3 col-sm-6 col-ms-12 btTextLeft animate animate-fadein animate-moveup btTextIndent inherit\"  data-width=\"3\"><div class=\"rowItemContent\" background-color: rgba(255, 255, 255, 1); ><div class=\"bpgPhoto \" ><div class=\"btImage\"><img decoding=\"async\" src=\"https:\/\/laltrefestival.cat\/wp-content\/uploads\/2022\/06\/10jun202216.jpg\" alt=\"https:\/\/laltrefestival.cat\/wp-content\/uploads\/2022\/06\/10jun202216.jpg\"><\/div><\/div><div class=\"btClear btSeparator topSmallSpaced noBorder\" ><hr><\/div><header class=\"header btClear medium btDash bottomDash\" ><div class=\"btSuperTitle\">2022<\/div><div class=\"dash\"><h3><span class=\"headline\">Soso\r<br>veuveu<\/span><\/h3><\/div><div class=\"btSubTitle\">En una tranquila puesta de sol, avanza una procesi\u00f3n lenta acompa\u00f1ada de sonidos misteriosos. Este ritual secreto es la gente de sosoveuveu adorando a su Dios de los sonidos. Una coproducci\u00f3n del Festival Mixtur y l\u2019Altre Festival.<\/div><\/header><div class=\"btClear btSeparator topSmallSpaced noBorder\" ><hr><\/div><\/div><\/div><\/div><\/div><div class=\"boldRow \" ><div class=\"boldRowInner\"><div class=\"rowItem col-md-12 col-ms-12  btTextLeft animate animate-fadein animate-moveup inherit\"  data-width=\"12\"><div class=\"rowItemContent\" ><div class=\"btClear btSeparator topSmallSpaced noBorder\" ><hr><\/div><\/div><\/div><\/div><\/div><div class=\"boldRow \" ><div class=\"boldRowInner\"><div class=\"rowItem col-md-3 col-sm-6 col-ms-12 btTextLeft animate animate-fadein animate-moveup btTextIndent inherit\"  data-width=\"3\"><div class=\"rowItemContent\" background-color: rgba(255, 255, 255, 1); ><div class=\"bpgPhoto \" ><div class=\"btImage\"><img decoding=\"async\" src=\"https:\/\/laltrefestival.cat\/wp-content\/uploads\/2022\/03\/MG_1758-scaled.jpg\" alt=\"https:\/\/laltrefestival.cat\/wp-content\/uploads\/2022\/03\/MG_1758-scaled.jpg\"><\/div><\/div><div class=\"btClear btSeparator topSmallSpaced noBorder\" ><hr><\/div><header class=\"header btClear medium btDash bottomDash\" ><div class=\"btSuperTitle\">2021<\/div><div class=\"dash\"><h3><span class=\"headline\">Galea de pellos<\/span><\/h3><\/div><div class=\"btSubTitle\">Una creaci\u00f3n colectiva hecha a partir de los textos escritos por integrantes de la Asociaci\u00f3n Matissos y dirigida por cuatro artistas: cabosanroque, S\u00f2nia G\u00f3mez, David Climent y Jordi Aspa.<\/div><\/header><div class=\"btClear btSeparator topSmallSpaced noBorder\" ><hr><\/div><\/div><\/div><div class=\"rowItem col-md-3 col-sm-6 col-ms-12 btTextLeft animate animate-fadein animate-moveup btTextIndent inherit\"  data-width=\"3\"><div class=\"rowItemContent\" background-color: rgba(255, 255, 255, 1); ><div class=\"bpgPhoto \" ><div class=\"btImage\"><img decoding=\"async\" src=\"https:\/\/laltrefestival.cat\/wp-content\/uploads\/2022\/01\/MG_6115.jpg\" alt=\"https:\/\/laltrefestival.cat\/wp-content\/uploads\/2022\/01\/MG_6115.jpg\"><\/div><\/div><div class=\"btClear btSeparator topSmallSpaced noBorder\" ><hr><\/div><header class=\"header btClear medium btDash bottomDash\" ><div class=\"btSuperTitle\">2019<\/div><div class=\"dash\"><h3><span class=\"headline\">Gallos de pelea<\/span><\/h3><\/div><div class=\"btSubTitle\">\u201cYa est\u00e1n aqu\u00ed, como gallos de pelea, ya est\u00e1n aqu\u00ed, un d\u00eda, y otro d\u00eda y otro d\u00eda m\u00e1s.\u201d Los sonidos y las s\u00edlabas, antes que las palabras, son peque\u00f1os escalones. Un espect\u00e1culo creado entre la Asociaci\u00f3n Matissos y cabosanroque. <\/div><\/header><div class=\"btClear btSeparator topSmallSpaced noBorder\" ><hr><\/div><\/div><\/div><div class=\"rowItem col-md-3 col-sm-6 col-ms-12 btTextLeft animate animate-fadein animate-moveup btTextIndent inherit\"  data-width=\"3\"><div class=\"rowItemContent\" background-color: rgba(255, 255, 255, 1); ><div class=\"bpgPhoto \" ><div class=\"btImage\"><img decoding=\"async\" src=\"https:\/\/laltrefestival.cat\/wp-content\/uploads\/2022\/01\/MG_5269-scaled.jpg\" alt=\"https:\/\/laltrefestival.cat\/wp-content\/uploads\/2022\/01\/MG_5269-scaled.jpg\"><\/div><\/div><div class=\"btClear btSeparator topSmallSpaced noBorder\" ><hr><\/div><header class=\"header btClear medium btDash bottomDash\" ><div class=\"btSuperTitle\">2018<\/div><div class=\"dash\"><h3><span class=\"headline\">Micro\r<br>teatre<\/span><\/h3><\/div><div class=\"btSubTitle\">El circuito de microteatros hace que el p\u00fablico conecte los diferentes espacios del teatro con sus rincones escondidos. Dirigido por LaMent Teatral.<\/div><\/header><div class=\"btClear btSeparator topSmallSpaced noBorder\" ><hr><\/div><\/div><\/div><div class=\"rowItem col-md-3 col-sm-6 col-ms-12 btTextLeft animate animate-fadein animate-moveup btTextIndent inherit\"  data-width=\"3\"><div class=\"rowItemContent\" background-color: rgba(255, 255, 255, 1); ><div class=\"bpgPhoto \" ><div class=\"btImage\"><img decoding=\"async\" src=\"https:\/\/laltrefestival.cat\/wp-content\/uploads\/2022\/01\/Festival09jun_22.jpg\" alt=\"https:\/\/laltrefestival.cat\/wp-content\/uploads\/2022\/01\/Festival09jun_22.jpg\"><\/div><\/div><div class=\"btClear btSeparator topSmallSpaced noBorder\" ><hr><\/div><header class=\"header btClear medium btDash bottomDash\" ><div class=\"btSuperTitle\">2017<\/div><div class=\"dash\"><h3><span class=\"headline\">Retalls de soledat<\/span><\/h3><\/div><div class=\"btSubTitle\">Las historias narradas en primera persona a trav\u00e9s de la improvisaci\u00f3n y el juego dram\u00e1tico son las premisas de la creaci\u00f3n art\u00edstica dirigida por Toni Mira. <\/div><\/header><div class=\"btClear btSeparator topSmallSpaced noBorder\" ><hr><\/div><\/div><\/div><\/div><\/div><div class=\"boldRow \" ><div class=\"boldRowInner\"><div class=\"rowItem col-md-3 col-sm-6 col-ms-12 btTextLeft animate animate-fadein animate-moveup btTextIndent inherit\"  data-width=\"3\"><div class=\"rowItemContent\" background-color: rgba(255, 255, 255, 1); ><div class=\"bpgPhoto \" ><div class=\"btImage\"><img decoding=\"async\" src=\"https:\/\/laltrefestival.cat\/wp-content\/uploads\/2022\/02\/stalker-1.jpeg\" alt=\"https:\/\/laltrefestival.cat\/wp-content\/uploads\/2022\/02\/stalker-1.jpeg\"><\/div><\/div><div class=\"btClear btSeparator topSmallSpaced noBorder\" ><hr><\/div><header class=\"header btClear medium btDash bottomDash\" ><div class=\"btSuperTitle\">2016<\/div><div class=\"dash\"><h3><span class=\"headline\">Il\r<br>tavolo<\/span><\/h3><\/div><div class=\"btSubTitle\">Il tavolo della Concert(o)azione, una performance teatral-musical que nace del deseo de afrontar la tem\u00e1tica sugerida por su t\u00edtulo. Dirigida por Stalker Teatro. <\/div><\/header><div class=\"btClear btSeparator topSmallSpaced noBorder\" ><hr><\/div><\/div><\/div><div class=\"rowItem col-md-3 col-sm-6 col-ms-12 btTextLeft animate animate-fadein animate-moveup btTextIndent inherit\"  data-width=\"3\"><div class=\"rowItemContent\" background-color: rgba(255, 255, 255, 1); ><div class=\"bpgPhoto \" ><div class=\"btImage\"><img decoding=\"async\" src=\"https:\/\/laltrefestival.cat\/wp-content\/uploads\/2022\/01\/Lu\u0301ltim-sopar00-scaled.jpg\" alt=\"https:\/\/laltrefestival.cat\/wp-content\/uploads\/2022\/01\/Lu\u0301ltim-sopar00-scaled.jpg\"><\/div><\/div><div class=\"btClear btSeparator topSmallSpaced noBorder\" ><hr><\/div><header class=\"header btClear medium btDash bottomDash\" ><div class=\"btSuperTitle\">2015<\/div><div class=\"dash\"><h3><span class=\"headline\">L&#8217;\u00faltim\r<br>sopar<\/span><\/h3><\/div><div class=\"btSubTitle\">Nos situamos, en el mes de junio, en Navidad. Qu\u00e9 bonita es la Navidad&#8230; El espect\u00e1culo toma como punto de partida la pregunta \u201c\u00bfQu\u00e9 significa ser normal?\u201d. Dirigido por core\u00f3grafa Marta Carrasco. <\/div><\/header><div class=\"btClear btSeparator topSmallSpaced noBorder\" ><hr><\/div><\/div><\/div><div class=\"rowItem col-md-3 col-sm-6 col-ms-12 btTextLeft animate animate-fadein animate-moveup btTextIndent inherit\"  data-width=\"3\"><div class=\"rowItemContent\" background-color: rgba(255, 255, 255, 1); ><\/div><\/div><div class=\"rowItem col-md-3 col-sm-6 col-ms-12 btTextLeft animate animate-fadein animate-moveup btTextIndent inherit\"  data-width=\"3\"><div class=\"rowItemContent\" background-color: rgba(255, 255, 255, 1); ><\/div><\/div><\/div><\/div><div class=\"boldRow \" ><div class=\"boldRowInner\"><div class=\"rowItem col-md-12 col-ms-12  btTextLeft inherit\"  data-width=\"12\"><div class=\"rowItemContent\" ><div class=\"btClear btSeparator topSemiSpaced noBorder\" ><hr><\/div><\/div><\/div><\/div><\/div><\/div><\/div><\/div><\/section><\/div>","protected":false},"excerpt":{"rendered":"","protected":false},"author":1,"featured_media":0,"parent":0,"menu_order":0,"comment_status":"closed","ping_status":"closed","template":"","meta":{"footnotes":""},"class_list":["post-2044","page","type-page","status-publish","hentry"],"aioseo_notices":[],"_links":{"self":[{"href":"https:\/\/laltrefestival.cat\/es\/wp-json\/wp\/v2\/pages\/2044","targetHints":{"allow":["GET"]}}],"collection":[{"href":"https:\/\/laltrefestival.cat\/es\/wp-json\/wp\/v2\/pages"}],"about":[{"href":"https:\/\/laltrefestival.cat\/es\/wp-json\/wp\/v2\/types\/page"}],"author":[{"embeddable":true,"href":"https:\/\/laltrefestival.cat\/es\/wp-json\/wp\/v2\/users\/1"}],"replies":[{"embeddable":true,"href":"https:\/\/laltrefestival.cat\/es\/wp-json\/wp\/v2\/comments?post=2044"}],"version-history":[{"count":10,"href":"https:\/\/laltrefestival.cat\/es\/wp-json\/wp\/v2\/pages\/2044\/revisions"}],"predecessor-version":[{"id":4833,"href":"https:\/\/laltrefestival.cat\/es\/wp-json\/wp\/v2\/pages\/2044\/revisions\/4833"}],"wp:attachment":[{"href":"https:\/\/laltrefestival.cat\/es\/wp-json\/wp\/v2\/media?parent=2044"}],"curies":[{"name":"wp","href":"https:\/\/api.w.org\/{rel}","templated":true}]}}