{"id":2034,"date":"2022-02-18T14:17:20","date_gmt":"2022-02-18T12:17:20","guid":{"rendered":"https:\/\/laltrefestival.cat\/quienes-somos\/"},"modified":"2023-09-15T11:23:07","modified_gmt":"2023-09-15T09:23:07","slug":"quienes-somos","status":"publish","type":"page","link":"https:\/\/laltrefestival.cat\/es\/quienes-somos\/","title":{"rendered":"Qui\u00e9nes somos"},"content":{"rendered":"<div class=\"bt_rc_container\"><section id=\"bt_section69d3795e3a6f1\" data-parallax=\"0.1\" data-parallax-offset=\"0\" class=\"boldSection topExtraSpaced bottomSpaced btDarkSkin gutter btBottomVertical btParallax wBackground cover\" style=\"background-image:url('https:\/\/laltrefestival.cat\/wp-content\/uploads\/2022\/01\/portada_web-3-scaled.jpg');\"><div class=\"port\"><div class=\"boldCell\"><div class=\"boldCellInner\"><div class=\"boldRow \" ><div class=\"boldRowInner\"><div class=\"rowItem col-md-12 col-ms-12  btTextLeft inherit\"  data-width=\"12\"><div class=\"rowItemContent\" ><header class=\"header btClear large\" ><div class=\"dash\"><h2><span class=\"headline\">Qui\u00e9nes somos\r<br><\/span><\/h2><\/div><\/header><\/div><\/div><\/div><\/div><\/div><\/div><\/div><\/section><section id=\"bt_section69d3795e3afd2\" data-parallax=\"0.1\" data-parallax-offset=\"0\" class=\"boldSection topSpaced bottomSpaced gutter inherit btParallax\" ><div class=\"port\"><div class=\"boldCell\"><div class=\"boldCellInner\"><div class=\"boldRow \" ><div class=\"boldRowInner\"><div class=\"rowItem col-md-6 col-sm-12 btTextLeft inherit\"  data-width=\"6\"><div class=\"rowItemContent\" ><header class=\"header btClear extralarge btDash bottomDash\" ><div class=\"btSuperTitle\">Qui\u00e9nes<\/div><div class=\"dash\"><h1><span class=\"headline\">somos<\/span><\/h1><\/div><div class=\"btSubTitle\">Somos l&#8217;Altre Festival, una asociaci\u00f3n sin \u00e1nimo de lucro. Nuestro objetivo es promover la interacci\u00f3n entre las artes esc\u00e9nicas relacionadas con la salud mental.<\/div><\/header><a href=\"https:\/\/www.youtube.com\/channel\/UCriLd2uaMxAaKyel7q3gufA\" class=\"btBtn btBtn btnOutlineStyle btnAccentColor btnSmall btnNormalWidth btnRightPosition btnNoIcon\" ><span class=\"btnInnerText\">Videos<\/span><\/a><\/div><\/div><div class=\"rowItem col-md-6 col-sm-12 btTextRight inherit\"  data-width=\"6\"><div class=\"rowItemContent\" ><div class=\"btClear btSeparator bottomSemiSpaced noBorder\" ><hr><\/div><div class=\"boldRow \" ><div class=\"boldRowInner\"><div class=\"rowItem rowInnerItem col-ms-6  btTextLeft\"  ><div class=\"rowItemContent\"><\/div><\/div><div class=\"rowItem rowInnerItem col-ms-6  btTextLeft\"  ><div class=\"rowItemContent\"><header class=\"header btClear small btDash bottomDash\" ><div class=\"dash\"><h4><span class=\"headline\">Ciudades<\/span><\/h4><\/div><\/header><div class=\"btCounterHolder  btCounterNormalSize\"><span class=\"btCounter animate\" data-digit-length=\"1\"><span class=\"onedigit p1 d3\" data-digit=\"3\"><span class=\"n0\">0<\/span><span class=\"n1\">1<\/span><span class=\"n2\">2<\/span><span class=\"n3\">3<\/span><span class=\"n4\">4<\/span><span class=\"n5\">5<\/span><span class=\"n6\">6<\/span><span class=\"n7\">7<\/span><span class=\"n8\">8<\/span><span class=\"n9\">9<\/span><span class=\"n0\">0<\/span><\/span><\/span><\/div><\/div><\/div><\/div><\/div><div class=\"btClear btSeparator bottomSmallSpaced noBorder\" ><hr><\/div><div class=\"boldRow \" ><div class=\"boldRowInner\"><div class=\"rowItem rowInnerItem col-ms-6  btTextLeft\"  ><div class=\"rowItemContent\"><\/div><\/div><div class=\"rowItem rowInnerItem col-ms-6  btTextLeft\"  ><div class=\"rowItemContent\"><header class=\"header btClear small btDash bottomDash\" ><div class=\"dash\"><h4><span class=\"headline\">Ediciones<\/span><\/h4><\/div><\/header><div class=\"btCounterHolder  btCounterNormalSize\"><span class=\"btCounter animate\" data-digit-length=\"1\"><span class=\"onedigit p1 d9\" data-digit=\"9\"><span class=\"n0\">0<\/span><span class=\"n1\">1<\/span><span class=\"n2\">2<\/span><span class=\"n3\">3<\/span><span class=\"n4\">4<\/span><span class=\"n5\">5<\/span><span class=\"n6\">6<\/span><span class=\"n7\">7<\/span><span class=\"n8\">8<\/span><span class=\"n9\">9<\/span><span class=\"n0\">0<\/span><\/span><\/span><\/div><\/div><\/div><\/div><\/div><\/div><\/div><\/div><\/div><\/div><\/div><\/div><\/section><section id=\"bt_section69d3795e3cfbd\" data-parallax=\"0.1\" data-parallax-offset=\"0\" class=\"boldSection topSpaced bottomSpaced btDarkSkin gutter inherit btParallax wBackground cover\" style=\"background-color:#000000;background-image:url('https:\/\/laltrefestival.cat\/wp-content\/uploads\/2022\/01\/Frida_Praga.jpg');\"><div class=\"port\"><div class=\"boldCell\"><div class=\"boldCellInner\"><div class=\"boldRow \" ><div class=\"boldRowInner\"><div class=\"rowItem col-md-6 col-sm-12 btTextLeft inherit\"  data-width=\"6\"><div class=\"rowItemContent\" ><header class=\"header btClear extralarge btDash bottomDash\" ><div class=\"btSuperTitle\">Nuestra<\/div><div class=\"dash\"><h1><span class=\"headline\">historia<\/span><\/h1><\/div><div class=\"btSubTitle\">L\u2019Altre Festival es la culminaci\u00f3n de un proyecto social y cultural nacido hace veintid\u00f3s a\u00f1os con la creaci\u00f3n de la compa\u00f1\u00eda estable La Trifulga dels F\u00fatils. Compa\u00f1\u00eda vinculada en sus or\u00edgenes al Centro de Dia Pi i Molist y que a\u00f1os m\u00e1s tarde acontenci\u00f3 una entidad independiente y autogestionada.\r<br>\r<br>La idea del festival naci\u00f3 en el a\u00f1o 2015 en Barcelona. Tres a\u00f1os m\u00e1s tarde se extendi\u00f3 a Manresa. En 2018, un grupo de personas en Argentina decidi\u00f3 organizar El Otro Festival_Rosario. Conjuntamente, empezamos a trabajar en The Other Festivals, un festival de festivales, una comunidad de comunidades.<\/div><\/header><\/div><\/div><div class=\"rowItem col-md-6 col-sm-12 btTextRight inherit\"  data-width=\"6\"><div class=\"rowItemContent\" ><\/div><\/div><\/div><\/div><\/div><\/div><\/div><\/section><section id=\"bt_section69d3795e3d67f\"  class=\"boldSection topSpaced bottomSpaced gutter inherit\" ><div class=\"port\"><div class=\"boldCell\"><div class=\"boldCellInner\"><div class=\"boldRow \" ><div class=\"boldRowInner\"><div class=\"rowItem col-md-6 col-sm-12 btTextLeft inherit\"  data-width=\"6\"><div class=\"rowItemContent\" ><header class=\"header btClear extralarge btDash bottomDash\" ><div class=\"btSuperTitle\">Nuestros<\/div><div class=\"dash\"><h1><span class=\"headline\">objectivos<\/span><\/h1><\/div><\/header><\/div><\/div><div class=\"rowItem col-md-3 col-sm-6 col-ms-12 btTextLeft animate animate-fadein animate-moveup inherit\"  data-width=\"3\"><div class=\"rowItemContent\" ><div class=\"btClear btSeparator topSemiSpaced noBorder\" ><hr><\/div><div class=\"btClear btSeparator topSmallSpaced noBorder\" ><hr><\/div><header class=\"header btClear medium btDash bottomDash\" ><div class=\"btSuperTitle\">Trabajamos para el<\/div><div class=\"dash\"><h3><span class=\"headline\">bienvivir<\/span><\/h3><\/div><div class=\"btSubTitle\">Queremos conseguir el bienvivir (bienestar emocional e inclusi\u00f3n) de las personas con y sin problemas de salud mental a trav\u00e9s de las artes esc\u00e9nicas.<\/div><\/header><div class=\"btClear btSeparator topExtraSmallSpaced noBorder\" ><hr><\/div><div class=\"btClear btSeparator topSemiSpaced noBorder\" ><hr><\/div><\/div><\/div><div class=\"rowItem col-md-3 col-sm-6 col-ms-12 btTextLeft animate animate-fadein animate-moveup inherit\"  data-width=\"3\"><div class=\"rowItemContent\" ><div class=\"btClear btSeparator topSemiSpaced noBorder\" ><hr><\/div><div class=\"btClear btSeparator topSmallSpaced noBorder\" ><hr><\/div><header class=\"header btClear medium btDash bottomDash\" ><div class=\"btSuperTitle\">Luchamos contra el<\/div><div class=\"dash\"><h3><span class=\"headline\">estigma<\/span><\/h3><\/div><div class=\"btSubTitle\">Queremos dar a conocer la realidad de la salud mental en la sociedad desde un punto de vista positivo e inclusivo.<\/div><\/header><div class=\"btClear btSeparator topExtraSmallSpaced noBorder\" ><hr><\/div><div class=\"btClear btSeparator topSemiSpaced noBorder\" ><hr><\/div><\/div><\/div><\/div><\/div><div class=\"boldRow \" ><div class=\"boldRowInner\"><div class=\"rowItem col-md-6 col-sm-12 btTextLeft inherit\"  data-width=\"6\"><div class=\"rowItemContent\" ><\/div><\/div><div class=\"rowItem col-md-3 col-sm-6 col-ms-12 btTextLeft animate animate-fadein animate-moveup inherit\" style=\"background-color: rgba(255, 255, 255, 1);\" data-width=\"3\"><div class=\"rowItemContent\" ><div class=\"btClear btSeparator topSmallSpaced noBorder\" ><hr><\/div><header class=\"header btClear medium btDash bottomDash\" ><div class=\"btSuperTitle\">Promovemos la<\/div><div class=\"dash\"><h3><span class=\"headline\">diversidad y la accesibilidad<\/span><\/h3><\/div><div class=\"btSubTitle\">Damos voz a las personas que no tienen acceso a los circuitos culturales habituales.<\/div><\/header><div class=\"btClear btSeparator topExtraSmallSpaced noBorder\" ><hr><\/div><div class=\"btClear btSeparator topSemiSpaced noBorder\" ><hr><\/div><\/div><\/div><div class=\"rowItem col-md-3 col-sm-6 col-ms-12 btTextLeft animate animate-fadein animate-moveup inherit\" style=\"background-color: rgba(255, 255, 255, 1);\" data-width=\"3\"><div class=\"rowItemContent\" ><div class=\"btClear btSeparator topSmallSpaced noBorder\" ><hr><\/div><header class=\"header btClear medium btDash bottomDash\" ><div class=\"btSuperTitle\">Investigamos en nuevos<\/div><div class=\"dash\"><h3><span class=\"headline\">formatos esc\u00e9nicos<\/span><\/h3><\/div><div class=\"btSubTitle\">Producimos espect\u00e1culos en colaboraci\u00f3n con artistas profesionales y noprofesionales, con vocaci\u00f3n experimental. <\/div><\/header><div class=\"btClear btSeparator topExtraSmallSpaced noBorder\" ><hr><\/div><div class=\"btClear btSeparator topSemiSpaced noBorder\" ><hr><\/div><\/div><\/div><\/div><\/div><\/div><\/div><\/div><\/section><section id=\"bt_section69d3795e3fd1b\"  class=\"boldSection topSpaced bottomSpaced btDarkSkin gutter inherit wBackground cover\" style=\"background-image:url('https:\/\/laltrefestival.cat\/wp-content\/uploads\/2022\/01\/MG_3217-scaled.jpg');\"><div class=\"port\"><div class=\"boldCell\"><div class=\"boldCellInner\"><div class=\"boldRow \" ><div class=\"boldRowInner\"><div class=\"rowItem col-md-6 col-sm-12 btTextLeft inherit\" style=\"background-color: rgba(0, 0, 0, 0.5);\" data-width=\"6\"><div class=\"rowItemContent\" ><header class=\"header btClear extralarge btDash bottomDash\" ><div class=\"btSuperTitle\">L&#8217;Altre <\/div><div class=\"dash\"><h1><span class=\"headline\">comit\u00e9<\/span><\/h1><\/div><div class=\"btSubTitle\">Somos un grupo de profesionales con una larga experiencia en el \u00e1mbito de la salud mental, la cultura y las artes esc\u00e9nicas con la voluntad de explorar otras maneras de ver, vivir y convivir con la salud mental y de reivindicar la diversidad en el \u00e1mbito cultural.<\/div><\/header><\/div><\/div><div class=\"rowItem col-md-3 col-sm-6 col-ms-12 btTextLeft animate animate-fadein animate-moveup inherit\" style=\"background-color: rgba(0, 0, 0, 0.5);\" data-width=\"3\"><div class=\"rowItemContent\" background-color: rgba(255, 255, 255, 0.5); ><div class=\"btClear btSeparator topSemiSpaced noBorder\" ><hr><\/div><header class=\"header btClear medium btDash bottomDash\" ><div class=\"btSuperTitle\">Beatriz <\/div><div class=\"dash\"><h3><span class=\"headline\">Liebe<\/span><\/h3><\/div><div class=\"btSubTitle\">La cofundadora y la teatrera que mientras dialoga con su voz interior, de vez en cuando hace alguna gesti\u00f3n, un poco de sobremesa o cu\u00e1ndo se le ocurre alg\u00fan proyecto nuevo. Paseando se entiende la gente. \u00a1Ponte en contacto con ella a info@laltrefestival.cat! <\/div><\/header><div class=\"btClear btSeparator topExtraSmallSpaced noBorder\" ><hr><\/div><div class=\"btClear btSeparator topSemiSpaced noBorder\" ><hr><\/div><\/div><\/div><div class=\"rowItem col-md-3 col-sm-6 col-ms-12 btTextLeft animate animate-fadein animate-moveup inherit\" style=\"background-color: rgba(0, 0, 0, 0.5);\" data-width=\"3\"><div class=\"rowItemContent\" ><div class=\"btClear btSeparator topSemiSpaced noBorder\" ><hr><\/div><header class=\"header btClear medium btDash bottomDash\" ><div class=\"btSuperTitle\">Martina<\/div><div class=\"dash\"><h3><span class=\"headline\">Cumova<\/span><\/h3><\/div><div class=\"btSubTitle\">La responsable de comunicaci\u00f3n y de relaciones internacionales. Intenta resolver todas tus dudas cuando te pones en contacto con l\u2019Altre Festival! \u00daltimamente no tiene tiempo libre porque tiene dos ni\u00f1os peque\u00f1os en casa. \u00a1Ponte en contacto con ella a trav\u00e9s de comunica@laltrefestival.cat!<\/div><\/header><div class=\"btClear btSeparator topExtraSmallSpaced noBorder\" ><hr><\/div><div class=\"btClear btSeparator topSemiSpaced noBorder\" ><hr><\/div><\/div><\/div><\/div><\/div><div class=\"boldRow \" ><div class=\"boldRowInner\"><div class=\"rowItem col-md-6 col-sm-12 btTextLeft inherit\"  data-width=\"6\"><div class=\"rowItemContent\" ><\/div><\/div><div class=\"rowItem col-md-3 col-sm-6 col-ms-12 btTextLeft animate animate-fadein animate-moveup inherit\" style=\"background-color: rgba(0, 0, 0, 0.5);\" data-width=\"3\"><div class=\"rowItemContent\" ><div class=\"btClear btSeparator topSemiSpaced noBorder\" ><hr><\/div><header class=\"header btClear medium btDash bottomDash\" ><div class=\"btSuperTitle\">Tha\u00efs<\/div><div class=\"dash\"><h3><span class=\"headline\">Clusa<\/span><\/h3><\/div><div class=\"btSubTitle\">La persona que moviliza a las masas y coordina el equipo de voluntariado, \u00a1el alma de l\u2019Altre Festival! Le gusta \u201cdistraerse bajo el mar\u201d para no o\u00edr las discusiones de su descendencia en casa. \u00a1Si quieres formar parte del equipo, ponte en contacto con ella a trav\u00e9s de participo@laltrefestival.cat! <\/div><\/header><div class=\"btClear btSeparator topExtraSmallSpaced noBorder\" ><hr><\/div><div class=\"btClear btSeparator topSemiSpaced noBorder\" ><hr><\/div><\/div><\/div><div class=\"rowItem col-md-3 col-sm-6 col-ms-12 btTextLeft animate animate-fadein animate-moveup inherit\" style=\"background-color: rgba(0, 0, 0, 0.5);\" data-width=\"3\"><div class=\"rowItemContent\" ><div class=\"btClear btSeparator topSemiSpaced noBorder\" ><hr><\/div><header class=\"header btClear medium btDash bottomDash\" ><div class=\"btSuperTitle\">Manel<\/div><div class=\"dash\"><h3><span class=\"headline\">Anoro <\/span><\/h3><\/div><div class=\"btSubTitle\">El cofundador que durante el d\u00eda, como m\u00e9dico de familia, es capaz de atender a sus pacientes y por las tardes ayudar a organizar l\u2019Altre Festival. Tambi\u00e9n le gusta pasar tiempo con su familia numerosa y ensayar con el elenco de La Trifulga dels F\u00fatils. <\/div><\/header><div class=\"btClear btSeparator topExtraSmallSpaced noBorder\" ><hr><\/div><div class=\"btClear btSeparator topSemiSpaced noBorder\" ><hr><\/div><\/div><\/div><\/div><\/div><\/div><\/div><\/div><\/section><section id=\"bt_section69d3795e40d0f\"  class=\"boldSection topSpaced bottomSpaced btLightSkin gutter inherit\" ><div class=\"port\"><div class=\"boldCell\"><div class=\"boldCellInner\"><div class=\"boldRow \" ><div class=\"boldRowInner\"><div class=\"rowItem col-md-12 col-ms-12  btTextCenter inherit\"  data-width=\"12\"><div class=\"rowItemContent\" ><header class=\"header btClear medium btDash bottomDash\" style=\"margin-bottom: 0px;\"><div class=\"dash\"><h3><span class=\"headline\">\u00a1S\u00edguenos!<\/span><\/h3><\/div><div class=\"btSubTitle\">Entra en nuestras redes sociales para conocernos mejor.<\/div><\/header><div class=\"btClear btSeparator topSemiSpaced noBorder\" ><hr><\/div><\/div><\/div><\/div><\/div><div class=\"boldRow \" ><div class=\"boldRowInner\"><div class=\"rowItem col-md-12 col-ms-12  btTextCenter animate animate-fadein inherit\"  data-width=\"12\"><div class=\"rowItemContent\" ><div class=\"btIconImageRow\" ><span class=\"btIco btIcoFilledType btIcoMediumSize btIcoAccentColor\"><a href=\"https:\/\/twitter.com\/laltrefestival\"  target=\"no_target\" data-ico-fa=\"&#xf099;\" class=\"btIcoHolder\"><\/a><\/span><span class=\"btIco btIcoFilledType btIcoMediumSize btIcoAccentColor\"><a href=\"https:\/\/www.instagram.com\/laltrefestival\/?hl=es\"  target=\"no_target\" data-ico-fa=\"&#xf16d;\" class=\"btIcoHolder\"><\/a><\/span><span class=\"btIco btIcoFilledType btIcoMediumSize btIcoAccentColor\"><a href=\"https:\/\/es-es.facebook.com\/laltrefestival\/\"  target=\"no_target\" data-ico-fa=\"&#xf09a;\" class=\"btIcoHolder\"><\/a><\/span><span class=\"btIco btIcoFilledType btIcoMediumSize btIcoAccentColor\"><a href=\"https:\/\/www.youtube.com\/channel\/UCriLd2uaMxAaKyel7q3gufA\"  target=\"no_target\" data-ico-fa=\"&#xf167;\" class=\"btIcoHolder\"><\/a><\/span><\/div><\/div><\/div><\/div><\/div><\/div><\/div><\/div><\/section><\/div>","protected":false},"excerpt":{"rendered":"","protected":false},"author":1,"featured_media":0,"parent":0,"menu_order":0,"comment_status":"closed","ping_status":"closed","template":"","meta":{"footnotes":""},"class_list":["post-2034","page","type-page","status-publish","hentry"],"aioseo_notices":[],"_links":{"self":[{"href":"https:\/\/laltrefestival.cat\/es\/wp-json\/wp\/v2\/pages\/2034","targetHints":{"allow":["GET"]}}],"collection":[{"href":"https:\/\/laltrefestival.cat\/es\/wp-json\/wp\/v2\/pages"}],"about":[{"href":"https:\/\/laltrefestival.cat\/es\/wp-json\/wp\/v2\/types\/page"}],"author":[{"embeddable":true,"href":"https:\/\/laltrefestival.cat\/es\/wp-json\/wp\/v2\/users\/1"}],"replies":[{"embeddable":true,"href":"https:\/\/laltrefestival.cat\/es\/wp-json\/wp\/v2\/comments?post=2034"}],"version-history":[{"count":22,"href":"https:\/\/laltrefestival.cat\/es\/wp-json\/wp\/v2\/pages\/2034\/revisions"}],"predecessor-version":[{"id":4919,"href":"https:\/\/laltrefestival.cat\/es\/wp-json\/wp\/v2\/pages\/2034\/revisions\/4919"}],"wp:attachment":[{"href":"https:\/\/laltrefestival.cat\/es\/wp-json\/wp\/v2\/media?parent=2034"}],"curies":[{"name":"wp","href":"https:\/\/api.w.org\/{rel}","templated":true}]}}