{"id":2472,"date":"2022-04-01T10:07:06","date_gmt":"2022-04-01T08:07:06","guid":{"rendered":"https:\/\/laltrefestival.cat\/convocatoria-2022\/"},"modified":"2022-04-01T10:11:36","modified_gmt":"2022-04-01T08:11:36","slug":"call-2022","status":"publish","type":"page","link":"https:\/\/laltrefestival.cat\/en\/call-2022\/","title":{"rendered":"Call for proposals 2022"},"content":{"rendered":"<div class=\"bt_rc_container\"><section id=\"bt_section69d735b607b05\" data-parallax=\"0.1\" data-parallax-offset=\"0\" class=\"boldSection topExtraSpaced bottomSpaced btDarkSkin gutter btBottomVertical btParallax wBackground cover\" style=\"background-image:url('https:\/\/laltrefestival.cat\/wp-content\/uploads\/2022\/01\/portada_web-2-scaled.jpg');\"><div class=\"port\"><div class=\"boldCell\"><div class=\"boldCellInner\"><div class=\"boldRow \" ><div class=\"boldRowInner\"><div class=\"rowItem col-md-12 col-ms-12  btTextLeft inherit\"  data-width=\"12\"><div class=\"rowItemContent\" ><header class=\"header btClear large btDash bottomDash\" ><div class=\"btSuperTitle\">BARCELONA<\/div><div class=\"dash\"><h2><span class=\"headline\">L&#8217;Altre Festival 2022<\/span><\/h2><\/div><div class=\"btSubTitle\">June, 10-12, 2022<\/div><\/header><\/div><\/div><\/div><\/div><\/div><\/div><\/div><\/section><section id=\"bt_section69d735b6081f5\" data-parallax=\"0.1\" data-parallax-offset=\"0\" class=\"boldSection topSpaced bottomSemiSpaced gutter inherit btParallax\" style=\"background-color:#eeeeee;\"><div class=\"port\"><div class=\"boldCell\"><div class=\"boldCellInner\"><div class=\"boldRow \" ><div class=\"boldRowInner\"><div class=\"rowItem col-md-6 col-sm-12 btTextLeft inherit\"  data-width=\"6\"><div class=\"rowItemContent\" ><header class=\"header btClear extralarge btDash bottomDash\" ><div class=\"btSuperTitle\">Call for proposals<\/div><div class=\"dash\"><h1><span class=\"headline\">2022<\/span><\/h1><\/div><div class=\"btSubTitle\">At this time, the call for the eighth edition of the l&#8217;Altre International Festival of Performing Arts and Mental Health is closed.<\/div><\/header><\/div><\/div><div class=\"rowItem col-md-6 col-sm-12 btTextLeft inherit\"  data-width=\"6\"><div class=\"rowItemContent\" ><div class=\"btClear btSeparator bottomSemiSpaced noBorder\" ><hr><\/div><div class=\"btClear btSeparator bottomSmallSpaced noBorder\" ><hr><\/div><header class=\"header btClear medium btDash bottomDash\" ><div class=\"btSuperTitle\">L&#8217;Altra<\/div><div class=\"dash\"><h3><span class=\"headline\">call for proposals<\/span><\/h3><\/div><div class=\"btSubTitle\">If you are a company of people with mental health problems, or family members, or mental health professionals, or friends, or performing arts professionals, or acquaintances, or an individual creator, or all at once, and you have a show, we recommend you sign up for our Newsletter to receive information about new calls. The two basic premises to participate in the Festival are: Performing Arts and Mental Health.<\/div><\/header><div class=\"btClear btSeparator topSemiSpaced noBorder\" ><hr><\/div><div class=\"btClear btSeparator bottomSemiSpaced noBorder\" ><hr><\/div><\/div><\/div><\/div><\/div><\/div><\/div><\/div><\/section><section id=\"bt_section69d735b608d00\" data-parallax=\"0.1\" data-parallax-offset=\"0\" class=\"boldSection topSpaced bottomSemiSpaced btDarkSkin gutter inherit btParallax\" style=\"background-color:#000000;\"><div class=\"port\"><div class=\"boldCell\"><div class=\"boldCellInner\"><div class=\"boldRow \" ><div class=\"boldRowInner\"><div class=\"rowItem col-md-8 col-ms-12 btTextLeft inherit\"  data-width=\"8\"><div class=\"rowItemContent\" ><header class=\"header btClear medium btDash bottomDash\" ><div class=\"btSuperTitle\">How it works<\/div><div class=\"dash\"><h3><span class=\"headline\">call for proposals<\/span><\/h3><\/div><\/header><div class=\"btClear btSeparator bottomSpaced noBorder\" ><hr><\/div><\/div><\/div><div class=\"rowItem col-md-4 col-ms-12 btTextLeft inherit\"  data-width=\"4\"><div class=\"rowItemContent\" ><\/div><\/div><\/div><\/div><div class=\"boldRow \" ><div class=\"boldRowInner\"><div class=\"rowItem col-md-4 col-ms-12 btTextLeft inherit\"  data-width=\"4\"><div class=\"rowItemContent\" ><div class=\"servicesItem  btIcoAccentColorIcon btIcoBigSizeIcon \"><div class=\"sIcon\"><span class=\"btIco btIcoBigSize btIcoDefaultType btIcoAccentColor\"><span  data-ico-s7=\"&#xe643;\" class=\"btIcoHolder\"><\/span><\/span><\/div><div class=\"sTxt\"><header class=\"header btClear small\" ><div class=\"dash\"><h4><span class=\"headline\">01. Calendar<\/span><\/h4><\/div><\/header><p>Every year l&#8217;Altre Festival opens the call during the month of December and closes in the month of January of the following year.<\/p><\/div><\/div><div class=\"btClear btSeparator bottomSemiSpaced noBorder\" ><hr><\/div><\/div><\/div><div class=\"rowItem col-md-4 col-ms-12 btTextLeft inherit\"  data-width=\"4\"><div class=\"rowItemContent\" ><div class=\"servicesItem  btIcoAccentColorIcon btIcoBigSizeIcon \"><div class=\"sIcon\"><span class=\"btIco btIcoBigSize btIcoDefaultType btIcoAccentColor\"><span  data-ico-s7=\"&#xe660;\" class=\"btIcoHolder\"><\/span><\/span><\/div><div class=\"sTxt\"><header class=\"header btClear small\" ><div class=\"dash\"><h4><span class=\"headline\">02. Presentation of proposals<\/span><\/h4><\/div><\/header><p>Both amateur and professional companies have to fill in the respective registration form on this website, according to the modality in which they want to present themselves, during the time of the open call.<\/p><\/div><\/div><div class=\"btClear btSeparator bottomSemiSpaced noBorder\" ><hr><\/div><\/div><\/div><div class=\"rowItem col-md-4 col-ms-12 btTextLeft inherit\"  data-width=\"4\"><div class=\"rowItemContent\" ><div class=\"servicesItem  btIcoAccentColorIcon btIcoBigSizeIcon \"><div class=\"sIcon\"><span class=\"btIco btIcoBigSize btIcoDefaultType btIcoAccentColor\"><span  data-ico-s7=\"&#xe692;\" class=\"btIcoHolder\"><\/span><\/span><\/div><div class=\"sTxt\"><header class=\"header btClear small\" ><div class=\"dash\"><h4><span class=\"headline\">03. Resolution<\/span><\/h4><\/div><\/header><p>Between the months of February and March, the provisional programming is announced. <\/p><\/div><\/div><div class=\"btClear btSeparator bottomSemiSpaced noBorder\" ><hr><\/div><\/div><\/div><\/div><\/div><\/div><\/div><\/div><\/section><section id=\"bt_section69d735b609ea2\"  class=\"boldSection topSpaced bottomSpaced gutter inherit\" ><div class=\"port\"><div class=\"boldCell\"><div class=\"boldCellInner\"><div class=\"boldRow \" ><div class=\"boldRowInner\"><div class=\"rowItem col-md-6 col-sm-12 btTextLeft inherit\"  data-width=\"6\"><div class=\"rowItemContent\" ><header class=\"header btClear extralarge btDash bottomDash\" ><div class=\"btSuperTitle\">L&#8217;Altre<\/div><div class=\"dash\"><h1><span class=\"headline\">FAQ<\/span><\/h1><\/div><div class=\"btSubTitle\">Aqu\u00ed te dejamos las respuestas a las preguntas m\u00e1s frecuentes. <\/div><\/header><div class=\"btClear btSeparator bottomSmallSpaced noBorder\" ><hr><\/div><\/div><\/div><div class=\"rowItem col-md-6 col-sm-12 btTextLeft animate animate-fadein animate-moveup inherit\"  data-width=\"6\"><div class=\"rowItemContent\" ><\/div><\/div><\/div><\/div><div class=\"boldRow \" ><div class=\"boldRowInner\"><div class=\"rowItem col-md-6 col-sm-12 btTextLeft animate animate-fadein animate-moveup inherit\"  data-width=\"6\"><div class=\"rowItemContent\" ><div class=\"btTabs tabsVertical\" data-open-first=\"\"  data-open-one=\"\"><ul class=\"tabsHeader\"><li><span>Para qui\u00e9n va dirigida la convocatoria de l&#8217;Altre Festival?<\/span><\/li><li><span>Me puedo presentar en las dos modalidades?<\/span><\/li><li><span>Cu\u00e1ndo est\u00e1 abierta la convocatoria?<\/span><\/li><li><span>Como presentar mi propuesta?<\/span><\/li><\/ul><div class=\"tabPanes accordionPanes\"><div class=\"tabPane\">\r\n\t\t\t<div class=\"tabAccordionTitle\"><span>Para qui\u00e9n va dirigida la convocatoria de l&#8217;Altre Festival?<\/span><\/div>\r\n\t\t\t<div class=\"tabAccordionContent\">\r\n<p class=\"p1\">L&#8217;Altra convocatoria para compa\u00f1\u00edas aficionadas va dirigida a escoger espect\u00e1culos de teatro, danza, poes\u00eda esc\u00e9nica, circo o cualquier otra disciplina esc\u00e9nica, pensados, creados, interpretados o producidos por personas con problemas de salud mental o compa\u00f1\u00edas vinculadas al mundo de la salud mental,<\/p>\r\n<p class=\"p1\">La convocatoria para compa\u00f1\u00edas profesionales va dirigida a escoger espect\u00e1culos de teatro, danza, poes\u00eda esc\u00e9nica, cabaret, circo, performance o cualquier otra disciplina esc\u00e9nica, que tengan la Salud Mental como tem\u00e1tica principal.<\/p>\r\n<\/div>\r\n\t\t<\/div><div class=\"tabPane\">\r\n\t\t\t<div class=\"tabAccordionTitle\"><span>Me puedo presentar en las dos modalidades?<\/span><\/div>\r\n\t\t\t<div class=\"tabAccordionContent\">\r\n<p class=\"p1\">S\u00ed. La presentaci\u00f3n de una propuesta en esta convocatoria no es excluyente de ser presentada, al mismo tiempo, a la convocatoria de compa\u00f1\u00edas aficionadas o profesionales, bajo criterio de las propias compa\u00f1\u00edas.<\/p>\r\n<\/div>\r\n\t\t<\/div><div class=\"tabPane\">\r\n\t\t\t<div class=\"tabAccordionTitle\"><span>Cu\u00e1ndo est\u00e1 abierta la convocatoria?<\/span><\/div>\r\n\t\t\t<div class=\"tabAccordionContent\">La convocatoria de l&#8217;Altre Festival est\u00e1 abierta habitualmente en el mes de diciembre y enero. La comunicaci\u00f3n de las compa\u00f1\u00edas seleccionadas se publica en el mes de febrero.<\/div>\r\n\t\t<\/div><div class=\"tabPane\">\r\n\t\t\t<div class=\"tabAccordionTitle\"><span>Como presentar mi propuesta?<\/span><\/div>\r\n\t\t\t<div class=\"tabAccordionContent\">\r\n<p class=\"p1\">Para optar a participar en L\u2019Altre Festival, hay que rellenar la ficha de inscripci\u00f3n publicada durante las fechas de la convocatoria.<\/p>\r\n<p class=\"p1\">En caso de las compa\u00f1\u00edas profesionales hay que rellenar la ficha de inscripci\u00f3n y adjuntar un m\u00e1ximo de tres documentos con informaci\u00f3n sobre el espect\u00e1culo (sinopsis, curr\u00edculum de la compa\u00f1\u00eda, ficha t\u00e9cnica, ficha art\u00edstica, im\u00e1genes, etc.) Es obligatorio facilitar un enlace para visionar el espect\u00e1culo entero en l\u00ednea.<\/p>\r\nEn caso de las compa\u00f1\u00edas aficionadas hay que rellenar la ficha de inscripci\u00f3n.<\/div>\r\n\t\t<\/div><\/div><\/div><\/div><\/div><div class=\"rowItem col-md-6 col-sm-12 btTextLeft animate animate-fadein animate-moveup inherit\"  data-width=\"6\"><div class=\"rowItemContent\" ><div class=\"btTabs tabsVertical\" data-open-first=\"\"  data-open-one=\"\"><ul class=\"tabsHeader\"><li><span>Soy una compa\u00f1\u00eda aficionada, que debo tener en cuenta para presentar mi propuesta?<\/span><\/li><li><span>Soy una compa\u00f1\u00eda profesional, que debo tener en cuenta para presentar mi propuesta?<\/span><\/li><\/ul><div class=\"tabPanes accordionPanes\"><div class=\"tabPane\">\r\n\t\t\t<div class=\"tabAccordionTitle\"><span>Soy una compa\u00f1\u00eda aficionada, que debo tener en cuenta para presentar mi propuesta?<\/span><\/div>\r\n\t\t\t<div class=\"tabAccordionContent\">\r\n<p class=\"p1\">La duraci\u00f3n de los espect\u00e1culos ser\u00e1 de m\u00e1ximo 1 hora y deber\u00e1n adecuarse a las caracter\u00edsticas t\u00e9cnicas de la sede de l\u2019Altre Festival. No hay otras restricciones en cuanto a n\u00famero de int\u00e9rpretes, idioma, g\u00e9nero dram\u00e1tico u otros aspectos<\/p>\r\n<\/div>\r\n\t\t<\/div><div class=\"tabPane\">\r\n\t\t\t<div class=\"tabAccordionTitle\"><span>Soy una compa\u00f1\u00eda profesional, que debo tener en cuenta para presentar mi propuesta?<\/span><\/div>\r\n\t\t\t<div class=\"tabAccordionContent\">\r\n<p class=\"p1\">L\u2019Altre Festival no pone ninguna restricci\u00f3n a las caracter\u00edsticas de los espect\u00e1culos (duraci\u00f3n, g\u00e9nero dram\u00e1tico, idioma, etc.), excepto que se adec\u00faen a las caracter\u00edsticas t\u00e9cnicas de la sede del festival.<\/p>\r\n<\/div>\r\n\t\t<\/div><\/div><\/div><\/div><\/div><\/div><\/div><\/div><\/div><\/div><\/section><\/div>","protected":false},"excerpt":{"rendered":"","protected":false},"author":1,"featured_media":0,"parent":0,"menu_order":0,"comment_status":"closed","ping_status":"closed","template":"","meta":{"footnotes":""},"class_list":["post-2472","page","type-page","status-publish","hentry"],"aioseo_notices":[],"_links":{"self":[{"href":"https:\/\/laltrefestival.cat\/en\/wp-json\/wp\/v2\/pages\/2472","targetHints":{"allow":["GET"]}}],"collection":[{"href":"https:\/\/laltrefestival.cat\/en\/wp-json\/wp\/v2\/pages"}],"about":[{"href":"https:\/\/laltrefestival.cat\/en\/wp-json\/wp\/v2\/types\/page"}],"author":[{"embeddable":true,"href":"https:\/\/laltrefestival.cat\/en\/wp-json\/wp\/v2\/users\/1"}],"replies":[{"embeddable":true,"href":"https:\/\/laltrefestival.cat\/en\/wp-json\/wp\/v2\/comments?post=2472"}],"version-history":[{"count":2,"href":"https:\/\/laltrefestival.cat\/en\/wp-json\/wp\/v2\/pages\/2472\/revisions"}],"predecessor-version":[{"id":2475,"href":"https:\/\/laltrefestival.cat\/en\/wp-json\/wp\/v2\/pages\/2472\/revisions\/2475"}],"wp:attachment":[{"href":"https:\/\/laltrefestival.cat\/en\/wp-json\/wp\/v2\/media?parent=2472"}],"curies":[{"name":"wp","href":"https:\/\/api.w.org\/{rel}","templated":true}]}}